{"id":4967,"date":"2026-02-25T16:35:11","date_gmt":"2026-02-25T15:35:11","guid":{"rendered":"https:\/\/guessousmajdamaria.hu\/en-news-2025-10-03-budapest\/"},"modified":"2026-02-25T16:35:11","modified_gmt":"2026-02-25T15:35:11","slug":"en-news-2025-10-03-budapest","status":"publish","type":"page","link":"https:\/\/guessousmajdamaria.hu\/tr\/en-news-2025-10-03-budapest\/","title":{"rendered":"2025.10.03. Budapest"},"content":{"rendered":"<p style=\"text-align: center;\">Music workshop titled &#8220;Our Wings&#8221; under the MUS-E program at Eotvos10!<\/p>\n","protected":false},"excerpt":{"rendered":"Music workshop titled &#8220;Our Wings&#8221; under the MUS-E program at Eotvos10!","protected":false},"author":2,"featured_media":0,"parent":0,"menu_order":0,"comment_status":"closed","ping_status":"closed","template":"","meta":{"_acf_changed":false,"footnotes":""},"class_list":["post-4967","page","type-page","status-publish","hentry"],"acf":[],"yoast_head":"<!-- This site is optimized with the Yoast SEO Premium plugin v27.4 (Yoast SEO v27.4) - https:\/\/yoast.com\/product\/yoast-seo-premium-wordpress\/ -->\n<title>2025.10.03. Budapest - (Magyar) Guessous Majda M\u00e1ria - n\u00e9pi \u00e9nek el\u0151ad\u00f3m\u0171v\u00e9sz<\/title>\n<meta name=\"robots\" content=\"index, follow, max-snippet:-1, max-image-preview:large, max-video-preview:-1\" \/>\n<link rel=\"canonical\" href=\"https:\/\/guessousmajdamaria.hu\/en-news-2025-10-03-budapest\/\" \/>\n<meta property=\"og:locale\" content=\"tr_TR\" \/>\n<meta property=\"og:type\" content=\"article\" \/>\n<meta property=\"og:title\" content=\"2025.10.03. Budapest - (Magyar) Guessous Majda M\u00e1ria - n\u00e9pi \u00e9nek el\u0151ad\u00f3m\u0171v\u00e9sz\" \/>\n<meta property=\"og:description\" content=\"Music workshop titled &#8220;Our Wings&#8221; under the MUS-E program at Eotvos10!\" \/>\n<meta property=\"og:url\" content=\"https:\/\/guessousmajdamaria.hu\/en-news-2025-10-03-budapest\/\" \/>\n<meta property=\"og:site_name\" content=\"(Magyar) Guessous Majda M\u00e1ria - n\u00e9pi \u00e9nek el\u0151ad\u00f3m\u0171v\u00e9sz\" \/>\n<meta name=\"twitter:card\" content=\"summary_large_image\" \/>\n<script type=\"application\/ld+json\" class=\"yoast-schema-graph\">{\"@context\":\"https:\\\/\\\/schema.org\",\"@graph\":[{\"@type\":\"WebPage\",\"@id\":\"https:\\\/\\\/guessousmajdamaria.hu\\\/en-news-2025-10-03-budapest\\\/\",\"url\":\"https:\\\/\\\/guessousmajdamaria.hu\\\/en-news-2025-10-03-budapest\\\/\",\"name\":\"2025.10.03. Budapest - (Magyar) Guessous Majda M\u00e1ria - n\u00e9pi \u00e9nek el\u0151ad\u00f3m\u0171v\u00e9sz\",\"isPartOf\":{\"@id\":\"https:\\\/\\\/guessousmajdamaria.hu\\\/#website\"},\"datePublished\":\"2026-02-25T15:35:11+00:00\",\"inLanguage\":\"tr\",\"potentialAction\":[{\"@type\":\"ReadAction\",\"target\":[\"https:\\\/\\\/guessousmajdamaria.hu\\\/en-news-2025-10-03-budapest\\\/\"]}]},{\"@type\":\"WebSite\",\"@id\":\"https:\\\/\\\/guessousmajdamaria.hu\\\/#website\",\"url\":\"https:\\\/\\\/guessousmajdamaria.hu\\\/\",\"name\":\"(Magyar) Guessous Majda M\u00e1ria - n\u00e9pi \u00e9nek el\u0151ad\u00f3m\u0171v\u00e9sz\",\"description\":\"(Magyar) n\u00e9pi \u00e9nek el\u0151ad\u00f3m\u0171v\u00e9sz\",\"potentialAction\":[{\"@type\":\"SearchAction\",\"target\":{\"@type\":\"EntryPoint\",\"urlTemplate\":\"https:\\\/\\\/guessousmajdamaria.hu\\\/?s={search_term_string}\"},\"query-input\":{\"@type\":\"PropertyValueSpecification\",\"valueRequired\":true,\"valueName\":\"search_term_string\"}}],\"inLanguage\":\"tr\"}]}<\/script>\n<!-- \/ Yoast SEO Premium plugin. -->","yoast_head_json":{"title":"2025.10.03. Budapest - (Magyar) Guessous Majda M\u00e1ria - n\u00e9pi \u00e9nek el\u0151ad\u00f3m\u0171v\u00e9sz","robots":{"index":"index","follow":"follow","max-snippet":"max-snippet:-1","max-image-preview":"max-image-preview:large","max-video-preview":"max-video-preview:-1"},"canonical":"https:\/\/guessousmajdamaria.hu\/en-news-2025-10-03-budapest\/","og_locale":"tr_TR","og_type":"article","og_title":"2025.10.03. Budapest - (Magyar) Guessous Majda M\u00e1ria - n\u00e9pi \u00e9nek el\u0151ad\u00f3m\u0171v\u00e9sz","og_description":"Music workshop titled &#8220;Our Wings&#8221; under the MUS-E program at Eotvos10!","og_url":"https:\/\/guessousmajdamaria.hu\/en-news-2025-10-03-budapest\/","og_site_name":"(Magyar) Guessous Majda M\u00e1ria - n\u00e9pi \u00e9nek el\u0151ad\u00f3m\u0171v\u00e9sz","twitter_card":"summary_large_image","schema":{"@context":"https:\/\/schema.org","@graph":[{"@type":"WebPage","@id":"https:\/\/guessousmajdamaria.hu\/en-news-2025-10-03-budapest\/","url":"https:\/\/guessousmajdamaria.hu\/en-news-2025-10-03-budapest\/","name":"2025.10.03. Budapest - (Magyar) Guessous Majda M\u00e1ria - n\u00e9pi \u00e9nek el\u0151ad\u00f3m\u0171v\u00e9sz","isPartOf":{"@id":"https:\/\/guessousmajdamaria.hu\/#website"},"datePublished":"2026-02-25T15:35:11+00:00","inLanguage":"tr","potentialAction":[{"@type":"ReadAction","target":["https:\/\/guessousmajdamaria.hu\/en-news-2025-10-03-budapest\/"]}]},{"@type":"WebSite","@id":"https:\/\/guessousmajdamaria.hu\/#website","url":"https:\/\/guessousmajdamaria.hu\/","name":"(Magyar) Guessous Majda M\u00e1ria - n\u00e9pi \u00e9nek el\u0151ad\u00f3m\u0171v\u00e9sz","description":"(Magyar) n\u00e9pi \u00e9nek el\u0151ad\u00f3m\u0171v\u00e9sz","potentialAction":[{"@type":"SearchAction","target":{"@type":"EntryPoint","urlTemplate":"https:\/\/guessousmajdamaria.hu\/?s={search_term_string}"},"query-input":{"@type":"PropertyValueSpecification","valueRequired":true,"valueName":"search_term_string"}}],"inLanguage":"tr"}]}},"_links":{"self":[{"href":"https:\/\/guessousmajdamaria.hu\/tr\/wp-json\/wp\/v2\/pages\/4967","targetHints":{"allow":["GET"]}}],"collection":[{"href":"https:\/\/guessousmajdamaria.hu\/tr\/wp-json\/wp\/v2\/pages"}],"about":[{"href":"https:\/\/guessousmajdamaria.hu\/tr\/wp-json\/wp\/v2\/types\/page"}],"author":[{"embeddable":true,"href":"https:\/\/guessousmajdamaria.hu\/tr\/wp-json\/wp\/v2\/users\/2"}],"replies":[{"embeddable":true,"href":"https:\/\/guessousmajdamaria.hu\/tr\/wp-json\/wp\/v2\/comments?post=4967"}],"version-history":[{"count":0,"href":"https:\/\/guessousmajdamaria.hu\/tr\/wp-json\/wp\/v2\/pages\/4967\/revisions"}],"wp:attachment":[{"href":"https:\/\/guessousmajdamaria.hu\/tr\/wp-json\/wp\/v2\/media?parent=4967"}],"curies":[{"name":"wp","href":"https:\/\/api.w.org\/{rel}","templated":true}]}}