{"id":4952,"date":"2026-02-25T09:53:51","date_gmt":"2026-02-25T08:53:51","guid":{"rendered":"https:\/\/guessousmajdamaria.hu\/en-meshinda-2016\/"},"modified":"2026-02-25T09:53:51","modified_gmt":"2026-02-25T08:53:51","slug":"en-meshinda-2016","status":"publish","type":"page","link":"https:\/\/guessousmajdamaria.hu\/tr\/en-meshinda-2016\/","title":{"rendered":"Meshinda &#8211; Flowing Bosphorus (2016)"},"content":{"rendered":"<p>The ensemble was founded in 2013; its two founding members, vocalist Guessous Majda Maria and sitar artist Toth Szabolcs, first met within the walls of the Music Academy. Two more musicians enrich the ensemble&#8217;s musical world with beautiful authentic folk instruments: Barvich Ivan and Boros Gerzson David.<\/p>\n<p>Like Mesi, all members of the ensemble have a special connection to the cultural scene outside Hungary. Sitar artist Toth Szabi, as a multi-award-winning composer, also contributes to the group.<\/p>\n<p>Meshinda offers a unique musical experience blending Hungarian, Turkish, Indian, and Moroccan folk music traditions. The album, inspired by the flowing currents of the Bosphorus in Istanbul, symbolizes the musical meeting of different cultures.<\/p>\n","protected":false},"excerpt":{"rendered":"The ensemble was founded in 2013; its two founding members, vocalist Guessous Majda Maria and sitar artist Toth Szabolcs, first met within the walls of the Music Academy. Two more musicians enrich the ensemble&#8217;s musical world with beautiful authentic folk instruments: Barvich Ivan and Boros Gerzson David. Like Mesi, all members of the ensemble have&hellip;","protected":false},"author":2,"featured_media":0,"parent":0,"menu_order":0,"comment_status":"closed","ping_status":"closed","template":"","meta":{"_acf_changed":false,"footnotes":""},"class_list":["post-4952","page","type-page","status-publish","hentry"],"acf":[],"yoast_head":"<!-- This site is optimized with the Yoast SEO Premium plugin v27.4 (Yoast SEO v27.4) - https:\/\/yoast.com\/product\/yoast-seo-premium-wordpress\/ -->\n<title>Meshinda - Flowing Bosphorus (2016) - (Magyar) Guessous Majda M\u00e1ria - n\u00e9pi \u00e9nek el\u0151ad\u00f3m\u0171v\u00e9sz<\/title>\n<meta name=\"robots\" content=\"index, follow, max-snippet:-1, max-image-preview:large, max-video-preview:-1\" \/>\n<link rel=\"canonical\" href=\"https:\/\/guessousmajdamaria.hu\/en-meshinda-2016\/\" \/>\n<meta property=\"og:locale\" content=\"tr_TR\" \/>\n<meta property=\"og:type\" content=\"article\" \/>\n<meta property=\"og:title\" content=\"Meshinda - Flowing Bosphorus (2016) - (Magyar) Guessous Majda M\u00e1ria - n\u00e9pi \u00e9nek el\u0151ad\u00f3m\u0171v\u00e9sz\" \/>\n<meta property=\"og:description\" content=\"The ensemble was founded in 2013; its two founding members, vocalist Guessous Majda Maria and sitar artist Toth Szabolcs, first met within the walls of the Music Academy. Two more musicians enrich the ensemble&#8217;s musical world with beautiful authentic folk instruments: Barvich Ivan and Boros Gerzson David. Like Mesi, all members of the ensemble have&hellip;\" \/>\n<meta property=\"og:url\" content=\"https:\/\/guessousmajdamaria.hu\/en-meshinda-2016\/\" \/>\n<meta property=\"og:site_name\" content=\"(Magyar) Guessous Majda M\u00e1ria - n\u00e9pi \u00e9nek el\u0151ad\u00f3m\u0171v\u00e9sz\" \/>\n<meta name=\"twitter:card\" content=\"summary_large_image\" \/>\n<meta name=\"twitter:label1\" content=\"Tahmini okuma s\u00fcresi\" \/>\n\t<meta name=\"twitter:data1\" content=\"1 dakika\" \/>\n<script type=\"application\/ld+json\" class=\"yoast-schema-graph\">{\"@context\":\"https:\\\/\\\/schema.org\",\"@graph\":[{\"@type\":\"WebPage\",\"@id\":\"https:\\\/\\\/guessousmajdamaria.hu\\\/en-meshinda-2016\\\/\",\"url\":\"https:\\\/\\\/guessousmajdamaria.hu\\\/en-meshinda-2016\\\/\",\"name\":\"Meshinda - Flowing Bosphorus (2016) - (Magyar) Guessous Majda M\u00e1ria - n\u00e9pi \u00e9nek el\u0151ad\u00f3m\u0171v\u00e9sz\",\"isPartOf\":{\"@id\":\"https:\\\/\\\/guessousmajdamaria.hu\\\/#website\"},\"datePublished\":\"2026-02-25T08:53:51+00:00\",\"inLanguage\":\"tr\",\"potentialAction\":[{\"@type\":\"ReadAction\",\"target\":[\"https:\\\/\\\/guessousmajdamaria.hu\\\/en-meshinda-2016\\\/\"]}]},{\"@type\":\"WebSite\",\"@id\":\"https:\\\/\\\/guessousmajdamaria.hu\\\/#website\",\"url\":\"https:\\\/\\\/guessousmajdamaria.hu\\\/\",\"name\":\"(Magyar) Guessous Majda M\u00e1ria - n\u00e9pi \u00e9nek el\u0151ad\u00f3m\u0171v\u00e9sz\",\"description\":\"(Magyar) n\u00e9pi \u00e9nek el\u0151ad\u00f3m\u0171v\u00e9sz\",\"potentialAction\":[{\"@type\":\"SearchAction\",\"target\":{\"@type\":\"EntryPoint\",\"urlTemplate\":\"https:\\\/\\\/guessousmajdamaria.hu\\\/?s={search_term_string}\"},\"query-input\":{\"@type\":\"PropertyValueSpecification\",\"valueRequired\":true,\"valueName\":\"search_term_string\"}}],\"inLanguage\":\"tr\"}]}<\/script>\n<!-- \/ Yoast SEO Premium plugin. -->","yoast_head_json":{"title":"Meshinda - Flowing Bosphorus (2016) - (Magyar) Guessous Majda M\u00e1ria - n\u00e9pi \u00e9nek el\u0151ad\u00f3m\u0171v\u00e9sz","robots":{"index":"index","follow":"follow","max-snippet":"max-snippet:-1","max-image-preview":"max-image-preview:large","max-video-preview":"max-video-preview:-1"},"canonical":"https:\/\/guessousmajdamaria.hu\/en-meshinda-2016\/","og_locale":"tr_TR","og_type":"article","og_title":"Meshinda - Flowing Bosphorus (2016) - (Magyar) Guessous Majda M\u00e1ria - n\u00e9pi \u00e9nek el\u0151ad\u00f3m\u0171v\u00e9sz","og_description":"The ensemble was founded in 2013; its two founding members, vocalist Guessous Majda Maria and sitar artist Toth Szabolcs, first met within the walls of the Music Academy. Two more musicians enrich the ensemble&#8217;s musical world with beautiful authentic folk instruments: Barvich Ivan and Boros Gerzson David. Like Mesi, all members of the ensemble have&hellip;","og_url":"https:\/\/guessousmajdamaria.hu\/en-meshinda-2016\/","og_site_name":"(Magyar) Guessous Majda M\u00e1ria - n\u00e9pi \u00e9nek el\u0151ad\u00f3m\u0171v\u00e9sz","twitter_card":"summary_large_image","twitter_misc":{"Tahmini okuma s\u00fcresi":"1 dakika"},"schema":{"@context":"https:\/\/schema.org","@graph":[{"@type":"WebPage","@id":"https:\/\/guessousmajdamaria.hu\/en-meshinda-2016\/","url":"https:\/\/guessousmajdamaria.hu\/en-meshinda-2016\/","name":"Meshinda - Flowing Bosphorus (2016) - (Magyar) Guessous Majda M\u00e1ria - n\u00e9pi \u00e9nek el\u0151ad\u00f3m\u0171v\u00e9sz","isPartOf":{"@id":"https:\/\/guessousmajdamaria.hu\/#website"},"datePublished":"2026-02-25T08:53:51+00:00","inLanguage":"tr","potentialAction":[{"@type":"ReadAction","target":["https:\/\/guessousmajdamaria.hu\/en-meshinda-2016\/"]}]},{"@type":"WebSite","@id":"https:\/\/guessousmajdamaria.hu\/#website","url":"https:\/\/guessousmajdamaria.hu\/","name":"(Magyar) Guessous Majda M\u00e1ria - n\u00e9pi \u00e9nek el\u0151ad\u00f3m\u0171v\u00e9sz","description":"(Magyar) n\u00e9pi \u00e9nek el\u0151ad\u00f3m\u0171v\u00e9sz","potentialAction":[{"@type":"SearchAction","target":{"@type":"EntryPoint","urlTemplate":"https:\/\/guessousmajdamaria.hu\/?s={search_term_string}"},"query-input":{"@type":"PropertyValueSpecification","valueRequired":true,"valueName":"search_term_string"}}],"inLanguage":"tr"}]}},"_links":{"self":[{"href":"https:\/\/guessousmajdamaria.hu\/tr\/wp-json\/wp\/v2\/pages\/4952","targetHints":{"allow":["GET"]}}],"collection":[{"href":"https:\/\/guessousmajdamaria.hu\/tr\/wp-json\/wp\/v2\/pages"}],"about":[{"href":"https:\/\/guessousmajdamaria.hu\/tr\/wp-json\/wp\/v2\/types\/page"}],"author":[{"embeddable":true,"href":"https:\/\/guessousmajdamaria.hu\/tr\/wp-json\/wp\/v2\/users\/2"}],"replies":[{"embeddable":true,"href":"https:\/\/guessousmajdamaria.hu\/tr\/wp-json\/wp\/v2\/comments?post=4952"}],"version-history":[{"count":0,"href":"https:\/\/guessousmajdamaria.hu\/tr\/wp-json\/wp\/v2\/pages\/4952\/revisions"}],"wp:attachment":[{"href":"https:\/\/guessousmajdamaria.hu\/tr\/wp-json\/wp\/v2\/media?parent=4952"}],"curies":[{"name":"wp","href":"https:\/\/api.w.org\/{rel}","templated":true}]}}