{"id":4951,"date":"2026-02-25T09:53:50","date_gmt":"2026-02-25T08:53:50","guid":{"rendered":"https:\/\/guessousmajdamaria.hu\/en-atvaltozas-2020\/"},"modified":"2026-02-25T09:53:50","modified_gmt":"2026-02-25T08:53:50","slug":"en-atvaltozas-2020","status":"publish","type":"page","link":"https:\/\/guessousmajdamaria.hu\/tr\/en-atvaltozas-2020\/","title":{"rendered":"Metamorphosis (2020)"},"content":{"rendered":"<p>Mesi&#8217;s fourth album was released in the winter of 2020 under the Tom-Tom Records label, titled &#8220;Metamorphosis &#8211; Songs &amp; Destinies&#8221;.<\/p>\n<p>The album is the result of an innovative artistic-social initiative that transforms the stories of disadvantaged people into songs from the perspective of positive change.<\/p>\n<p>To purchase the album, <a href=\"https:\/\/guessousmajdamaria.hu\/vasarlas\/\">click here!<\/a><\/p>\n<p>The valuable inner thoughts of children and adults living in marginal situations but with a positive outlook on life become music through the interpretation of Mesi and her fellow musicians. Various social institutions joined the initiative.<\/p>\n<p>The album&#8217;s concept was also presented at Mesi&#8217;s closing presentation at TEDxYouth@Budapest.<\/p>\n","protected":false},"excerpt":{"rendered":"Mesi&#8217;s fourth album was released in the winter of 2020 under the Tom-Tom Records label, titled &#8220;Metamorphosis &#8211; Songs &amp; Destinies&#8221;. The album is the result of an innovative artistic-social initiative that transforms the stories of disadvantaged people into songs from the perspective of positive change. To purchase the album, click here! The valuable inner&hellip;","protected":false},"author":2,"featured_media":0,"parent":0,"menu_order":0,"comment_status":"closed","ping_status":"closed","template":"","meta":{"_acf_changed":false,"footnotes":""},"class_list":["post-4951","page","type-page","status-publish","hentry"],"acf":[],"yoast_head":"<!-- This site is optimized with the Yoast SEO Premium plugin v27.3 (Yoast SEO v27.3) - https:\/\/yoast.com\/product\/yoast-seo-premium-wordpress\/ -->\n<title>Metamorphosis (2020) - (Magyar) Guessous Majda M\u00e1ria - n\u00e9pi \u00e9nek el\u0151ad\u00f3m\u0171v\u00e9sz<\/title>\n<meta name=\"robots\" content=\"index, follow, max-snippet:-1, max-image-preview:large, max-video-preview:-1\" \/>\n<link rel=\"canonical\" href=\"https:\/\/guessousmajdamaria.hu\/en-atvaltozas-2020\/\" \/>\n<meta property=\"og:locale\" content=\"tr_TR\" \/>\n<meta property=\"og:type\" content=\"article\" \/>\n<meta property=\"og:title\" content=\"Metamorphosis (2020) - (Magyar) Guessous Majda M\u00e1ria - n\u00e9pi \u00e9nek el\u0151ad\u00f3m\u0171v\u00e9sz\" \/>\n<meta property=\"og:description\" content=\"Mesi&#8217;s fourth album was released in the winter of 2020 under the Tom-Tom Records label, titled &#8220;Metamorphosis &#8211; Songs &amp; Destinies&#8221;. The album is the result of an innovative artistic-social initiative that transforms the stories of disadvantaged people into songs from the perspective of positive change. To purchase the album, click here! The valuable inner&hellip;\" \/>\n<meta property=\"og:url\" content=\"https:\/\/guessousmajdamaria.hu\/en-atvaltozas-2020\/\" \/>\n<meta property=\"og:site_name\" content=\"(Magyar) Guessous Majda M\u00e1ria - n\u00e9pi \u00e9nek el\u0151ad\u00f3m\u0171v\u00e9sz\" \/>\n<meta name=\"twitter:card\" content=\"summary_large_image\" \/>\n<meta name=\"twitter:label1\" content=\"Tahmini okuma s\u00fcresi\" \/>\n\t<meta name=\"twitter:data1\" content=\"1 dakika\" \/>\n<script type=\"application\/ld+json\" class=\"yoast-schema-graph\">{\"@context\":\"https:\\\/\\\/schema.org\",\"@graph\":[{\"@type\":\"WebPage\",\"@id\":\"https:\\\/\\\/guessousmajdamaria.hu\\\/en-atvaltozas-2020\\\/\",\"url\":\"https:\\\/\\\/guessousmajdamaria.hu\\\/en-atvaltozas-2020\\\/\",\"name\":\"Metamorphosis (2020) - (Magyar) Guessous Majda M\u00e1ria - n\u00e9pi \u00e9nek el\u0151ad\u00f3m\u0171v\u00e9sz\",\"isPartOf\":{\"@id\":\"https:\\\/\\\/guessousmajdamaria.hu\\\/#website\"},\"datePublished\":\"2026-02-25T08:53:50+00:00\",\"inLanguage\":\"tr\",\"potentialAction\":[{\"@type\":\"ReadAction\",\"target\":[\"https:\\\/\\\/guessousmajdamaria.hu\\\/en-atvaltozas-2020\\\/\"]}]},{\"@type\":\"WebSite\",\"@id\":\"https:\\\/\\\/guessousmajdamaria.hu\\\/#website\",\"url\":\"https:\\\/\\\/guessousmajdamaria.hu\\\/\",\"name\":\"(Magyar) Guessous Majda M\u00e1ria - n\u00e9pi \u00e9nek el\u0151ad\u00f3m\u0171v\u00e9sz\",\"description\":\"(Magyar) n\u00e9pi \u00e9nek el\u0151ad\u00f3m\u0171v\u00e9sz\",\"potentialAction\":[{\"@type\":\"SearchAction\",\"target\":{\"@type\":\"EntryPoint\",\"urlTemplate\":\"https:\\\/\\\/guessousmajdamaria.hu\\\/?s={search_term_string}\"},\"query-input\":{\"@type\":\"PropertyValueSpecification\",\"valueRequired\":true,\"valueName\":\"search_term_string\"}}],\"inLanguage\":\"tr\"}]}<\/script>\n<!-- \/ Yoast SEO Premium plugin. -->","yoast_head_json":{"title":"Metamorphosis (2020) - (Magyar) Guessous Majda M\u00e1ria - n\u00e9pi \u00e9nek el\u0151ad\u00f3m\u0171v\u00e9sz","robots":{"index":"index","follow":"follow","max-snippet":"max-snippet:-1","max-image-preview":"max-image-preview:large","max-video-preview":"max-video-preview:-1"},"canonical":"https:\/\/guessousmajdamaria.hu\/en-atvaltozas-2020\/","og_locale":"tr_TR","og_type":"article","og_title":"Metamorphosis (2020) - (Magyar) Guessous Majda M\u00e1ria - n\u00e9pi \u00e9nek el\u0151ad\u00f3m\u0171v\u00e9sz","og_description":"Mesi&#8217;s fourth album was released in the winter of 2020 under the Tom-Tom Records label, titled &#8220;Metamorphosis &#8211; Songs &amp; Destinies&#8221;. The album is the result of an innovative artistic-social initiative that transforms the stories of disadvantaged people into songs from the perspective of positive change. To purchase the album, click here! The valuable inner&hellip;","og_url":"https:\/\/guessousmajdamaria.hu\/en-atvaltozas-2020\/","og_site_name":"(Magyar) Guessous Majda M\u00e1ria - n\u00e9pi \u00e9nek el\u0151ad\u00f3m\u0171v\u00e9sz","twitter_card":"summary_large_image","twitter_misc":{"Tahmini okuma s\u00fcresi":"1 dakika"},"schema":{"@context":"https:\/\/schema.org","@graph":[{"@type":"WebPage","@id":"https:\/\/guessousmajdamaria.hu\/en-atvaltozas-2020\/","url":"https:\/\/guessousmajdamaria.hu\/en-atvaltozas-2020\/","name":"Metamorphosis (2020) - (Magyar) Guessous Majda M\u00e1ria - n\u00e9pi \u00e9nek el\u0151ad\u00f3m\u0171v\u00e9sz","isPartOf":{"@id":"https:\/\/guessousmajdamaria.hu\/#website"},"datePublished":"2026-02-25T08:53:50+00:00","inLanguage":"tr","potentialAction":[{"@type":"ReadAction","target":["https:\/\/guessousmajdamaria.hu\/en-atvaltozas-2020\/"]}]},{"@type":"WebSite","@id":"https:\/\/guessousmajdamaria.hu\/#website","url":"https:\/\/guessousmajdamaria.hu\/","name":"(Magyar) Guessous Majda M\u00e1ria - n\u00e9pi \u00e9nek el\u0151ad\u00f3m\u0171v\u00e9sz","description":"(Magyar) n\u00e9pi \u00e9nek el\u0151ad\u00f3m\u0171v\u00e9sz","potentialAction":[{"@type":"SearchAction","target":{"@type":"EntryPoint","urlTemplate":"https:\/\/guessousmajdamaria.hu\/?s={search_term_string}"},"query-input":{"@type":"PropertyValueSpecification","valueRequired":true,"valueName":"search_term_string"}}],"inLanguage":"tr"}]}},"_links":{"self":[{"href":"https:\/\/guessousmajdamaria.hu\/tr\/wp-json\/wp\/v2\/pages\/4951","targetHints":{"allow":["GET"]}}],"collection":[{"href":"https:\/\/guessousmajdamaria.hu\/tr\/wp-json\/wp\/v2\/pages"}],"about":[{"href":"https:\/\/guessousmajdamaria.hu\/tr\/wp-json\/wp\/v2\/types\/page"}],"author":[{"embeddable":true,"href":"https:\/\/guessousmajdamaria.hu\/tr\/wp-json\/wp\/v2\/users\/2"}],"replies":[{"embeddable":true,"href":"https:\/\/guessousmajdamaria.hu\/tr\/wp-json\/wp\/v2\/comments?post=4951"}],"version-history":[{"count":0,"href":"https:\/\/guessousmajdamaria.hu\/tr\/wp-json\/wp\/v2\/pages\/4951\/revisions"}],"wp:attachment":[{"href":"https:\/\/guessousmajdamaria.hu\/tr\/wp-json\/wp\/v2\/media?parent=4951"}],"curies":[{"name":"wp","href":"https:\/\/api.w.org\/{rel}","templated":true}]}}