{"id":4895,"date":"2026-02-24T20:25:51","date_gmt":"2026-02-24T19:25:51","guid":{"rendered":"https:\/\/guessousmajdamaria.hu\/tr-szivarvanyhid-2011\/"},"modified":"2026-02-24T20:25:51","modified_gmt":"2026-02-24T19:25:51","slug":"tr-szivarvanyhid-2011","status":"publish","type":"page","link":"https:\/\/guessousmajdamaria.hu\/tr\/tr-szivarvanyhid-2011\/","title":{"rendered":"G\u00f6kku\u015fa\u011f\u0131 K\u00f6pr\u00fcs\u00fc \u2013 Sziv\u00e1rv\u00e1nyh\u00edd (2011)"},"content":{"rendered":"<p>&#8220;2011 y\u0131l\u0131n\u0131n Kas\u0131m ay\u0131nda ilk alb\u00fcm\u00fcm yay\u0131mland\u0131; bu alb\u00fcmle sevgili dinleyicimi i\u00e7sel bir yolculu\u011fa davet ediyorum. Bir \u015fark\u0131 \u00e7ocu\u011fu uyutur, ard\u0131ndan bu \u00e7ocuk b\u00fcy\u00fcr, e\u015fini arar, a\u015f\u0131k olur, evlenir, ruhen olgunla\u015f\u0131r ve Yarat\u0131c\u0131s\u0131na kavu\u015fur.<\/p>\n<p>Heyecan verici halk m\u00fczi\u011fi yolculu\u011fumuzda Macar ve T\u00fcrk t\u00fcrk\u00fcleri aras\u0131ndaki m\u00fczikal ve i\u00e7eriksel paralellikleri ke\u015ffedebiliriz. Alb\u00fcmde ayr\u0131ca Fas halk m\u00fczi\u011fi de yer al\u0131yor; bu, kalbimde a\u00e7\u0131lmay\u0131 bekleyen bir tomurcuk\u2026&#8221;<br \/>\n(Guessous Mesi)<\/p>\n<p>Alb\u00fcm, Macar, T\u00fcrk ve Fas halk m\u00fczi\u011fini harmanlayarak k\u00fclt\u00fcrler aras\u0131 bir k\u00f6pr\u00fc kuruyor. Dinleyiciyi be\u015fikten ba\u015flay\u0131p Yarat\u0131c\u0131&#8217;ya kavu\u015fmaya kadar uzanan ruhani bir yolculu\u011fa \u00e7\u0131kar\u0131yor.<\/p>\n<p><strong>M\u00fczisyenler:<\/strong> Guessous Majda M\u00e1ria (vokal, saz, kobuz), Barvich Iv\u00e1n (kaval, tambura), Boros Gerzson D\u00e1vid (darbuka, doromb, bendir)<\/p>\n","protected":false},"excerpt":{"rendered":"&#8220;2011 y\u0131l\u0131n\u0131n Kas\u0131m ay\u0131nda ilk alb\u00fcm\u00fcm yay\u0131mland\u0131; bu alb\u00fcmle sevgili dinleyicimi i\u00e7sel bir yolculu\u011fa davet ediyorum. Bir \u015fark\u0131 \u00e7ocu\u011fu uyutur, ard\u0131ndan bu \u00e7ocuk b\u00fcy\u00fcr, e\u015fini arar, a\u015f\u0131k olur, evlenir, ruhen olgunla\u015f\u0131r ve Yarat\u0131c\u0131s\u0131na kavu\u015fur. Heyecan verici halk m\u00fczi\u011fi yolculu\u011fumuzda Macar ve T\u00fcrk t\u00fcrk\u00fcleri aras\u0131ndaki m\u00fczikal ve i\u00e7eriksel paralellikleri ke\u015ffedebiliriz. Alb\u00fcmde ayr\u0131ca Fas halk m\u00fczi\u011fi de&hellip;","protected":false},"author":2,"featured_media":0,"parent":0,"menu_order":0,"comment_status":"closed","ping_status":"closed","template":"","meta":{"_acf_changed":false,"footnotes":""},"class_list":["post-4895","page","type-page","status-publish","hentry"],"acf":[],"yoast_head":"<!-- This site is optimized with the Yoast SEO Premium plugin v27.4 (Yoast SEO v27.4) - https:\/\/yoast.com\/product\/yoast-seo-premium-wordpress\/ -->\n<title>G\u00f6kku\u015fa\u011f\u0131 K\u00f6pr\u00fcs\u00fc \u2013 Sziv\u00e1rv\u00e1nyh\u00edd (2011) - (Magyar) Guessous Majda M\u00e1ria - n\u00e9pi \u00e9nek el\u0151ad\u00f3m\u0171v\u00e9sz<\/title>\n<meta name=\"robots\" content=\"index, follow, max-snippet:-1, max-image-preview:large, max-video-preview:-1\" \/>\n<link rel=\"canonical\" href=\"https:\/\/guessousmajdamaria.hu\/tr-szivarvanyhid-2011\/\" \/>\n<meta property=\"og:locale\" content=\"tr_TR\" \/>\n<meta property=\"og:type\" content=\"article\" \/>\n<meta property=\"og:title\" content=\"G\u00f6kku\u015fa\u011f\u0131 K\u00f6pr\u00fcs\u00fc \u2013 Sziv\u00e1rv\u00e1nyh\u00edd (2011) - (Magyar) Guessous Majda M\u00e1ria - n\u00e9pi \u00e9nek el\u0151ad\u00f3m\u0171v\u00e9sz\" \/>\n<meta property=\"og:description\" content=\"&#8220;2011 y\u0131l\u0131n\u0131n Kas\u0131m ay\u0131nda ilk alb\u00fcm\u00fcm yay\u0131mland\u0131; bu alb\u00fcmle sevgili dinleyicimi i\u00e7sel bir yolculu\u011fa davet ediyorum. Bir \u015fark\u0131 \u00e7ocu\u011fu uyutur, ard\u0131ndan bu \u00e7ocuk b\u00fcy\u00fcr, e\u015fini arar, a\u015f\u0131k olur, evlenir, ruhen olgunla\u015f\u0131r ve Yarat\u0131c\u0131s\u0131na kavu\u015fur. Heyecan verici halk m\u00fczi\u011fi yolculu\u011fumuzda Macar ve T\u00fcrk t\u00fcrk\u00fcleri aras\u0131ndaki m\u00fczikal ve i\u00e7eriksel paralellikleri ke\u015ffedebiliriz. Alb\u00fcmde ayr\u0131ca Fas halk m\u00fczi\u011fi de&hellip;\" \/>\n<meta property=\"og:url\" content=\"https:\/\/guessousmajdamaria.hu\/tr-szivarvanyhid-2011\/\" \/>\n<meta property=\"og:site_name\" content=\"(Magyar) Guessous Majda M\u00e1ria - n\u00e9pi \u00e9nek el\u0151ad\u00f3m\u0171v\u00e9sz\" \/>\n<meta name=\"twitter:card\" content=\"summary_large_image\" \/>\n<meta name=\"twitter:label1\" content=\"Tahmini okuma s\u00fcresi\" \/>\n\t<meta name=\"twitter:data1\" content=\"1 dakika\" \/>\n<script type=\"application\/ld+json\" class=\"yoast-schema-graph\">{\"@context\":\"https:\\\/\\\/schema.org\",\"@graph\":[{\"@type\":\"WebPage\",\"@id\":\"https:\\\/\\\/guessousmajdamaria.hu\\\/tr-szivarvanyhid-2011\\\/\",\"url\":\"https:\\\/\\\/guessousmajdamaria.hu\\\/tr-szivarvanyhid-2011\\\/\",\"name\":\"G\u00f6kku\u015fa\u011f\u0131 K\u00f6pr\u00fcs\u00fc \u2013 Sziv\u00e1rv\u00e1nyh\u00edd (2011) - (Magyar) Guessous Majda M\u00e1ria - n\u00e9pi \u00e9nek el\u0151ad\u00f3m\u0171v\u00e9sz\",\"isPartOf\":{\"@id\":\"https:\\\/\\\/guessousmajdamaria.hu\\\/#website\"},\"datePublished\":\"2026-02-24T19:25:51+00:00\",\"inLanguage\":\"tr\",\"potentialAction\":[{\"@type\":\"ReadAction\",\"target\":[\"https:\\\/\\\/guessousmajdamaria.hu\\\/tr-szivarvanyhid-2011\\\/\"]}]},{\"@type\":\"WebSite\",\"@id\":\"https:\\\/\\\/guessousmajdamaria.hu\\\/#website\",\"url\":\"https:\\\/\\\/guessousmajdamaria.hu\\\/\",\"name\":\"(Magyar) Guessous Majda M\u00e1ria - n\u00e9pi \u00e9nek el\u0151ad\u00f3m\u0171v\u00e9sz\",\"description\":\"(Magyar) n\u00e9pi \u00e9nek el\u0151ad\u00f3m\u0171v\u00e9sz\",\"potentialAction\":[{\"@type\":\"SearchAction\",\"target\":{\"@type\":\"EntryPoint\",\"urlTemplate\":\"https:\\\/\\\/guessousmajdamaria.hu\\\/?s={search_term_string}\"},\"query-input\":{\"@type\":\"PropertyValueSpecification\",\"valueRequired\":true,\"valueName\":\"search_term_string\"}}],\"inLanguage\":\"tr\"}]}<\/script>\n<!-- \/ Yoast SEO Premium plugin. -->","yoast_head_json":{"title":"G\u00f6kku\u015fa\u011f\u0131 K\u00f6pr\u00fcs\u00fc \u2013 Sziv\u00e1rv\u00e1nyh\u00edd (2011) - (Magyar) Guessous Majda M\u00e1ria - n\u00e9pi \u00e9nek el\u0151ad\u00f3m\u0171v\u00e9sz","robots":{"index":"index","follow":"follow","max-snippet":"max-snippet:-1","max-image-preview":"max-image-preview:large","max-video-preview":"max-video-preview:-1"},"canonical":"https:\/\/guessousmajdamaria.hu\/tr-szivarvanyhid-2011\/","og_locale":"tr_TR","og_type":"article","og_title":"G\u00f6kku\u015fa\u011f\u0131 K\u00f6pr\u00fcs\u00fc \u2013 Sziv\u00e1rv\u00e1nyh\u00edd (2011) - (Magyar) Guessous Majda M\u00e1ria - n\u00e9pi \u00e9nek el\u0151ad\u00f3m\u0171v\u00e9sz","og_description":"&#8220;2011 y\u0131l\u0131n\u0131n Kas\u0131m ay\u0131nda ilk alb\u00fcm\u00fcm yay\u0131mland\u0131; bu alb\u00fcmle sevgili dinleyicimi i\u00e7sel bir yolculu\u011fa davet ediyorum. Bir \u015fark\u0131 \u00e7ocu\u011fu uyutur, ard\u0131ndan bu \u00e7ocuk b\u00fcy\u00fcr, e\u015fini arar, a\u015f\u0131k olur, evlenir, ruhen olgunla\u015f\u0131r ve Yarat\u0131c\u0131s\u0131na kavu\u015fur. Heyecan verici halk m\u00fczi\u011fi yolculu\u011fumuzda Macar ve T\u00fcrk t\u00fcrk\u00fcleri aras\u0131ndaki m\u00fczikal ve i\u00e7eriksel paralellikleri ke\u015ffedebiliriz. Alb\u00fcmde ayr\u0131ca Fas halk m\u00fczi\u011fi de&hellip;","og_url":"https:\/\/guessousmajdamaria.hu\/tr-szivarvanyhid-2011\/","og_site_name":"(Magyar) Guessous Majda M\u00e1ria - n\u00e9pi \u00e9nek el\u0151ad\u00f3m\u0171v\u00e9sz","twitter_card":"summary_large_image","twitter_misc":{"Tahmini okuma s\u00fcresi":"1 dakika"},"schema":{"@context":"https:\/\/schema.org","@graph":[{"@type":"WebPage","@id":"https:\/\/guessousmajdamaria.hu\/tr-szivarvanyhid-2011\/","url":"https:\/\/guessousmajdamaria.hu\/tr-szivarvanyhid-2011\/","name":"G\u00f6kku\u015fa\u011f\u0131 K\u00f6pr\u00fcs\u00fc \u2013 Sziv\u00e1rv\u00e1nyh\u00edd (2011) - (Magyar) Guessous Majda M\u00e1ria - n\u00e9pi \u00e9nek el\u0151ad\u00f3m\u0171v\u00e9sz","isPartOf":{"@id":"https:\/\/guessousmajdamaria.hu\/#website"},"datePublished":"2026-02-24T19:25:51+00:00","inLanguage":"tr","potentialAction":[{"@type":"ReadAction","target":["https:\/\/guessousmajdamaria.hu\/tr-szivarvanyhid-2011\/"]}]},{"@type":"WebSite","@id":"https:\/\/guessousmajdamaria.hu\/#website","url":"https:\/\/guessousmajdamaria.hu\/","name":"(Magyar) Guessous Majda M\u00e1ria - n\u00e9pi \u00e9nek el\u0151ad\u00f3m\u0171v\u00e9sz","description":"(Magyar) n\u00e9pi \u00e9nek el\u0151ad\u00f3m\u0171v\u00e9sz","potentialAction":[{"@type":"SearchAction","target":{"@type":"EntryPoint","urlTemplate":"https:\/\/guessousmajdamaria.hu\/?s={search_term_string}"},"query-input":{"@type":"PropertyValueSpecification","valueRequired":true,"valueName":"search_term_string"}}],"inLanguage":"tr"}]}},"_links":{"self":[{"href":"https:\/\/guessousmajdamaria.hu\/tr\/wp-json\/wp\/v2\/pages\/4895","targetHints":{"allow":["GET"]}}],"collection":[{"href":"https:\/\/guessousmajdamaria.hu\/tr\/wp-json\/wp\/v2\/pages"}],"about":[{"href":"https:\/\/guessousmajdamaria.hu\/tr\/wp-json\/wp\/v2\/types\/page"}],"author":[{"embeddable":true,"href":"https:\/\/guessousmajdamaria.hu\/tr\/wp-json\/wp\/v2\/users\/2"}],"replies":[{"embeddable":true,"href":"https:\/\/guessousmajdamaria.hu\/tr\/wp-json\/wp\/v2\/comments?post=4895"}],"version-history":[{"count":0,"href":"https:\/\/guessousmajdamaria.hu\/tr\/wp-json\/wp\/v2\/pages\/4895\/revisions"}],"wp:attachment":[{"href":"https:\/\/guessousmajdamaria.hu\/tr\/wp-json\/wp\/v2\/media?parent=4895"}],"curies":[{"name":"wp","href":"https:\/\/api.w.org\/{rel}","templated":true}]}}