{"id":4894,"date":"2026-02-24T20:25:50","date_gmt":"2026-02-24T19:25:50","guid":{"rendered":"https:\/\/guessousmajdamaria.hu\/tr-oromes-2013\/"},"modified":"2026-02-24T20:25:50","modified_gmt":"2026-02-24T19:25:50","slug":"tr-oromes-2013","status":"publish","type":"page","link":"https:\/\/guessousmajdamaria.hu\/tr\/tr-oromes-2013\/","title":{"rendered":"\u00d6r\u00f6Mes (2013)"},"content":{"rendered":"<p>\u00c7ocuk, do\u011fas\u0131 gere\u011fi ne\u015feli ve oyun doludur. &#8220;\u0130\u00e7 \u00e7ocu\u011fum&#8221; ne f\u0131s\u0131ldar bana? Ne\u015fe, b\u00fcy\u00fc, oyun, bilgelik\u2026 Do\u011fa ve Yarat\u0131c\u0131&#8217;n\u0131n yak\u0131nl\u0131\u011f\u0131ndan duyulan sevin\u00e7, sevgilinin a\u015fk sevinci, konser sonras\u0131 sevin\u00e7, arkada\u015flarla birlikte olman\u0131n mutlulu\u011fu; kelimelerle, renklerle, \u015fark\u0131larla, birbirimizle ve kendimizle oyun.<\/p>\n<p>Sziv\u00e1rv\u00e1nyh\u00edd&#8217;den sonra \u00d6r\u00f6Mes hayat\u0131m\u0131n ger\u00e7ek anlamda bir sonraki dura\u011f\u0131 oldu. Benim i\u00e7in \u00e7ok s\u0131cak ve samimi bir d\u00fcnya bu; t\u00fcrl\u00fc renkli anlar\u0131n bir sentezidir.<\/p>\n<p>Alb\u00fcmde Macar, T\u00fcrk ve Fas halk m\u00fczi\u011fi bir arada sunuluyor. \u00c7ocukluk d\u00fcnyas\u0131n\u0131n ne\u015fesi ve masumiyeti, \u00e7e\u015fitli k\u00fclt\u00fcrlerin halk \u015fark\u0131lar\u0131yla ifade ediliyor.<\/p>\n<p><strong>M\u00fczisyenler:<\/strong> Guessous Majda M\u00e1ria (vokal, saz, kobuz), Barvich Iv\u00e1n (kaval, tambura), Boros Gerzson D\u00e1vid (darbuka, doromb, bendir), Berta Alexandra (citera, vokal)<\/p>\n","protected":false},"excerpt":{"rendered":"\u00c7ocuk, do\u011fas\u0131 gere\u011fi ne\u015feli ve oyun doludur. &#8220;\u0130\u00e7 \u00e7ocu\u011fum&#8221; ne f\u0131s\u0131ldar bana? Ne\u015fe, b\u00fcy\u00fc, oyun, bilgelik\u2026 Do\u011fa ve Yarat\u0131c\u0131&#8217;n\u0131n yak\u0131nl\u0131\u011f\u0131ndan duyulan sevin\u00e7, sevgilinin a\u015fk sevinci, konser sonras\u0131 sevin\u00e7, arkada\u015flarla birlikte olman\u0131n mutlulu\u011fu; kelimelerle, renklerle, \u015fark\u0131larla, birbirimizle ve kendimizle oyun. Sziv\u00e1rv\u00e1nyh\u00edd&#8217;den sonra \u00d6r\u00f6Mes hayat\u0131m\u0131n ger\u00e7ek anlamda bir sonraki dura\u011f\u0131 oldu. Benim i\u00e7in \u00e7ok s\u0131cak ve samimi&hellip;","protected":false},"author":2,"featured_media":0,"parent":0,"menu_order":0,"comment_status":"closed","ping_status":"closed","template":"","meta":{"_acf_changed":false,"footnotes":""},"class_list":["post-4894","page","type-page","status-publish","hentry"],"acf":[],"yoast_head":"<!-- This site is optimized with the Yoast SEO Premium plugin v27.4 (Yoast SEO v27.4) - https:\/\/yoast.com\/product\/yoast-seo-premium-wordpress\/ -->\n<title>\u00d6r\u00f6Mes (2013) - (Magyar) Guessous Majda M\u00e1ria - n\u00e9pi \u00e9nek el\u0151ad\u00f3m\u0171v\u00e9sz<\/title>\n<meta name=\"robots\" content=\"index, follow, max-snippet:-1, max-image-preview:large, max-video-preview:-1\" \/>\n<link rel=\"canonical\" href=\"https:\/\/guessousmajdamaria.hu\/tr-oromes-2013\/\" \/>\n<meta property=\"og:locale\" content=\"tr_TR\" \/>\n<meta property=\"og:type\" content=\"article\" \/>\n<meta property=\"og:title\" content=\"\u00d6r\u00f6Mes (2013) - (Magyar) Guessous Majda M\u00e1ria - n\u00e9pi \u00e9nek el\u0151ad\u00f3m\u0171v\u00e9sz\" \/>\n<meta property=\"og:description\" content=\"\u00c7ocuk, do\u011fas\u0131 gere\u011fi ne\u015feli ve oyun doludur. &#8220;\u0130\u00e7 \u00e7ocu\u011fum&#8221; ne f\u0131s\u0131ldar bana? Ne\u015fe, b\u00fcy\u00fc, oyun, bilgelik\u2026 Do\u011fa ve Yarat\u0131c\u0131&#8217;n\u0131n yak\u0131nl\u0131\u011f\u0131ndan duyulan sevin\u00e7, sevgilinin a\u015fk sevinci, konser sonras\u0131 sevin\u00e7, arkada\u015flarla birlikte olman\u0131n mutlulu\u011fu; kelimelerle, renklerle, \u015fark\u0131larla, birbirimizle ve kendimizle oyun. Sziv\u00e1rv\u00e1nyh\u00edd&#8217;den sonra \u00d6r\u00f6Mes hayat\u0131m\u0131n ger\u00e7ek anlamda bir sonraki dura\u011f\u0131 oldu. Benim i\u00e7in \u00e7ok s\u0131cak ve samimi&hellip;\" \/>\n<meta property=\"og:url\" content=\"https:\/\/guessousmajdamaria.hu\/tr-oromes-2013\/\" \/>\n<meta property=\"og:site_name\" content=\"(Magyar) Guessous Majda M\u00e1ria - n\u00e9pi \u00e9nek el\u0151ad\u00f3m\u0171v\u00e9sz\" \/>\n<meta name=\"twitter:card\" content=\"summary_large_image\" \/>\n<meta name=\"twitter:label1\" content=\"Tahmini okuma s\u00fcresi\" \/>\n\t<meta name=\"twitter:data1\" content=\"1 dakika\" \/>\n<script type=\"application\/ld+json\" class=\"yoast-schema-graph\">{\"@context\":\"https:\\\/\\\/schema.org\",\"@graph\":[{\"@type\":\"WebPage\",\"@id\":\"https:\\\/\\\/guessousmajdamaria.hu\\\/tr-oromes-2013\\\/\",\"url\":\"https:\\\/\\\/guessousmajdamaria.hu\\\/tr-oromes-2013\\\/\",\"name\":\"\u00d6r\u00f6Mes (2013) - (Magyar) Guessous Majda M\u00e1ria - n\u00e9pi \u00e9nek el\u0151ad\u00f3m\u0171v\u00e9sz\",\"isPartOf\":{\"@id\":\"https:\\\/\\\/guessousmajdamaria.hu\\\/#website\"},\"datePublished\":\"2026-02-24T19:25:50+00:00\",\"inLanguage\":\"tr\",\"potentialAction\":[{\"@type\":\"ReadAction\",\"target\":[\"https:\\\/\\\/guessousmajdamaria.hu\\\/tr-oromes-2013\\\/\"]}]},{\"@type\":\"WebSite\",\"@id\":\"https:\\\/\\\/guessousmajdamaria.hu\\\/#website\",\"url\":\"https:\\\/\\\/guessousmajdamaria.hu\\\/\",\"name\":\"(Magyar) Guessous Majda M\u00e1ria - n\u00e9pi \u00e9nek el\u0151ad\u00f3m\u0171v\u00e9sz\",\"description\":\"(Magyar) n\u00e9pi \u00e9nek el\u0151ad\u00f3m\u0171v\u00e9sz\",\"potentialAction\":[{\"@type\":\"SearchAction\",\"target\":{\"@type\":\"EntryPoint\",\"urlTemplate\":\"https:\\\/\\\/guessousmajdamaria.hu\\\/?s={search_term_string}\"},\"query-input\":{\"@type\":\"PropertyValueSpecification\",\"valueRequired\":true,\"valueName\":\"search_term_string\"}}],\"inLanguage\":\"tr\"}]}<\/script>\n<!-- \/ Yoast SEO Premium plugin. -->","yoast_head_json":{"title":"\u00d6r\u00f6Mes (2013) - (Magyar) Guessous Majda M\u00e1ria - n\u00e9pi \u00e9nek el\u0151ad\u00f3m\u0171v\u00e9sz","robots":{"index":"index","follow":"follow","max-snippet":"max-snippet:-1","max-image-preview":"max-image-preview:large","max-video-preview":"max-video-preview:-1"},"canonical":"https:\/\/guessousmajdamaria.hu\/tr-oromes-2013\/","og_locale":"tr_TR","og_type":"article","og_title":"\u00d6r\u00f6Mes (2013) - (Magyar) Guessous Majda M\u00e1ria - n\u00e9pi \u00e9nek el\u0151ad\u00f3m\u0171v\u00e9sz","og_description":"\u00c7ocuk, do\u011fas\u0131 gere\u011fi ne\u015feli ve oyun doludur. &#8220;\u0130\u00e7 \u00e7ocu\u011fum&#8221; ne f\u0131s\u0131ldar bana? Ne\u015fe, b\u00fcy\u00fc, oyun, bilgelik\u2026 Do\u011fa ve Yarat\u0131c\u0131&#8217;n\u0131n yak\u0131nl\u0131\u011f\u0131ndan duyulan sevin\u00e7, sevgilinin a\u015fk sevinci, konser sonras\u0131 sevin\u00e7, arkada\u015flarla birlikte olman\u0131n mutlulu\u011fu; kelimelerle, renklerle, \u015fark\u0131larla, birbirimizle ve kendimizle oyun. Sziv\u00e1rv\u00e1nyh\u00edd&#8217;den sonra \u00d6r\u00f6Mes hayat\u0131m\u0131n ger\u00e7ek anlamda bir sonraki dura\u011f\u0131 oldu. Benim i\u00e7in \u00e7ok s\u0131cak ve samimi&hellip;","og_url":"https:\/\/guessousmajdamaria.hu\/tr-oromes-2013\/","og_site_name":"(Magyar) Guessous Majda M\u00e1ria - n\u00e9pi \u00e9nek el\u0151ad\u00f3m\u0171v\u00e9sz","twitter_card":"summary_large_image","twitter_misc":{"Tahmini okuma s\u00fcresi":"1 dakika"},"schema":{"@context":"https:\/\/schema.org","@graph":[{"@type":"WebPage","@id":"https:\/\/guessousmajdamaria.hu\/tr-oromes-2013\/","url":"https:\/\/guessousmajdamaria.hu\/tr-oromes-2013\/","name":"\u00d6r\u00f6Mes (2013) - (Magyar) Guessous Majda M\u00e1ria - n\u00e9pi \u00e9nek el\u0151ad\u00f3m\u0171v\u00e9sz","isPartOf":{"@id":"https:\/\/guessousmajdamaria.hu\/#website"},"datePublished":"2026-02-24T19:25:50+00:00","inLanguage":"tr","potentialAction":[{"@type":"ReadAction","target":["https:\/\/guessousmajdamaria.hu\/tr-oromes-2013\/"]}]},{"@type":"WebSite","@id":"https:\/\/guessousmajdamaria.hu\/#website","url":"https:\/\/guessousmajdamaria.hu\/","name":"(Magyar) Guessous Majda M\u00e1ria - n\u00e9pi \u00e9nek el\u0151ad\u00f3m\u0171v\u00e9sz","description":"(Magyar) n\u00e9pi \u00e9nek el\u0151ad\u00f3m\u0171v\u00e9sz","potentialAction":[{"@type":"SearchAction","target":{"@type":"EntryPoint","urlTemplate":"https:\/\/guessousmajdamaria.hu\/?s={search_term_string}"},"query-input":{"@type":"PropertyValueSpecification","valueRequired":true,"valueName":"search_term_string"}}],"inLanguage":"tr"}]}},"_links":{"self":[{"href":"https:\/\/guessousmajdamaria.hu\/tr\/wp-json\/wp\/v2\/pages\/4894","targetHints":{"allow":["GET"]}}],"collection":[{"href":"https:\/\/guessousmajdamaria.hu\/tr\/wp-json\/wp\/v2\/pages"}],"about":[{"href":"https:\/\/guessousmajdamaria.hu\/tr\/wp-json\/wp\/v2\/types\/page"}],"author":[{"embeddable":true,"href":"https:\/\/guessousmajdamaria.hu\/tr\/wp-json\/wp\/v2\/users\/2"}],"replies":[{"embeddable":true,"href":"https:\/\/guessousmajdamaria.hu\/tr\/wp-json\/wp\/v2\/comments?post=4894"}],"version-history":[{"count":0,"href":"https:\/\/guessousmajdamaria.hu\/tr\/wp-json\/wp\/v2\/pages\/4894\/revisions"}],"wp:attachment":[{"href":"https:\/\/guessousmajdamaria.hu\/tr\/wp-json\/wp\/v2\/media?parent=4894"}],"curies":[{"name":"wp","href":"https:\/\/api.w.org\/{rel}","templated":true}]}}