{"id":4892,"date":"2026-02-24T20:25:48","date_gmt":"2026-02-24T19:25:48","guid":{"rendered":"https:\/\/guessousmajdamaria.hu\/tr-atvaltozas-2020\/"},"modified":"2026-02-24T20:25:48","modified_gmt":"2026-02-24T19:25:48","slug":"tr-atvaltozas-2020","status":"publish","type":"page","link":"https:\/\/guessousmajdamaria.hu\/tr\/tr-atvaltozas-2020\/","title":{"rendered":"D\u00f6n\u00fc\u015f\u00fcm \u2013 \u00c1tv\u00e1ltoz\u00e1s (2020)"},"content":{"rendered":"<p>Mesi&#8217;nin d\u00f6rd\u00fcnc\u00fc alb\u00fcm\u00fc, Tom-Tom Records etiketiyle 2020 k\u0131\u015f\u0131nda &#8220;\u00c1tv\u00e1ltoz\u00e1s \u2013 Dalok &amp; Sorsok&#8221; (D\u00f6n\u00fc\u015f\u00fcm \u2013 \u015eark\u0131lar &amp; Kaderler) ad\u0131yla yay\u0131mland\u0131.<\/p>\n<p>Alb\u00fcm, dezavantajl\u0131 insanlar\u0131n kaderlerini olumlu de\u011fi\u015fim perspektifinden ele alan yenilik\u00e7i bir sanatsal-toplumsal giri\u015fimin \u00fcr\u00fcn\u00fcd\u00fcr.<br \/>\nAlb\u00fcm\u00fc sat\u0131n almak i\u00e7in <a href=\"https:\/\/guessousmajdamaria.hu\/vasarlas\/\">buraya t\u0131klay\u0131n!<\/a><\/p>\n<p>Dezavantajl\u0131 konumlarda ya\u015fayan ama hayata olumlu bakan \u00e7ocuklar\u0131n ve yeti\u015fkinlerin de\u011ferli i\u00e7 d\u00fc\u015f\u00fcnceleri, Mesi ve m\u00fczisyen arkada\u015flar\u0131n\u0131n yorumuyla m\u00fczi\u011fe d\u00f6n\u00fc\u015f\u00fcyor. Giri\u015fime \u00e7e\u015fitli sosyal kurumlar da kat\u0131ld\u0131.<\/p>\n<p>Alb\u00fcm\u00fcn konsepti, Mesi&#8217;nin TEDxYouth@Budapest konferans\u0131ndaki kapan\u0131\u015f sunumunda da tan\u0131t\u0131ld\u0131.<\/p>\n<p><strong>M\u00fczisyenler:<\/strong> Guessous Majda M\u00e1ria (vokal, saz), Boros Gerzson D\u00e1vid (perk\u00fcsyon), Barvich Iv\u00e1n (kaval, tambura), Kert\u00e9sz \u00c1kos (gitar), Szlama L\u00e1szl\u00f3 (kontrbas)<\/p>\n","protected":false},"excerpt":{"rendered":"Mesi&#8217;nin d\u00f6rd\u00fcnc\u00fc alb\u00fcm\u00fc, Tom-Tom Records etiketiyle 2020 k\u0131\u015f\u0131nda &#8220;\u00c1tv\u00e1ltoz\u00e1s \u2013 Dalok &amp; Sorsok&#8221; (D\u00f6n\u00fc\u015f\u00fcm \u2013 \u015eark\u0131lar &amp; Kaderler) ad\u0131yla yay\u0131mland\u0131. Alb\u00fcm, dezavantajl\u0131 insanlar\u0131n kaderlerini olumlu de\u011fi\u015fim perspektifinden ele alan yenilik\u00e7i bir sanatsal-toplumsal giri\u015fimin \u00fcr\u00fcn\u00fcd\u00fcr. Alb\u00fcm\u00fc sat\u0131n almak i\u00e7in buraya t\u0131klay\u0131n! Dezavantajl\u0131 konumlarda ya\u015fayan ama hayata olumlu bakan \u00e7ocuklar\u0131n ve yeti\u015fkinlerin de\u011ferli i\u00e7 d\u00fc\u015f\u00fcnceleri, Mesi ve&hellip;","protected":false},"author":2,"featured_media":0,"parent":0,"menu_order":0,"comment_status":"closed","ping_status":"closed","template":"","meta":{"_acf_changed":false,"footnotes":""},"class_list":["post-4892","page","type-page","status-publish","hentry"],"acf":[],"yoast_head":"<!-- This site is optimized with the Yoast SEO Premium plugin v27.4 (Yoast SEO v27.4) - https:\/\/yoast.com\/product\/yoast-seo-premium-wordpress\/ -->\n<title>D\u00f6n\u00fc\u015f\u00fcm \u2013 \u00c1tv\u00e1ltoz\u00e1s (2020) - (Magyar) Guessous Majda M\u00e1ria - n\u00e9pi \u00e9nek el\u0151ad\u00f3m\u0171v\u00e9sz<\/title>\n<meta name=\"robots\" content=\"index, follow, max-snippet:-1, max-image-preview:large, max-video-preview:-1\" \/>\n<link rel=\"canonical\" href=\"https:\/\/guessousmajdamaria.hu\/tr-atvaltozas-2020\/\" \/>\n<meta property=\"og:locale\" content=\"tr_TR\" \/>\n<meta property=\"og:type\" content=\"article\" \/>\n<meta property=\"og:title\" content=\"D\u00f6n\u00fc\u015f\u00fcm \u2013 \u00c1tv\u00e1ltoz\u00e1s (2020) - (Magyar) Guessous Majda M\u00e1ria - n\u00e9pi \u00e9nek el\u0151ad\u00f3m\u0171v\u00e9sz\" \/>\n<meta property=\"og:description\" content=\"Mesi&#8217;nin d\u00f6rd\u00fcnc\u00fc alb\u00fcm\u00fc, Tom-Tom Records etiketiyle 2020 k\u0131\u015f\u0131nda &#8220;\u00c1tv\u00e1ltoz\u00e1s \u2013 Dalok &amp; Sorsok&#8221; (D\u00f6n\u00fc\u015f\u00fcm \u2013 \u015eark\u0131lar &amp; Kaderler) ad\u0131yla yay\u0131mland\u0131. Alb\u00fcm, dezavantajl\u0131 insanlar\u0131n kaderlerini olumlu de\u011fi\u015fim perspektifinden ele alan yenilik\u00e7i bir sanatsal-toplumsal giri\u015fimin \u00fcr\u00fcn\u00fcd\u00fcr. Alb\u00fcm\u00fc sat\u0131n almak i\u00e7in buraya t\u0131klay\u0131n! Dezavantajl\u0131 konumlarda ya\u015fayan ama hayata olumlu bakan \u00e7ocuklar\u0131n ve yeti\u015fkinlerin de\u011ferli i\u00e7 d\u00fc\u015f\u00fcnceleri, Mesi ve&hellip;\" \/>\n<meta property=\"og:url\" content=\"https:\/\/guessousmajdamaria.hu\/tr-atvaltozas-2020\/\" \/>\n<meta property=\"og:site_name\" content=\"(Magyar) Guessous Majda M\u00e1ria - n\u00e9pi \u00e9nek el\u0151ad\u00f3m\u0171v\u00e9sz\" \/>\n<meta name=\"twitter:card\" content=\"summary_large_image\" \/>\n<meta name=\"twitter:label1\" content=\"Tahmini okuma s\u00fcresi\" \/>\n\t<meta name=\"twitter:data1\" content=\"1 dakika\" \/>\n<script type=\"application\/ld+json\" class=\"yoast-schema-graph\">{\"@context\":\"https:\\\/\\\/schema.org\",\"@graph\":[{\"@type\":\"WebPage\",\"@id\":\"https:\\\/\\\/guessousmajdamaria.hu\\\/tr-atvaltozas-2020\\\/\",\"url\":\"https:\\\/\\\/guessousmajdamaria.hu\\\/tr-atvaltozas-2020\\\/\",\"name\":\"D\u00f6n\u00fc\u015f\u00fcm \u2013 \u00c1tv\u00e1ltoz\u00e1s (2020) - (Magyar) Guessous Majda M\u00e1ria - n\u00e9pi \u00e9nek el\u0151ad\u00f3m\u0171v\u00e9sz\",\"isPartOf\":{\"@id\":\"https:\\\/\\\/guessousmajdamaria.hu\\\/#website\"},\"datePublished\":\"2026-02-24T19:25:48+00:00\",\"inLanguage\":\"tr\",\"potentialAction\":[{\"@type\":\"ReadAction\",\"target\":[\"https:\\\/\\\/guessousmajdamaria.hu\\\/tr-atvaltozas-2020\\\/\"]}]},{\"@type\":\"WebSite\",\"@id\":\"https:\\\/\\\/guessousmajdamaria.hu\\\/#website\",\"url\":\"https:\\\/\\\/guessousmajdamaria.hu\\\/\",\"name\":\"(Magyar) Guessous Majda M\u00e1ria - n\u00e9pi \u00e9nek el\u0151ad\u00f3m\u0171v\u00e9sz\",\"description\":\"(Magyar) n\u00e9pi \u00e9nek el\u0151ad\u00f3m\u0171v\u00e9sz\",\"potentialAction\":[{\"@type\":\"SearchAction\",\"target\":{\"@type\":\"EntryPoint\",\"urlTemplate\":\"https:\\\/\\\/guessousmajdamaria.hu\\\/?s={search_term_string}\"},\"query-input\":{\"@type\":\"PropertyValueSpecification\",\"valueRequired\":true,\"valueName\":\"search_term_string\"}}],\"inLanguage\":\"tr\"}]}<\/script>\n<!-- \/ Yoast SEO Premium plugin. -->","yoast_head_json":{"title":"D\u00f6n\u00fc\u015f\u00fcm \u2013 \u00c1tv\u00e1ltoz\u00e1s (2020) - (Magyar) Guessous Majda M\u00e1ria - n\u00e9pi \u00e9nek el\u0151ad\u00f3m\u0171v\u00e9sz","robots":{"index":"index","follow":"follow","max-snippet":"max-snippet:-1","max-image-preview":"max-image-preview:large","max-video-preview":"max-video-preview:-1"},"canonical":"https:\/\/guessousmajdamaria.hu\/tr-atvaltozas-2020\/","og_locale":"tr_TR","og_type":"article","og_title":"D\u00f6n\u00fc\u015f\u00fcm \u2013 \u00c1tv\u00e1ltoz\u00e1s (2020) - (Magyar) Guessous Majda M\u00e1ria - n\u00e9pi \u00e9nek el\u0151ad\u00f3m\u0171v\u00e9sz","og_description":"Mesi&#8217;nin d\u00f6rd\u00fcnc\u00fc alb\u00fcm\u00fc, Tom-Tom Records etiketiyle 2020 k\u0131\u015f\u0131nda &#8220;\u00c1tv\u00e1ltoz\u00e1s \u2013 Dalok &amp; Sorsok&#8221; (D\u00f6n\u00fc\u015f\u00fcm \u2013 \u015eark\u0131lar &amp; Kaderler) ad\u0131yla yay\u0131mland\u0131. Alb\u00fcm, dezavantajl\u0131 insanlar\u0131n kaderlerini olumlu de\u011fi\u015fim perspektifinden ele alan yenilik\u00e7i bir sanatsal-toplumsal giri\u015fimin \u00fcr\u00fcn\u00fcd\u00fcr. Alb\u00fcm\u00fc sat\u0131n almak i\u00e7in buraya t\u0131klay\u0131n! Dezavantajl\u0131 konumlarda ya\u015fayan ama hayata olumlu bakan \u00e7ocuklar\u0131n ve yeti\u015fkinlerin de\u011ferli i\u00e7 d\u00fc\u015f\u00fcnceleri, Mesi ve&hellip;","og_url":"https:\/\/guessousmajdamaria.hu\/tr-atvaltozas-2020\/","og_site_name":"(Magyar) Guessous Majda M\u00e1ria - n\u00e9pi \u00e9nek el\u0151ad\u00f3m\u0171v\u00e9sz","twitter_card":"summary_large_image","twitter_misc":{"Tahmini okuma s\u00fcresi":"1 dakika"},"schema":{"@context":"https:\/\/schema.org","@graph":[{"@type":"WebPage","@id":"https:\/\/guessousmajdamaria.hu\/tr-atvaltozas-2020\/","url":"https:\/\/guessousmajdamaria.hu\/tr-atvaltozas-2020\/","name":"D\u00f6n\u00fc\u015f\u00fcm \u2013 \u00c1tv\u00e1ltoz\u00e1s (2020) - (Magyar) Guessous Majda M\u00e1ria - n\u00e9pi \u00e9nek el\u0151ad\u00f3m\u0171v\u00e9sz","isPartOf":{"@id":"https:\/\/guessousmajdamaria.hu\/#website"},"datePublished":"2026-02-24T19:25:48+00:00","inLanguage":"tr","potentialAction":[{"@type":"ReadAction","target":["https:\/\/guessousmajdamaria.hu\/tr-atvaltozas-2020\/"]}]},{"@type":"WebSite","@id":"https:\/\/guessousmajdamaria.hu\/#website","url":"https:\/\/guessousmajdamaria.hu\/","name":"(Magyar) Guessous Majda M\u00e1ria - n\u00e9pi \u00e9nek el\u0151ad\u00f3m\u0171v\u00e9sz","description":"(Magyar) n\u00e9pi \u00e9nek el\u0151ad\u00f3m\u0171v\u00e9sz","potentialAction":[{"@type":"SearchAction","target":{"@type":"EntryPoint","urlTemplate":"https:\/\/guessousmajdamaria.hu\/?s={search_term_string}"},"query-input":{"@type":"PropertyValueSpecification","valueRequired":true,"valueName":"search_term_string"}}],"inLanguage":"tr"}]}},"_links":{"self":[{"href":"https:\/\/guessousmajdamaria.hu\/tr\/wp-json\/wp\/v2\/pages\/4892","targetHints":{"allow":["GET"]}}],"collection":[{"href":"https:\/\/guessousmajdamaria.hu\/tr\/wp-json\/wp\/v2\/pages"}],"about":[{"href":"https:\/\/guessousmajdamaria.hu\/tr\/wp-json\/wp\/v2\/types\/page"}],"author":[{"embeddable":true,"href":"https:\/\/guessousmajdamaria.hu\/tr\/wp-json\/wp\/v2\/users\/2"}],"replies":[{"embeddable":true,"href":"https:\/\/guessousmajdamaria.hu\/tr\/wp-json\/wp\/v2\/comments?post=4892"}],"version-history":[{"count":0,"href":"https:\/\/guessousmajdamaria.hu\/tr\/wp-json\/wp\/v2\/pages\/4892\/revisions"}],"wp:attachment":[{"href":"https:\/\/guessousmajdamaria.hu\/tr\/wp-json\/wp\/v2\/media?parent=4892"}],"curies":[{"name":"wp","href":"https:\/\/api.w.org\/{rel}","templated":true}]}}