{"id":4891,"date":"2026-02-24T20:25:46","date_gmt":"2026-02-24T19:25:46","guid":{"rendered":"https:\/\/guessousmajdamaria.hu\/tr-tolem-neked-2022\/"},"modified":"2026-02-24T20:25:46","modified_gmt":"2026-02-24T19:25:46","slug":"tr-tolem-neked-2022","status":"publish","type":"page","link":"https:\/\/guessousmajdamaria.hu\/tr\/tr-tolem-neked-2022\/","title":{"rendered":"T\u0151lem-Neked (2022)"},"content":{"rendered":"<p><strong>T\u0150LEM-NEKED \u2013 10 ORTAK T\u00dcRK\u00c7E VE MACARCA T\u00dcRK\u00dc<\/strong><\/p>\n<p>Alb\u00fcm\u00fc sat\u0131n almak i\u00e7in <a href=\"https:\/\/guessousmajdamaria.hu\/vasarlas\/\">buraya t\u0131klay\u0131n!<\/a><\/p>\n<p>\u201e\u0130nsan bir t\u00fcrk\u00fcy\u00fc ancak s\u00f6zlerin dilini anlarsa ger\u00e7ekten kavrayabilir.&#8221; (Bart\u00f3k B\u00e9la)<\/p>\n<p>Mesi&#8217;nin ilk solo alb\u00fcm\u00fc \u00f6ncelikle Macar ve T\u00fcrk anadili konu\u015fanlar\u0131na seslenir; 10 tan\u0131nm\u0131\u015f t\u00fcrk\u00fcn\u00fcn \u00e7ift versiyonu arac\u0131l\u0131\u011f\u0131yla iki halk birbirine &#8220;kendini tan\u0131t\u0131r&#8221;. Her iki millet de \u015fark\u0131lar\u0131 hem orijinal dilinde hem de kendi ana dilinde dinleyebilir ya da tam tersini yapabilir\u2026<\/p>\n<p>Alb\u00fcm, derlemeler ve d\u00fczenlemeler a\u00e7\u0131s\u0131ndan akustik halk m\u00fczi\u011fi sanat\u0131n\u0131 temsil eder. Mesi, bu alb\u00fcmde saz ve kobuz gibi geleneksel \u00e7alg\u0131lar\u0131 \u00e7alarak ve s\u00f6yleyerek iki k\u00fclt\u00fcr\u00fcn m\u00fczikal miras\u0131n\u0131 bir araya getiriyor.<\/p>\n<p><strong>M\u00fczisyenler:<\/strong> Guessous Majda M\u00e1ria (vokal, saz, kobuz), Boros Gerzson D\u00e1vid (darbuka, bendir, doromb), Barvich Iv\u00e1n (kaval, tambura), Berta Alexandra (citera, vokal)<\/p>\n","protected":false},"excerpt":{"rendered":"T\u0150LEM-NEKED \u2013 10 ORTAK T\u00dcRK\u00c7E VE MACARCA T\u00dcRK\u00dc Alb\u00fcm\u00fc sat\u0131n almak i\u00e7in buraya t\u0131klay\u0131n! \u201e\u0130nsan bir t\u00fcrk\u00fcy\u00fc ancak s\u00f6zlerin dilini anlarsa ger\u00e7ekten kavrayabilir.&#8221; (Bart\u00f3k B\u00e9la) Mesi&#8217;nin ilk solo alb\u00fcm\u00fc \u00f6ncelikle Macar ve T\u00fcrk anadili konu\u015fanlar\u0131na seslenir; 10 tan\u0131nm\u0131\u015f t\u00fcrk\u00fcn\u00fcn \u00e7ift versiyonu arac\u0131l\u0131\u011f\u0131yla iki halk birbirine &#8220;kendini tan\u0131t\u0131r&#8221;. Her iki millet de \u015fark\u0131lar\u0131 hem orijinal dilinde&hellip;","protected":false},"author":2,"featured_media":0,"parent":0,"menu_order":0,"comment_status":"closed","ping_status":"closed","template":"","meta":{"_acf_changed":false,"footnotes":""},"class_list":["post-4891","page","type-page","status-publish","hentry"],"acf":[],"yoast_head":"<!-- This site is optimized with the Yoast SEO Premium plugin v27.4 (Yoast SEO v27.4) - https:\/\/yoast.com\/product\/yoast-seo-premium-wordpress\/ -->\n<title>T\u0151lem-Neked (2022) - (Magyar) Guessous Majda M\u00e1ria - n\u00e9pi \u00e9nek el\u0151ad\u00f3m\u0171v\u00e9sz<\/title>\n<meta name=\"robots\" content=\"index, follow, max-snippet:-1, max-image-preview:large, max-video-preview:-1\" \/>\n<link rel=\"canonical\" href=\"https:\/\/guessousmajdamaria.hu\/tr-tolem-neked-2022\/\" \/>\n<meta property=\"og:locale\" content=\"tr_TR\" \/>\n<meta property=\"og:type\" content=\"article\" \/>\n<meta property=\"og:title\" content=\"T\u0151lem-Neked (2022) - (Magyar) Guessous Majda M\u00e1ria - n\u00e9pi \u00e9nek el\u0151ad\u00f3m\u0171v\u00e9sz\" \/>\n<meta property=\"og:description\" content=\"T\u0150LEM-NEKED \u2013 10 ORTAK T\u00dcRK\u00c7E VE MACARCA T\u00dcRK\u00dc Alb\u00fcm\u00fc sat\u0131n almak i\u00e7in buraya t\u0131klay\u0131n! \u201e\u0130nsan bir t\u00fcrk\u00fcy\u00fc ancak s\u00f6zlerin dilini anlarsa ger\u00e7ekten kavrayabilir.&#8221; (Bart\u00f3k B\u00e9la) Mesi&#8217;nin ilk solo alb\u00fcm\u00fc \u00f6ncelikle Macar ve T\u00fcrk anadili konu\u015fanlar\u0131na seslenir; 10 tan\u0131nm\u0131\u015f t\u00fcrk\u00fcn\u00fcn \u00e7ift versiyonu arac\u0131l\u0131\u011f\u0131yla iki halk birbirine &#8220;kendini tan\u0131t\u0131r&#8221;. Her iki millet de \u015fark\u0131lar\u0131 hem orijinal dilinde&hellip;\" \/>\n<meta property=\"og:url\" content=\"https:\/\/guessousmajdamaria.hu\/tr-tolem-neked-2022\/\" \/>\n<meta property=\"og:site_name\" content=\"(Magyar) Guessous Majda M\u00e1ria - n\u00e9pi \u00e9nek el\u0151ad\u00f3m\u0171v\u00e9sz\" \/>\n<meta name=\"twitter:card\" content=\"summary_large_image\" \/>\n<meta name=\"twitter:label1\" content=\"Tahmini okuma s\u00fcresi\" \/>\n\t<meta name=\"twitter:data1\" content=\"1 dakika\" \/>\n<script type=\"application\/ld+json\" class=\"yoast-schema-graph\">{\"@context\":\"https:\\\/\\\/schema.org\",\"@graph\":[{\"@type\":\"WebPage\",\"@id\":\"https:\\\/\\\/guessousmajdamaria.hu\\\/tr-tolem-neked-2022\\\/\",\"url\":\"https:\\\/\\\/guessousmajdamaria.hu\\\/tr-tolem-neked-2022\\\/\",\"name\":\"T\u0151lem-Neked (2022) - (Magyar) Guessous Majda M\u00e1ria - n\u00e9pi \u00e9nek el\u0151ad\u00f3m\u0171v\u00e9sz\",\"isPartOf\":{\"@id\":\"https:\\\/\\\/guessousmajdamaria.hu\\\/#website\"},\"datePublished\":\"2026-02-24T19:25:46+00:00\",\"inLanguage\":\"tr\",\"potentialAction\":[{\"@type\":\"ReadAction\",\"target\":[\"https:\\\/\\\/guessousmajdamaria.hu\\\/tr-tolem-neked-2022\\\/\"]}]},{\"@type\":\"WebSite\",\"@id\":\"https:\\\/\\\/guessousmajdamaria.hu\\\/#website\",\"url\":\"https:\\\/\\\/guessousmajdamaria.hu\\\/\",\"name\":\"(Magyar) Guessous Majda M\u00e1ria - n\u00e9pi \u00e9nek el\u0151ad\u00f3m\u0171v\u00e9sz\",\"description\":\"(Magyar) n\u00e9pi \u00e9nek el\u0151ad\u00f3m\u0171v\u00e9sz\",\"potentialAction\":[{\"@type\":\"SearchAction\",\"target\":{\"@type\":\"EntryPoint\",\"urlTemplate\":\"https:\\\/\\\/guessousmajdamaria.hu\\\/?s={search_term_string}\"},\"query-input\":{\"@type\":\"PropertyValueSpecification\",\"valueRequired\":true,\"valueName\":\"search_term_string\"}}],\"inLanguage\":\"tr\"}]}<\/script>\n<!-- \/ Yoast SEO Premium plugin. -->","yoast_head_json":{"title":"T\u0151lem-Neked (2022) - (Magyar) Guessous Majda M\u00e1ria - n\u00e9pi \u00e9nek el\u0151ad\u00f3m\u0171v\u00e9sz","robots":{"index":"index","follow":"follow","max-snippet":"max-snippet:-1","max-image-preview":"max-image-preview:large","max-video-preview":"max-video-preview:-1"},"canonical":"https:\/\/guessousmajdamaria.hu\/tr-tolem-neked-2022\/","og_locale":"tr_TR","og_type":"article","og_title":"T\u0151lem-Neked (2022) - (Magyar) Guessous Majda M\u00e1ria - n\u00e9pi \u00e9nek el\u0151ad\u00f3m\u0171v\u00e9sz","og_description":"T\u0150LEM-NEKED \u2013 10 ORTAK T\u00dcRK\u00c7E VE MACARCA T\u00dcRK\u00dc Alb\u00fcm\u00fc sat\u0131n almak i\u00e7in buraya t\u0131klay\u0131n! \u201e\u0130nsan bir t\u00fcrk\u00fcy\u00fc ancak s\u00f6zlerin dilini anlarsa ger\u00e7ekten kavrayabilir.&#8221; (Bart\u00f3k B\u00e9la) Mesi&#8217;nin ilk solo alb\u00fcm\u00fc \u00f6ncelikle Macar ve T\u00fcrk anadili konu\u015fanlar\u0131na seslenir; 10 tan\u0131nm\u0131\u015f t\u00fcrk\u00fcn\u00fcn \u00e7ift versiyonu arac\u0131l\u0131\u011f\u0131yla iki halk birbirine &#8220;kendini tan\u0131t\u0131r&#8221;. Her iki millet de \u015fark\u0131lar\u0131 hem orijinal dilinde&hellip;","og_url":"https:\/\/guessousmajdamaria.hu\/tr-tolem-neked-2022\/","og_site_name":"(Magyar) Guessous Majda M\u00e1ria - n\u00e9pi \u00e9nek el\u0151ad\u00f3m\u0171v\u00e9sz","twitter_card":"summary_large_image","twitter_misc":{"Tahmini okuma s\u00fcresi":"1 dakika"},"schema":{"@context":"https:\/\/schema.org","@graph":[{"@type":"WebPage","@id":"https:\/\/guessousmajdamaria.hu\/tr-tolem-neked-2022\/","url":"https:\/\/guessousmajdamaria.hu\/tr-tolem-neked-2022\/","name":"T\u0151lem-Neked (2022) - (Magyar) Guessous Majda M\u00e1ria - n\u00e9pi \u00e9nek el\u0151ad\u00f3m\u0171v\u00e9sz","isPartOf":{"@id":"https:\/\/guessousmajdamaria.hu\/#website"},"datePublished":"2026-02-24T19:25:46+00:00","inLanguage":"tr","potentialAction":[{"@type":"ReadAction","target":["https:\/\/guessousmajdamaria.hu\/tr-tolem-neked-2022\/"]}]},{"@type":"WebSite","@id":"https:\/\/guessousmajdamaria.hu\/#website","url":"https:\/\/guessousmajdamaria.hu\/","name":"(Magyar) Guessous Majda M\u00e1ria - n\u00e9pi \u00e9nek el\u0151ad\u00f3m\u0171v\u00e9sz","description":"(Magyar) n\u00e9pi \u00e9nek el\u0151ad\u00f3m\u0171v\u00e9sz","potentialAction":[{"@type":"SearchAction","target":{"@type":"EntryPoint","urlTemplate":"https:\/\/guessousmajdamaria.hu\/?s={search_term_string}"},"query-input":{"@type":"PropertyValueSpecification","valueRequired":true,"valueName":"search_term_string"}}],"inLanguage":"tr"}]}},"_links":{"self":[{"href":"https:\/\/guessousmajdamaria.hu\/tr\/wp-json\/wp\/v2\/pages\/4891","targetHints":{"allow":["GET"]}}],"collection":[{"href":"https:\/\/guessousmajdamaria.hu\/tr\/wp-json\/wp\/v2\/pages"}],"about":[{"href":"https:\/\/guessousmajdamaria.hu\/tr\/wp-json\/wp\/v2\/types\/page"}],"author":[{"embeddable":true,"href":"https:\/\/guessousmajdamaria.hu\/tr\/wp-json\/wp\/v2\/users\/2"}],"replies":[{"embeddable":true,"href":"https:\/\/guessousmajdamaria.hu\/tr\/wp-json\/wp\/v2\/comments?post=4891"}],"version-history":[{"count":0,"href":"https:\/\/guessousmajdamaria.hu\/tr\/wp-json\/wp\/v2\/pages\/4891\/revisions"}],"wp:attachment":[{"href":"https:\/\/guessousmajdamaria.hu\/tr\/wp-json\/wp\/v2\/media?parent=4891"}],"curies":[{"name":"wp","href":"https:\/\/api.w.org\/{rel}","templated":true}]}}