{"id":3294,"date":"2014-02-15T17:18:33","date_gmt":"2014-02-15T17:18:33","guid":{"rendered":"https:\/\/guessousmajdamaria.hu\/?page_id=9"},"modified":"2026-02-26T08:40:13","modified_gmt":"2026-02-26T07:40:13","slug":"utam","status":"publish","type":"page","link":"https:\/\/guessousmajdamaria.hu\/tr\/yolum\/","title":{"rendered":"Yolum"},"content":{"rendered":"<blockquote>\u201cYaradan&#8217;a, birbirine uzak iki k\u00fclt\u00fcr\u00fcn \u00e7ocu\u011fu olabildi\u011fim i\u00e7in minnettar\u0131m. Belki de tam da bu y\u00fczden insanlar\u0131, insan gruplar\u0131n\u0131 birbirine yakla\u015ft\u0131rmak ve aralar\u0131ndaki u\u00e7urumlar\u0131 kapatmak beni temel d\u00fczeyde me\u015fgul ediyor. M\u00fczik ve halk \u015fark\u0131lar\u0131 \u00e7ocuklu\u011fumdan beri hem kendime hem de ba\u015fkalar\u0131na giden yolu a\u00e7an bir anahtar oldu. Onlar sayesinde, y\u00fczy\u0131llar\u0131 ve biny\u0131llar\u0131 yo\u011funla\u015ft\u0131ran k\u00fclt\u00fcrlerin o devasa ak\u0131nt\u0131s\u0131na kat\u0131l\u0131yorum ve b\u00f6ylece aram\u0131zdaki u\u00e7urum daral\u0131yor gibi g\u00f6r\u00fcn\u00fcyor. Yaratman\u0131n her t\u00fcrl\u00fcs\u00fc ilgimi \u00e7ekiyor, bu y\u00fczden halk \u015fark\u0131lar\u0131n\u0131n yan\u0131 s\u0131ra kendi s\u00f6zlerime ve melodilerime (2020 \u00c1tv\u00e1ltoz\u00e1s alb\u00fcm\u00fc) daha bilin\u00e7li bir y\u00f6nelme ya\u015fad\u0131m. 20 y\u0131ll\u0131k halk m\u00fczi\u011fi \u015fark\u0131c\u0131l\u0131\u011f\u0131m boyunca, i\u00e7imden say\u0131s\u0131z halk m\u00fczi\u011fi motifi ve formu ge\u00e7irdim; bunlar g\u00fcn\u00fcm\u00fczde bazen otantik bir forma b\u00fcr\u00fcn\u00fcyor, bazen de kendi \u015fark\u0131lar\u0131m\u0131n m\u00fczikal dokusunda kendilerine bir yuva buluyor.\u201d<\/blockquote>\nGuessous Majda M\u00e1ria &#8216;Mesi&#8217;, Macar-Fasl\u0131, be\u015f alb\u00fcml\u00fc bir halk m\u00fczi\u011fi \u015fark\u0131c\u0131s\u0131 ve s\u00f6z yazar\u0131d\u0131r. 2011 y\u0131l\u0131nda Junior Prima \u00d6d\u00fcl\u00fc ile onurland\u0131r\u0131lm\u0131\u015ft\u0131r. TEDx konu\u015fmac\u0131s\u0131 (2017), MUS-E program\u0131 sanat\u00e7\u0131 e\u011fitmeni ve 7 y\u0131l boyunca M\u00fczik Akademisi&#8217;nde misafir \u00f6\u011fretim \u00fcyesi olarak g\u00f6rev yapm\u0131\u015ft\u0131r. Debrecen do\u011fumlu sanat\u00e7\u0131, \u00e7ocuklu\u011funda Macar halk \u015fark\u0131lar\u0131 ve Arap m\u00fczik d\u00fcnyas\u0131 ile do\u011fal bir ortamda b\u00fcy\u00fcm\u00fc\u015ft\u00fcr. Daha sonra bu paralellik, sanatsal \u00e7al\u0131\u015fmalar\u0131n\u0131n, m\u00fczikal d\u00fc\u015f\u00fcncesinin ve Macar halk m\u00fczi\u011fi d\u0131\u015f\u0131ndaki m\u00fczikal geleneklere a\u00e7\u0131kl\u0131\u011f\u0131n\u0131n temelini olu\u015fturmu\u015ftur. M\u00fczik d\u00fcnyas\u0131 \u00f6zeldir; \u015fark\u0131 derlemelerinde farkl\u0131 k\u00fclt\u00fcrlerin halk m\u00fczi\u011fi ve metinsel i\u00e7erikleri i\u00e7 i\u00e7e ge\u00e7er. Bart\u00f3k B\u00e9la&#8217;n\u0131n &#8216;halklar\u0131n karde\u015f olmas\u0131&#8217; ideali onun i\u00e7in \u00f6zellikle \u00f6nemlidir ve bu d\u00fc\u015f\u00fcnceyi m\u00fczi\u011fiyle i\u00e7tenlikle aktar\u0131r.\n\n\u0130lk ba\u011f\u0131ms\u0131z konserini 18 ya\u015f\u0131nda memleketi Debrecen&#8217;de vermi\u015f, burada halk \u015fark\u0131lar\u0131n\u0131n yan\u0131 s\u0131ra caz, m\u00fczikal ve pop m\u00fczik d\u00fcnyas\u0131 da temsil edilmi\u015ftir. Daha sonra M\u00fczik Akademisi Halk M\u00fczi\u011fi B\u00f6l\u00fcm\u00fc&#8217;n\u00fcn tarihi ilk s\u0131n\u0131f\u0131na kabul edilmi\u015f ve 2012 y\u0131l\u0131nda halk m\u00fczi\u011fi \u015fark\u0131c\u0131s\u0131 ve \u00f6\u011fretmeni olarak mezun olmu\u015ftur. Hem yurt i\u00e7inde hem de yurt d\u0131\u015f\u0131nda say\u0131s\u0131z ustas\u0131na (tamam\u0131n\u0131 saymamakla birlikte) \u00e7ok \u015fey bor\u00e7ludur: Abderrahim Amrani, Kobzos Kiss Tam\u00e1s, Mansur Bildik, Mercan Erzincan, S\u00e1rin\u00e9 Szebenyi Judit, Dr. Sipos J\u00e1nos, Vakler Anna.\n\nAsya \u00fclkelerinden Amerika Birle\u015fik Devletleri&#8217;ne kadar d\u00fcnyan\u0131n \u00e7e\u015fitli yerlerinde d\u00fczenli olarak konserler vermektedir. Bir\u00e7ok halk m\u00fczi\u011fi, d\u00fcnya m\u00fczi\u011fi ve caz alb\u00fcm\u00fcne katk\u0131da bulunan bir \u015fark\u0131c\u0131d\u0131r.\n\nToplumsal sorunlara da sosyal bir duyarl\u0131l\u0131kla yakla\u015f\u0131r. &#8216;\u00c1tv\u00e1ltoz\u00e1s&#8217; (D\u00f6n\u00fc\u015f\u00fcm) adl\u0131 alb\u00fcm\u00fc (Tom-Tom Records), dezavantajl\u0131 insanlar\u0131n kaderini olumlu bir de\u011fi\u015fim \u0131\u015f\u0131\u011f\u0131nda \u015fark\u0131lara d\u00f6ken yenilik\u00e7i bir sanat ve sosyal giri\u015fimin sonucudur. Bu projeyi TEDxYouth@Budapest konferans\u0131nda kapan\u0131\u015f konu\u015fmac\u0131s\u0131 olarak sunma f\u0131rsat\u0131 da bulmu\u015ftur.","protected":false},"excerpt":{"rendered":"\u201cYaradan&#8217;a, birbirine uzak iki k\u00fclt\u00fcr\u00fcn \u00e7ocu\u011fu olabildi\u011fim i\u00e7in minnettar\u0131m. Belki de tam da bu y\u00fczden insanlar\u0131, insan gruplar\u0131n\u0131 birbirine yakla\u015ft\u0131rmak ve aralar\u0131ndaki u\u00e7urumlar\u0131 kapatmak beni temel d\u00fczeyde me\u015fgul ediyor. M\u00fczik ve halk \u015fark\u0131lar\u0131 \u00e7ocuklu\u011fumdan beri hem kendime hem de ba\u015fkalar\u0131na giden yolu a\u00e7an bir anahtar oldu. Onlar sayesinde, y\u00fczy\u0131llar\u0131 ve biny\u0131llar\u0131 yo\u011funla\u015ft\u0131ran k\u00fclt\u00fcrlerin o devasa&hellip;","protected":false},"author":2,"featured_media":1125,"parent":0,"menu_order":18,"comment_status":"closed","ping_status":"closed","template":"","meta":{"_acf_changed":false,"footnotes":""},"class_list":["post-3294","page","type-page","status-publish","has-post-thumbnail","hentry"],"acf":[],"yoast_head":"<!-- This site is optimized with the Yoast SEO Premium plugin v27.4 (Yoast SEO v27.4) - https:\/\/yoast.com\/product\/yoast-seo-premium-wordpress\/ -->\n<title>Yolum - (Magyar) Guessous Majda M\u00e1ria - n\u00e9pi \u00e9nek el\u0151ad\u00f3m\u0171v\u00e9sz<\/title>\n<meta name=\"robots\" content=\"index, follow, max-snippet:-1, max-image-preview:large, max-video-preview:-1\" \/>\n<link rel=\"canonical\" href=\"https:\/\/guessousmajdamaria.hu\/utam\/\" \/>\n<meta property=\"og:locale\" content=\"tr_TR\" \/>\n<meta property=\"og:type\" content=\"article\" \/>\n<meta property=\"og:title\" content=\"[:hu]Utam[:en]Bio[:tr]Yolum[:] - (Magyar) Guessous Majda M\u00e1ria - n\u00e9pi \u00e9nek el\u0151ad\u00f3m\u0171v\u00e9sz\" \/>\n<meta property=\"og:description\" content=\"\u201cYaradan&#8217;a, birbirine uzak iki k\u00fclt\u00fcr\u00fcn \u00e7ocu\u011fu olabildi\u011fim i\u00e7in minnettar\u0131m. Belki de tam da bu y\u00fczden insanlar\u0131, insan gruplar\u0131n\u0131 birbirine yakla\u015ft\u0131rmak ve aralar\u0131ndaki u\u00e7urumlar\u0131 kapatmak beni temel d\u00fczeyde me\u015fgul ediyor. M\u00fczik ve halk \u015fark\u0131lar\u0131 \u00e7ocuklu\u011fumdan beri hem kendime hem de ba\u015fkalar\u0131na giden yolu a\u00e7an bir anahtar oldu. Onlar sayesinde, y\u00fczy\u0131llar\u0131 ve biny\u0131llar\u0131 yo\u011funla\u015ft\u0131ran k\u00fclt\u00fcrlerin o devasa&hellip;\" \/>\n<meta property=\"og:url\" content=\"https:\/\/guessousmajdamaria.hu\/utam\/\" \/>\n<meta property=\"og:site_name\" content=\"(Magyar) Guessous Majda M\u00e1ria - n\u00e9pi \u00e9nek el\u0151ad\u00f3m\u0171v\u00e9sz\" \/>\n<meta property=\"article:modified_time\" content=\"2026-02-26T07:40:13+00:00\" \/>\n<meta property=\"og:image\" content=\"https:\/\/guessousmajdamaria.hu\/wp-content\/uploads\/2014\/02\/DSC_0099-1.jpg\" \/>\n\t<meta property=\"og:image:width\" content=\"510\" \/>\n\t<meta property=\"og:image:height\" content=\"768\" \/>\n\t<meta property=\"og:image:type\" content=\"image\/jpeg\" \/>\n<meta name=\"twitter:card\" content=\"summary_large_image\" \/>\n<meta name=\"twitter:label1\" content=\"Tahmini okuma s\u00fcresi\" \/>\n\t<meta name=\"twitter:data1\" content=\"2 dakika\" \/>\n<script type=\"application\/ld+json\" class=\"yoast-schema-graph\">{\"@context\":\"https:\\\/\\\/schema.org\",\"@graph\":[{\"@type\":\"WebPage\",\"@id\":\"https:\\\/\\\/guessousmajdamaria.hu\\\/utam\\\/\",\"url\":\"https:\\\/\\\/guessousmajdamaria.hu\\\/utam\\\/\",\"name\":\"[:hu]Utam[:en]Bio[:tr]Yolum[:] - (Magyar) Guessous Majda M\u00e1ria - n\u00e9pi \u00e9nek el\u0151ad\u00f3m\u0171v\u00e9sz\",\"isPartOf\":{\"@id\":\"https:\\\/\\\/guessousmajdamaria.hu\\\/#website\"},\"primaryImageOfPage\":{\"@id\":\"https:\\\/\\\/guessousmajdamaria.hu\\\/utam\\\/#primaryimage\"},\"image\":{\"@id\":\"https:\\\/\\\/guessousmajdamaria.hu\\\/utam\\\/#primaryimage\"},\"thumbnailUrl\":\"https:\\\/\\\/guessousmajdamaria.hu\\\/wp-content\\\/uploads\\\/2014\\\/02\\\/DSC_0099-1.jpg\",\"datePublished\":\"2014-02-15T17:18:33+00:00\",\"dateModified\":\"2026-02-26T07:40:13+00:00\",\"inLanguage\":\"tr\",\"potentialAction\":[{\"@type\":\"ReadAction\",\"target\":[\"https:\\\/\\\/guessousmajdamaria.hu\\\/utam\\\/\"]}]},{\"@type\":\"ImageObject\",\"inLanguage\":\"tr\",\"@id\":\"https:\\\/\\\/guessousmajdamaria.hu\\\/utam\\\/#primaryimage\",\"url\":\"https:\\\/\\\/guessousmajdamaria.hu\\\/wp-content\\\/uploads\\\/2014\\\/02\\\/DSC_0099-1.jpg\",\"contentUrl\":\"https:\\\/\\\/guessousmajdamaria.hu\\\/wp-content\\\/uploads\\\/2014\\\/02\\\/DSC_0099-1.jpg\",\"width\":510,\"height\":768},{\"@type\":\"WebSite\",\"@id\":\"https:\\\/\\\/guessousmajdamaria.hu\\\/#website\",\"url\":\"https:\\\/\\\/guessousmajdamaria.hu\\\/\",\"name\":\"(Magyar) Guessous Majda M\u00e1ria - n\u00e9pi \u00e9nek el\u0151ad\u00f3m\u0171v\u00e9sz\",\"description\":\"(Magyar) n\u00e9pi \u00e9nek el\u0151ad\u00f3m\u0171v\u00e9sz\",\"potentialAction\":[{\"@type\":\"SearchAction\",\"target\":{\"@type\":\"EntryPoint\",\"urlTemplate\":\"https:\\\/\\\/guessousmajdamaria.hu\\\/?s={search_term_string}\"},\"query-input\":{\"@type\":\"PropertyValueSpecification\",\"valueRequired\":true,\"valueName\":\"search_term_string\"}}],\"inLanguage\":\"tr\"}]}<\/script>\n<!-- \/ Yoast SEO Premium plugin. -->","yoast_head_json":{"title":"Yolum - (Magyar) Guessous Majda M\u00e1ria - n\u00e9pi \u00e9nek el\u0151ad\u00f3m\u0171v\u00e9sz","robots":{"index":"index","follow":"follow","max-snippet":"max-snippet:-1","max-image-preview":"max-image-preview:large","max-video-preview":"max-video-preview:-1"},"canonical":"https:\/\/guessousmajdamaria.hu\/utam\/","og_locale":"tr_TR","og_type":"article","og_title":"[:hu]Utam[:en]Bio[:tr]Yolum[:] - (Magyar) Guessous Majda M\u00e1ria - n\u00e9pi \u00e9nek el\u0151ad\u00f3m\u0171v\u00e9sz","og_description":"\u201cYaradan&#8217;a, birbirine uzak iki k\u00fclt\u00fcr\u00fcn \u00e7ocu\u011fu olabildi\u011fim i\u00e7in minnettar\u0131m. Belki de tam da bu y\u00fczden insanlar\u0131, insan gruplar\u0131n\u0131 birbirine yakla\u015ft\u0131rmak ve aralar\u0131ndaki u\u00e7urumlar\u0131 kapatmak beni temel d\u00fczeyde me\u015fgul ediyor. M\u00fczik ve halk \u015fark\u0131lar\u0131 \u00e7ocuklu\u011fumdan beri hem kendime hem de ba\u015fkalar\u0131na giden yolu a\u00e7an bir anahtar oldu. Onlar sayesinde, y\u00fczy\u0131llar\u0131 ve biny\u0131llar\u0131 yo\u011funla\u015ft\u0131ran k\u00fclt\u00fcrlerin o devasa&hellip;","og_url":"https:\/\/guessousmajdamaria.hu\/utam\/","og_site_name":"(Magyar) Guessous Majda M\u00e1ria - n\u00e9pi \u00e9nek el\u0151ad\u00f3m\u0171v\u00e9sz","article_modified_time":"2026-02-26T07:40:13+00:00","og_image":[{"width":510,"height":768,"url":"https:\/\/guessousmajdamaria.hu\/wp-content\/uploads\/2014\/02\/DSC_0099-1.jpg","type":"image\/jpeg"}],"twitter_card":"summary_large_image","twitter_misc":{"Tahmini okuma s\u00fcresi":"2 dakika"},"schema":{"@context":"https:\/\/schema.org","@graph":[{"@type":"WebPage","@id":"https:\/\/guessousmajdamaria.hu\/utam\/","url":"https:\/\/guessousmajdamaria.hu\/utam\/","name":"[:hu]Utam[:en]Bio[:tr]Yolum[:] - (Magyar) Guessous Majda M\u00e1ria - n\u00e9pi \u00e9nek el\u0151ad\u00f3m\u0171v\u00e9sz","isPartOf":{"@id":"https:\/\/guessousmajdamaria.hu\/#website"},"primaryImageOfPage":{"@id":"https:\/\/guessousmajdamaria.hu\/utam\/#primaryimage"},"image":{"@id":"https:\/\/guessousmajdamaria.hu\/utam\/#primaryimage"},"thumbnailUrl":"https:\/\/guessousmajdamaria.hu\/wp-content\/uploads\/2014\/02\/DSC_0099-1.jpg","datePublished":"2014-02-15T17:18:33+00:00","dateModified":"2026-02-26T07:40:13+00:00","inLanguage":"tr","potentialAction":[{"@type":"ReadAction","target":["https:\/\/guessousmajdamaria.hu\/utam\/"]}]},{"@type":"ImageObject","inLanguage":"tr","@id":"https:\/\/guessousmajdamaria.hu\/utam\/#primaryimage","url":"https:\/\/guessousmajdamaria.hu\/wp-content\/uploads\/2014\/02\/DSC_0099-1.jpg","contentUrl":"https:\/\/guessousmajdamaria.hu\/wp-content\/uploads\/2014\/02\/DSC_0099-1.jpg","width":510,"height":768},{"@type":"WebSite","@id":"https:\/\/guessousmajdamaria.hu\/#website","url":"https:\/\/guessousmajdamaria.hu\/","name":"(Magyar) Guessous Majda M\u00e1ria - n\u00e9pi \u00e9nek el\u0151ad\u00f3m\u0171v\u00e9sz","description":"(Magyar) n\u00e9pi \u00e9nek el\u0151ad\u00f3m\u0171v\u00e9sz","potentialAction":[{"@type":"SearchAction","target":{"@type":"EntryPoint","urlTemplate":"https:\/\/guessousmajdamaria.hu\/?s={search_term_string}"},"query-input":{"@type":"PropertyValueSpecification","valueRequired":true,"valueName":"search_term_string"}}],"inLanguage":"tr"}]}},"_links":{"self":[{"href":"https:\/\/guessousmajdamaria.hu\/tr\/wp-json\/wp\/v2\/pages\/3294","targetHints":{"allow":["GET"]}}],"collection":[{"href":"https:\/\/guessousmajdamaria.hu\/tr\/wp-json\/wp\/v2\/pages"}],"about":[{"href":"https:\/\/guessousmajdamaria.hu\/tr\/wp-json\/wp\/v2\/types\/page"}],"author":[{"embeddable":true,"href":"https:\/\/guessousmajdamaria.hu\/tr\/wp-json\/wp\/v2\/users\/2"}],"replies":[{"embeddable":true,"href":"https:\/\/guessousmajdamaria.hu\/tr\/wp-json\/wp\/v2\/comments?post=3294"}],"version-history":[{"count":10,"href":"https:\/\/guessousmajdamaria.hu\/tr\/wp-json\/wp\/v2\/pages\/3294\/revisions"}],"predecessor-version":[{"id":5057,"href":"https:\/\/guessousmajdamaria.hu\/tr\/wp-json\/wp\/v2\/pages\/3294\/revisions\/5057"}],"wp:featuredmedia":[{"embeddable":true,"href":"https:\/\/guessousmajdamaria.hu\/tr\/wp-json\/wp\/v2\/media\/1125"}],"wp:attachment":[{"href":"https:\/\/guessousmajdamaria.hu\/tr\/wp-json\/wp\/v2\/media?parent=3294"}],"curies":[{"name":"wp","href":"https:\/\/api.w.org\/{rel}","templated":true}]}}