{"id":2388,"date":"2018-06-29T20:59:55","date_gmt":"2018-06-29T18:59:55","guid":{"rendered":"https:\/\/guessousmajdamaria.hu\/?page_id=2388"},"modified":"2026-02-20T15:12:59","modified_gmt":"2026-02-20T14:12:59","slug":"adatkezelesi-tajekoztato-2","status":"publish","type":"page","link":"https:\/\/guessousmajdamaria.hu\/tr\/adatkezelesi-tajekoztato-2\/","title":{"rendered":"Gizlilik Politikas\u0131"},"content":{"rendered":"<p><\/p>\n<p><strong>Giri\u015f<\/strong><\/p>\n<p>Bu veri i\u015fleme ve gizlilik politikalar\u0131 web sitemin ziyaret\u00e7ilerinin, tedarik\u00e7ilerimin ve m\u00fc\u015fterilerimin ki\u015fisel verileri i\u00e7in ge\u00e7erlidir. Politikalar hakk\u0131nda detayl\u0131 bilgi, Macarca dilindeki aray\u00fczde verilmektedir.<\/p>\n<p><\/p>","protected":false},"excerpt":{"rendered":"Giri\u015f Bu veri i\u015fleme ve gizlilik politikalar\u0131 web sitemin ziyaret\u00e7ilerinin, tedarik\u00e7ilerimin ve m\u00fc\u015fterilerimin ki\u015fisel verileri i\u00e7in ge\u00e7erlidir. Politikalar hakk\u0131nda detayl\u0131 bilgi, Macarca dilindeki aray\u00fczde verilmektedir.","protected":false},"author":2,"featured_media":0,"parent":0,"menu_order":7,"comment_status":"closed","ping_status":"closed","template":"","meta":{"_acf_changed":false,"footnotes":""},"class_list":["post-2388","page","type-page","status-publish","hentry"],"acf":[],"yoast_head":"<!-- This site is optimized with the Yoast SEO Premium plugin v27.3 (Yoast SEO v27.3) - https:\/\/yoast.com\/product\/yoast-seo-premium-wordpress\/ -->\n<title>Gizlilik Politikas\u0131 - (Magyar) Guessous Majda M\u00e1ria - n\u00e9pi \u00e9nek el\u0151ad\u00f3m\u0171v\u00e9sz<\/title>\n<meta name=\"robots\" content=\"index, follow, max-snippet:-1, max-image-preview:large, max-video-preview:-1\" \/>\n<link rel=\"canonical\" href=\"https:\/\/guessousmajdamaria.hu\/adatkezelesi-tajekoztato\/\" \/>\n<meta property=\"og:locale\" content=\"tr_TR\" \/>\n<meta property=\"og:type\" content=\"article\" \/>\n<meta property=\"og:title\" content=\"[:hu]Adatkezel\u00e9si t\u00e1j\u00e9koztat\u00f3[:tr]Gizlilik Politikas\u0131[:] - (Magyar) Guessous Majda M\u00e1ria - n\u00e9pi \u00e9nek el\u0151ad\u00f3m\u0171v\u00e9sz\" \/>\n<meta property=\"og:description\" content=\"Giri\u015f Bu veri i\u015fleme ve gizlilik politikalar\u0131 web sitemin ziyaret\u00e7ilerinin, tedarik\u00e7ilerimin ve m\u00fc\u015fterilerimin ki\u015fisel verileri i\u00e7in ge\u00e7erlidir. Politikalar hakk\u0131nda detayl\u0131 bilgi, Macarca dilindeki aray\u00fczde verilmektedir.\" \/>\n<meta property=\"og:url\" content=\"https:\/\/guessousmajdamaria.hu\/adatkezelesi-tajekoztato\/\" \/>\n<meta property=\"og:site_name\" content=\"(Magyar) Guessous Majda M\u00e1ria - n\u00e9pi \u00e9nek el\u0151ad\u00f3m\u0171v\u00e9sz\" \/>\n<meta property=\"article:modified_time\" content=\"2026-02-20T14:12:59+00:00\" \/>\n<meta name=\"twitter:card\" content=\"summary_large_image\" \/>\n<meta name=\"twitter:label1\" content=\"Tahmini okuma s\u00fcresi\" \/>\n\t<meta name=\"twitter:data1\" content=\"22 dakika\" \/>\n<script type=\"application\/ld+json\" class=\"yoast-schema-graph\">{\"@context\":\"https:\\\/\\\/schema.org\",\"@graph\":[{\"@type\":\"WebPage\",\"@id\":\"https:\\\/\\\/guessousmajdamaria.hu\\\/adatkezelesi-tajekoztato\\\/\",\"url\":\"https:\\\/\\\/guessousmajdamaria.hu\\\/adatkezelesi-tajekoztato\\\/\",\"name\":\"[:hu]Adatkezel\u00e9si t\u00e1j\u00e9koztat\u00f3[:tr]Gizlilik Politikas\u0131[:] - (Magyar) Guessous Majda M\u00e1ria - n\u00e9pi \u00e9nek el\u0151ad\u00f3m\u0171v\u00e9sz\",\"isPartOf\":{\"@id\":\"https:\\\/\\\/guessousmajdamaria.hu\\\/#website\"},\"datePublished\":\"2018-06-29T18:59:55+00:00\",\"dateModified\":\"2026-02-20T14:12:59+00:00\",\"inLanguage\":\"tr\",\"potentialAction\":[{\"@type\":\"ReadAction\",\"target\":[\"https:\\\/\\\/guessousmajdamaria.hu\\\/adatkezelesi-tajekoztato\\\/\"]}]},{\"@type\":\"WebSite\",\"@id\":\"https:\\\/\\\/guessousmajdamaria.hu\\\/#website\",\"url\":\"https:\\\/\\\/guessousmajdamaria.hu\\\/\",\"name\":\"(Magyar) Guessous Majda M\u00e1ria - n\u00e9pi \u00e9nek el\u0151ad\u00f3m\u0171v\u00e9sz\",\"description\":\"(Magyar) n\u00e9pi \u00e9nek el\u0151ad\u00f3m\u0171v\u00e9sz\",\"potentialAction\":[{\"@type\":\"SearchAction\",\"target\":{\"@type\":\"EntryPoint\",\"urlTemplate\":\"https:\\\/\\\/guessousmajdamaria.hu\\\/?s={search_term_string}\"},\"query-input\":{\"@type\":\"PropertyValueSpecification\",\"valueRequired\":true,\"valueName\":\"search_term_string\"}}],\"inLanguage\":\"tr\"}]}<\/script>\n<!-- \/ Yoast SEO Premium plugin. -->","yoast_head_json":{"title":"Gizlilik Politikas\u0131 - (Magyar) Guessous Majda M\u00e1ria - n\u00e9pi \u00e9nek el\u0151ad\u00f3m\u0171v\u00e9sz","robots":{"index":"index","follow":"follow","max-snippet":"max-snippet:-1","max-image-preview":"max-image-preview:large","max-video-preview":"max-video-preview:-1"},"canonical":"https:\/\/guessousmajdamaria.hu\/adatkezelesi-tajekoztato\/","og_locale":"tr_TR","og_type":"article","og_title":"[:hu]Adatkezel\u00e9si t\u00e1j\u00e9koztat\u00f3[:tr]Gizlilik Politikas\u0131[:] - (Magyar) Guessous Majda M\u00e1ria - n\u00e9pi \u00e9nek el\u0151ad\u00f3m\u0171v\u00e9sz","og_description":"Giri\u015f Bu veri i\u015fleme ve gizlilik politikalar\u0131 web sitemin ziyaret\u00e7ilerinin, tedarik\u00e7ilerimin ve m\u00fc\u015fterilerimin ki\u015fisel verileri i\u00e7in ge\u00e7erlidir. Politikalar hakk\u0131nda detayl\u0131 bilgi, Macarca dilindeki aray\u00fczde verilmektedir.","og_url":"https:\/\/guessousmajdamaria.hu\/adatkezelesi-tajekoztato\/","og_site_name":"(Magyar) Guessous Majda M\u00e1ria - n\u00e9pi \u00e9nek el\u0151ad\u00f3m\u0171v\u00e9sz","article_modified_time":"2026-02-20T14:12:59+00:00","twitter_card":"summary_large_image","twitter_misc":{"Tahmini okuma s\u00fcresi":"22 dakika"},"schema":{"@context":"https:\/\/schema.org","@graph":[{"@type":"WebPage","@id":"https:\/\/guessousmajdamaria.hu\/adatkezelesi-tajekoztato\/","url":"https:\/\/guessousmajdamaria.hu\/adatkezelesi-tajekoztato\/","name":"[:hu]Adatkezel\u00e9si t\u00e1j\u00e9koztat\u00f3[:tr]Gizlilik Politikas\u0131[:] - (Magyar) Guessous Majda M\u00e1ria - n\u00e9pi \u00e9nek el\u0151ad\u00f3m\u0171v\u00e9sz","isPartOf":{"@id":"https:\/\/guessousmajdamaria.hu\/#website"},"datePublished":"2018-06-29T18:59:55+00:00","dateModified":"2026-02-20T14:12:59+00:00","inLanguage":"tr","potentialAction":[{"@type":"ReadAction","target":["https:\/\/guessousmajdamaria.hu\/adatkezelesi-tajekoztato\/"]}]},{"@type":"WebSite","@id":"https:\/\/guessousmajdamaria.hu\/#website","url":"https:\/\/guessousmajdamaria.hu\/","name":"(Magyar) Guessous Majda M\u00e1ria - n\u00e9pi \u00e9nek el\u0151ad\u00f3m\u0171v\u00e9sz","description":"(Magyar) n\u00e9pi \u00e9nek el\u0151ad\u00f3m\u0171v\u00e9sz","potentialAction":[{"@type":"SearchAction","target":{"@type":"EntryPoint","urlTemplate":"https:\/\/guessousmajdamaria.hu\/?s={search_term_string}"},"query-input":{"@type":"PropertyValueSpecification","valueRequired":true,"valueName":"search_term_string"}}],"inLanguage":"tr"}]}},"_links":{"self":[{"href":"https:\/\/guessousmajdamaria.hu\/tr\/wp-json\/wp\/v2\/pages\/2388","targetHints":{"allow":["GET"]}}],"collection":[{"href":"https:\/\/guessousmajdamaria.hu\/tr\/wp-json\/wp\/v2\/pages"}],"about":[{"href":"https:\/\/guessousmajdamaria.hu\/tr\/wp-json\/wp\/v2\/types\/page"}],"author":[{"embeddable":true,"href":"https:\/\/guessousmajdamaria.hu\/tr\/wp-json\/wp\/v2\/users\/2"}],"replies":[{"embeddable":true,"href":"https:\/\/guessousmajdamaria.hu\/tr\/wp-json\/wp\/v2\/comments?post=2388"}],"version-history":[{"count":5,"href":"https:\/\/guessousmajdamaria.hu\/tr\/wp-json\/wp\/v2\/pages\/2388\/revisions"}],"predecessor-version":[{"id":3893,"href":"https:\/\/guessousmajdamaria.hu\/tr\/wp-json\/wp\/v2\/pages\/2388\/revisions\/3893"}],"wp:attachment":[{"href":"https:\/\/guessousmajdamaria.hu\/tr\/wp-json\/wp\/v2\/media?parent=2388"}],"curies":[{"name":"wp","href":"https:\/\/api.w.org\/{rel}","templated":true}]}}