{"id":199,"date":"2014-02-18T16:49:29","date_gmt":"2014-02-18T16:49:29","guid":{"rendered":"https:\/\/guessousmajdamaria.hu\/?page_id=199"},"modified":"2026-02-26T08:40:15","modified_gmt":"2026-02-26T07:40:15","slug":"kapcsolat","status":"publish","type":"page","link":"https:\/\/guessousmajdamaria.hu\/tr\/iletisimiletisimkapcsolat\/","title":{"rendered":"Iletisim"},"content":{"rendered":"<p><\/p>\n<div class=\"row\">\n<div class=\"col-sm-6\"><strong>E-posta adresi:<span style=\"text-decoration: underline;\"><br \/>\n<\/span><\/strong><a href=\"mailto:guessousmesi@gmail.com\"><span style=\"text-decoration: underline;\">guessousmesi@gmail.com<br \/>\n<\/span><\/a><\/p>\n<p><strong>Web sitesi y\u00f6neticisi:<br \/>\n<\/strong><em>Matk\u00f3 \u00c9va<\/em><strong><br \/>\n<\/strong><em>e-posta: <\/em><a href=\"mailto:mevi88@citromail.hu\"><em>mevi88@citromail.hu<\/em><\/a><\/p>\n<\/div>\n<div class=\"col-sm-6\"><a href=\"http:\/\/www.facebook.com\/pages\/Guessous-Majda-M%C3%A1ria\/461353383895543?ref=hl\" target=\"_blank\" rel=\"noopener\"><i class=\"fab fa-facebook-square\"><\/i> <strong>Resmi Facebook<br \/>\nsayfas\u0131<\/strong><\/a><\/div>\n<\/div>\n<p><\/p>","protected":false},"excerpt":{"rendered":"E-posta adresi: guessousmesi@gmail.com Web sitesi y\u00f6neticisi: Matk\u00f3 \u00c9va e-posta: mevi88@citromail.hu Resmi Facebook sayfas\u0131","protected":false},"author":1,"featured_media":0,"parent":0,"menu_order":13,"comment_status":"closed","ping_status":"closed","template":"","meta":{"_acf_changed":false,"footnotes":""},"class_list":["post-199","page","type-page","status-publish","hentry"],"acf":[],"yoast_head":"<!-- This site is optimized with the Yoast SEO Premium plugin v27.4 (Yoast SEO v27.4) - https:\/\/yoast.com\/product\/yoast-seo-premium-wordpress\/ -->\n<title>Kapcsolat - Guessous Majda M\u00e1ria<\/title>\n<meta name=\"robots\" content=\"index, follow, max-snippet:-1, max-image-preview:large, max-video-preview:-1\" \/>\n<link rel=\"canonical\" href=\"https:\/\/guessousmajdamaria.hu\/kapcsolat\/\" \/>\n<meta property=\"og:locale\" content=\"tr_TR\" \/>\n<meta property=\"og:type\" content=\"article\" \/>\n<meta property=\"og:title\" content=\"Kapcsolat - Guessous Majda M\u00e1ria\" \/>\n<meta property=\"og:description\" content=\"E-posta adresi: guessousmesi@gmail.com Web sitesi y\u00f6neticisi: Matk\u00f3 \u00c9va e-posta: mevi88@citromail.hu Resmi Facebook sayfas\u0131\" \/>\n<meta property=\"og:url\" content=\"https:\/\/guessousmajdamaria.hu\/kapcsolat\/\" \/>\n<meta property=\"og:site_name\" content=\"(Magyar) Guessous Majda M\u00e1ria - n\u00e9pi \u00e9nek el\u0151ad\u00f3m\u0171v\u00e9sz\" \/>\n<meta property=\"article:modified_time\" content=\"2026-02-26T07:40:15+00:00\" \/>\n<meta name=\"twitter:card\" content=\"summary_large_image\" \/>\n<meta name=\"twitter:label1\" content=\"Tahmini okuma s\u00fcresi\" \/>\n\t<meta name=\"twitter:data1\" content=\"1 dakika\" \/>\n<script type=\"application\/ld+json\" class=\"yoast-schema-graph\">{\"@context\":\"https:\\\/\\\/schema.org\",\"@graph\":[{\"@type\":\"WebPage\",\"@id\":\"https:\\\/\\\/guessousmajdamaria.hu\\\/kapcsolat\\\/\",\"url\":\"https:\\\/\\\/guessousmajdamaria.hu\\\/kapcsolat\\\/\",\"name\":\"Kapcsolat - Guessous Majda M\u00e1ria\",\"isPartOf\":{\"@id\":\"https:\\\/\\\/guessousmajdamaria.hu\\\/#website\"},\"datePublished\":\"2014-02-18T16:49:29+00:00\",\"dateModified\":\"2026-02-26T07:40:15+00:00\",\"inLanguage\":\"tr\",\"potentialAction\":[{\"@type\":\"ReadAction\",\"target\":[\"https:\\\/\\\/guessousmajdamaria.hu\\\/kapcsolat\\\/\"]}]},{\"@type\":\"WebSite\",\"@id\":\"https:\\\/\\\/guessousmajdamaria.hu\\\/#website\",\"url\":\"https:\\\/\\\/guessousmajdamaria.hu\\\/\",\"name\":\"(Magyar) Guessous Majda M\u00e1ria - n\u00e9pi \u00e9nek el\u0151ad\u00f3m\u0171v\u00e9sz\",\"description\":\"(Magyar) n\u00e9pi \u00e9nek el\u0151ad\u00f3m\u0171v\u00e9sz\",\"potentialAction\":[{\"@type\":\"SearchAction\",\"target\":{\"@type\":\"EntryPoint\",\"urlTemplate\":\"https:\\\/\\\/guessousmajdamaria.hu\\\/?s={search_term_string}\"},\"query-input\":{\"@type\":\"PropertyValueSpecification\",\"valueRequired\":true,\"valueName\":\"search_term_string\"}}],\"inLanguage\":\"tr\"}]}<\/script>\n<!-- \/ Yoast SEO Premium plugin. -->","yoast_head_json":{"title":"Kapcsolat - Guessous Majda M\u00e1ria","robots":{"index":"index","follow":"follow","max-snippet":"max-snippet:-1","max-image-preview":"max-image-preview:large","max-video-preview":"max-video-preview:-1"},"canonical":"https:\/\/guessousmajdamaria.hu\/kapcsolat\/","og_locale":"tr_TR","og_type":"article","og_title":"Kapcsolat - Guessous Majda M\u00e1ria","og_description":"E-posta adresi: guessousmesi@gmail.com Web sitesi y\u00f6neticisi: Matk\u00f3 \u00c9va e-posta: mevi88@citromail.hu Resmi Facebook sayfas\u0131","og_url":"https:\/\/guessousmajdamaria.hu\/kapcsolat\/","og_site_name":"(Magyar) Guessous Majda M\u00e1ria - n\u00e9pi \u00e9nek el\u0151ad\u00f3m\u0171v\u00e9sz","article_modified_time":"2026-02-26T07:40:15+00:00","twitter_card":"summary_large_image","twitter_misc":{"Tahmini okuma s\u00fcresi":"1 dakika"},"schema":{"@context":"https:\/\/schema.org","@graph":[{"@type":"WebPage","@id":"https:\/\/guessousmajdamaria.hu\/kapcsolat\/","url":"https:\/\/guessousmajdamaria.hu\/kapcsolat\/","name":"Kapcsolat - Guessous Majda M\u00e1ria","isPartOf":{"@id":"https:\/\/guessousmajdamaria.hu\/#website"},"datePublished":"2014-02-18T16:49:29+00:00","dateModified":"2026-02-26T07:40:15+00:00","inLanguage":"tr","potentialAction":[{"@type":"ReadAction","target":["https:\/\/guessousmajdamaria.hu\/kapcsolat\/"]}]},{"@type":"WebSite","@id":"https:\/\/guessousmajdamaria.hu\/#website","url":"https:\/\/guessousmajdamaria.hu\/","name":"(Magyar) Guessous Majda M\u00e1ria - n\u00e9pi \u00e9nek el\u0151ad\u00f3m\u0171v\u00e9sz","description":"(Magyar) n\u00e9pi \u00e9nek el\u0151ad\u00f3m\u0171v\u00e9sz","potentialAction":[{"@type":"SearchAction","target":{"@type":"EntryPoint","urlTemplate":"https:\/\/guessousmajdamaria.hu\/?s={search_term_string}"},"query-input":{"@type":"PropertyValueSpecification","valueRequired":true,"valueName":"search_term_string"}}],"inLanguage":"tr"}]}},"_links":{"self":[{"href":"https:\/\/guessousmajdamaria.hu\/tr\/wp-json\/wp\/v2\/pages\/199","targetHints":{"allow":["GET"]}}],"collection":[{"href":"https:\/\/guessousmajdamaria.hu\/tr\/wp-json\/wp\/v2\/pages"}],"about":[{"href":"https:\/\/guessousmajdamaria.hu\/tr\/wp-json\/wp\/v2\/types\/page"}],"author":[{"embeddable":true,"href":"https:\/\/guessousmajdamaria.hu\/tr\/wp-json\/wp\/v2\/users\/1"}],"replies":[{"embeddable":true,"href":"https:\/\/guessousmajdamaria.hu\/tr\/wp-json\/wp\/v2\/comments?post=199"}],"version-history":[{"count":16,"href":"https:\/\/guessousmajdamaria.hu\/tr\/wp-json\/wp\/v2\/pages\/199\/revisions"}],"predecessor-version":[{"id":5059,"href":"https:\/\/guessousmajdamaria.hu\/tr\/wp-json\/wp\/v2\/pages\/199\/revisions\/5059"}],"wp:attachment":[{"href":"https:\/\/guessousmajdamaria.hu\/tr\/wp-json\/wp\/v2\/media?parent=199"}],"curies":[{"name":"wp","href":"https:\/\/api.w.org\/{rel}","templated":true}]}}