{"id":1921,"date":"2017-09-12T19:55:07","date_gmt":"2017-09-12T17:55:07","guid":{"rendered":"https:\/\/guessousmajdamaria.hu\/?page_id=1921"},"modified":"2026-02-22T10:50:15","modified_gmt":"2026-02-22T09:50:15","slug":"metamorphosis","status":"publish","type":"page","link":"https:\/\/guessousmajdamaria.hu\/tr\/metamorphosis\/","title":{"rendered":"Metamorphosis"},"content":{"rendered":"<iframe loading=\"lazy\" title=\"Guessous Mesi - \u00c1tv\u00e1ltoz\u00e1s\/Metamorphosis Vlog #1\" width=\"500\" height=\"281\" src=\"https:\/\/www.youtube.com\/embed\/K08_qg8TlO4?feature=oembed\" frameborder=\"0\" allow=\"accelerometer; autoplay; clipboard-write; encrypted-media; gyroscope; picture-in-picture; web-share\" referrerpolicy=\"strict-origin-when-cross-origin\" allowfullscreen><\/iframe>..","protected":false},"excerpt":{"rendered":"..","protected":false},"author":2,"featured_media":1869,"parent":0,"menu_order":9,"comment_status":"closed","ping_status":"closed","template":"","meta":{"_acf_changed":false,"footnotes":""},"class_list":["post-1921","page","type-page","status-publish","has-post-thumbnail","hentry"],"acf":[],"yoast_head":"<!-- This site is optimized with the Yoast SEO Premium plugin v27.4 (Yoast SEO v27.4) - https:\/\/yoast.com\/product\/yoast-seo-premium-wordpress\/ -->\n<title>Metamorphosis - (Magyar) Guessous Majda M\u00e1ria - n\u00e9pi \u00e9nek el\u0151ad\u00f3m\u0171v\u00e9sz<\/title>\n<meta name=\"robots\" content=\"index, follow, max-snippet:-1, max-image-preview:large, max-video-preview:-1\" \/>\n<link rel=\"canonical\" href=\"https:\/\/guessousmajdamaria.hu\/metamorphosis\/\" \/>\n<meta property=\"og:locale\" content=\"tr_TR\" \/>\n<meta property=\"og:type\" content=\"article\" \/>\n<meta property=\"og:title\" content=\"[:hu]Metamorphosis[:tr]Metamorphosis[:] - (Magyar) Guessous Majda M\u00e1ria - n\u00e9pi \u00e9nek el\u0151ad\u00f3m\u0171v\u00e9sz\" \/>\n<meta property=\"og:description\" content=\"..\" \/>\n<meta property=\"og:url\" content=\"https:\/\/guessousmajdamaria.hu\/metamorphosis\/\" \/>\n<meta property=\"og:site_name\" content=\"(Magyar) Guessous Majda M\u00e1ria - n\u00e9pi \u00e9nek el\u0151ad\u00f3m\u0171v\u00e9sz\" \/>\n<meta property=\"article:modified_time\" content=\"2026-02-22T09:50:15+00:00\" \/>\n<meta property=\"og:image\" content=\"https:\/\/guessousmajdamaria.hu\/wp-content\/uploads\/2017\/09\/Mesi_Mus-e-1.jpg\" \/>\n\t<meta property=\"og:image:width\" content=\"1920\" \/>\n\t<meta property=\"og:image:height\" content=\"1280\" \/>\n\t<meta property=\"og:image:type\" content=\"image\/jpeg\" \/>\n<meta name=\"twitter:card\" content=\"summary_large_image\" \/>\n<script type=\"application\/ld+json\" class=\"yoast-schema-graph\">{\"@context\":\"https:\\\/\\\/schema.org\",\"@graph\":[{\"@type\":\"WebPage\",\"@id\":\"https:\\\/\\\/guessousmajdamaria.hu\\\/metamorphosis\\\/\",\"url\":\"https:\\\/\\\/guessousmajdamaria.hu\\\/metamorphosis\\\/\",\"name\":\"[:hu]Metamorphosis[:tr]Metamorphosis[:] - (Magyar) Guessous Majda M\u00e1ria - n\u00e9pi \u00e9nek el\u0151ad\u00f3m\u0171v\u00e9sz\",\"isPartOf\":{\"@id\":\"https:\\\/\\\/guessousmajdamaria.hu\\\/#website\"},\"primaryImageOfPage\":{\"@id\":\"https:\\\/\\\/guessousmajdamaria.hu\\\/metamorphosis\\\/#primaryimage\"},\"image\":{\"@id\":\"https:\\\/\\\/guessousmajdamaria.hu\\\/metamorphosis\\\/#primaryimage\"},\"thumbnailUrl\":\"https:\\\/\\\/guessousmajdamaria.hu\\\/wp-content\\\/uploads\\\/2017\\\/09\\\/Mesi_Mus-e-1.jpg\",\"datePublished\":\"2017-09-12T17:55:07+00:00\",\"dateModified\":\"2026-02-22T09:50:15+00:00\",\"inLanguage\":\"tr\",\"potentialAction\":[{\"@type\":\"ReadAction\",\"target\":[\"https:\\\/\\\/guessousmajdamaria.hu\\\/metamorphosis\\\/\"]}]},{\"@type\":\"ImageObject\",\"inLanguage\":\"tr\",\"@id\":\"https:\\\/\\\/guessousmajdamaria.hu\\\/metamorphosis\\\/#primaryimage\",\"url\":\"https:\\\/\\\/guessousmajdamaria.hu\\\/wp-content\\\/uploads\\\/2017\\\/09\\\/Mesi_Mus-e-1.jpg\",\"contentUrl\":\"https:\\\/\\\/guessousmajdamaria.hu\\\/wp-content\\\/uploads\\\/2017\\\/09\\\/Mesi_Mus-e-1.jpg\",\"width\":1920,\"height\":1280},{\"@type\":\"WebSite\",\"@id\":\"https:\\\/\\\/guessousmajdamaria.hu\\\/#website\",\"url\":\"https:\\\/\\\/guessousmajdamaria.hu\\\/\",\"name\":\"(Magyar) Guessous Majda M\u00e1ria - n\u00e9pi \u00e9nek el\u0151ad\u00f3m\u0171v\u00e9sz\",\"description\":\"(Magyar) n\u00e9pi \u00e9nek el\u0151ad\u00f3m\u0171v\u00e9sz\",\"potentialAction\":[{\"@type\":\"SearchAction\",\"target\":{\"@type\":\"EntryPoint\",\"urlTemplate\":\"https:\\\/\\\/guessousmajdamaria.hu\\\/?s={search_term_string}\"},\"query-input\":{\"@type\":\"PropertyValueSpecification\",\"valueRequired\":true,\"valueName\":\"search_term_string\"}}],\"inLanguage\":\"tr\"}]}<\/script>\n<!-- \/ Yoast SEO Premium plugin. -->","yoast_head_json":{"title":"Metamorphosis - (Magyar) Guessous Majda M\u00e1ria - n\u00e9pi \u00e9nek el\u0151ad\u00f3m\u0171v\u00e9sz","robots":{"index":"index","follow":"follow","max-snippet":"max-snippet:-1","max-image-preview":"max-image-preview:large","max-video-preview":"max-video-preview:-1"},"canonical":"https:\/\/guessousmajdamaria.hu\/metamorphosis\/","og_locale":"tr_TR","og_type":"article","og_title":"[:hu]Metamorphosis[:tr]Metamorphosis[:] - (Magyar) Guessous Majda M\u00e1ria - n\u00e9pi \u00e9nek el\u0151ad\u00f3m\u0171v\u00e9sz","og_description":"..","og_url":"https:\/\/guessousmajdamaria.hu\/metamorphosis\/","og_site_name":"(Magyar) Guessous Majda M\u00e1ria - n\u00e9pi \u00e9nek el\u0151ad\u00f3m\u0171v\u00e9sz","article_modified_time":"2026-02-22T09:50:15+00:00","og_image":[{"width":1920,"height":1280,"url":"https:\/\/guessousmajdamaria.hu\/wp-content\/uploads\/2017\/09\/Mesi_Mus-e-1.jpg","type":"image\/jpeg"}],"twitter_card":"summary_large_image","schema":{"@context":"https:\/\/schema.org","@graph":[{"@type":"WebPage","@id":"https:\/\/guessousmajdamaria.hu\/metamorphosis\/","url":"https:\/\/guessousmajdamaria.hu\/metamorphosis\/","name":"[:hu]Metamorphosis[:tr]Metamorphosis[:] - (Magyar) Guessous Majda M\u00e1ria - n\u00e9pi \u00e9nek el\u0151ad\u00f3m\u0171v\u00e9sz","isPartOf":{"@id":"https:\/\/guessousmajdamaria.hu\/#website"},"primaryImageOfPage":{"@id":"https:\/\/guessousmajdamaria.hu\/metamorphosis\/#primaryimage"},"image":{"@id":"https:\/\/guessousmajdamaria.hu\/metamorphosis\/#primaryimage"},"thumbnailUrl":"https:\/\/guessousmajdamaria.hu\/wp-content\/uploads\/2017\/09\/Mesi_Mus-e-1.jpg","datePublished":"2017-09-12T17:55:07+00:00","dateModified":"2026-02-22T09:50:15+00:00","inLanguage":"tr","potentialAction":[{"@type":"ReadAction","target":["https:\/\/guessousmajdamaria.hu\/metamorphosis\/"]}]},{"@type":"ImageObject","inLanguage":"tr","@id":"https:\/\/guessousmajdamaria.hu\/metamorphosis\/#primaryimage","url":"https:\/\/guessousmajdamaria.hu\/wp-content\/uploads\/2017\/09\/Mesi_Mus-e-1.jpg","contentUrl":"https:\/\/guessousmajdamaria.hu\/wp-content\/uploads\/2017\/09\/Mesi_Mus-e-1.jpg","width":1920,"height":1280},{"@type":"WebSite","@id":"https:\/\/guessousmajdamaria.hu\/#website","url":"https:\/\/guessousmajdamaria.hu\/","name":"(Magyar) Guessous Majda M\u00e1ria - n\u00e9pi \u00e9nek el\u0151ad\u00f3m\u0171v\u00e9sz","description":"(Magyar) n\u00e9pi \u00e9nek el\u0151ad\u00f3m\u0171v\u00e9sz","potentialAction":[{"@type":"SearchAction","target":{"@type":"EntryPoint","urlTemplate":"https:\/\/guessousmajdamaria.hu\/?s={search_term_string}"},"query-input":{"@type":"PropertyValueSpecification","valueRequired":true,"valueName":"search_term_string"}}],"inLanguage":"tr"}]}},"_links":{"self":[{"href":"https:\/\/guessousmajdamaria.hu\/tr\/wp-json\/wp\/v2\/pages\/1921","targetHints":{"allow":["GET"]}}],"collection":[{"href":"https:\/\/guessousmajdamaria.hu\/tr\/wp-json\/wp\/v2\/pages"}],"about":[{"href":"https:\/\/guessousmajdamaria.hu\/tr\/wp-json\/wp\/v2\/types\/page"}],"author":[{"embeddable":true,"href":"https:\/\/guessousmajdamaria.hu\/tr\/wp-json\/wp\/v2\/users\/2"}],"replies":[{"embeddable":true,"href":"https:\/\/guessousmajdamaria.hu\/tr\/wp-json\/wp\/v2\/comments?post=1921"}],"version-history":[{"count":2,"href":"https:\/\/guessousmajdamaria.hu\/tr\/wp-json\/wp\/v2\/pages\/1921\/revisions"}],"predecessor-version":[{"id":3899,"href":"https:\/\/guessousmajdamaria.hu\/tr\/wp-json\/wp\/v2\/pages\/1921\/revisions\/3899"}],"wp:featuredmedia":[{"embeddable":true,"href":"https:\/\/guessousmajdamaria.hu\/tr\/wp-json\/wp\/v2\/media\/1869"}],"wp:attachment":[{"href":"https:\/\/guessousmajdamaria.hu\/tr\/wp-json\/wp\/v2\/media?parent=1921"}],"curies":[{"name":"wp","href":"https:\/\/api.w.org\/{rel}","templated":true}]}}