{"id":149,"date":"2014-02-17T17:18:16","date_gmt":"2014-02-17T17:18:16","guid":{"rendered":"https:\/\/guessousmajdamaria.hu\/?page_id=149"},"modified":"2026-03-09T11:05:10","modified_gmt":"2026-03-09T10:05:10","slug":"cd","status":"publish","type":"page","link":"https:\/\/guessousmajdamaria.hu\/tr\/cd\/","title":{"rendered":"CD"},"content":{"rendered":"<p><\/p>\n<div style=\"overflow:hidden; margin-bottom:30px;\">\n<h2><a href=\"https:\/\/guessousmajdamaria.hu\/album\/tolem-neked-2022\/\">T\u0151lem-Neked (2022)<\/a><\/h2>\n<p>T\u0150LEM-NEKED \u2013 10 ortak T\u00fcrk\u00e7e ve Macarca t\u00fcrk\u00fc. Mesi&#8217;nin ilk solo alb\u00fcm\u00fc \u00f6ncelikle Macar ve T\u00fcrk anadili konu\u015fanlar\u0131na seslenir&#8230;<\/p>\n<p><a href=\"https:\/\/guessousmajdamaria.hu\/album\/tolem-neked-2022\/\" class=\"BelsoGomb\">Devam\u0131n\u0131 oku<\/a><\/p>\n<\/div>\n<hr>\n<div style=\"overflow:hidden; margin-bottom:30px;\">\n<h2><a href=\"https:\/\/guessousmajdamaria.hu\/album\/atvaltozas-2-2\/\">D\u00f6n\u00fc\u015f\u00fcm \u2013 \u00c1tv\u00e1ltoz\u00e1s (2020)<\/a><\/h2>\n<p>Mesi&#8217;nin d\u00f6rd\u00fcnc\u00fc alb\u00fcm\u00fc, dezavantajl\u0131 insanlar\u0131n kaderlerini olumlu de\u011fi\u015fim perspektifinden ele alan yenilik\u00e7i bir sanatsal-toplumsal giri\u015fimin \u00fcr\u00fcn\u00fcd\u00fcr&#8230;<\/p>\n<p><a href=\"https:\/\/guessousmajdamaria.hu\/album\/atvaltozas-2-2\/\" class=\"BelsoGomb\">Devam\u0131n\u0131 oku<\/a><\/p>\n<\/div>\n<hr>\n<div style=\"overflow:hidden; margin-bottom:30px;\">\n<h2><a href=\"https:\/\/guessousmajdamaria.hu\/album\/meshinda-arado-boszporusz-2016\/\">Meshinda \u2013 Co\u015fkun Bo\u011faz (2016)<\/a><\/h2>\n<p>Macar, T\u00fcrk, Hint ve Fas halk m\u00fczi\u011fi geleneklerini harmanlayan benzersiz bir m\u00fczikal deneyim&#8230;<\/p>\n<p><a href=\"https:\/\/guessousmajdamaria.hu\/album\/meshinda-arado-boszporusz-2016\/\" class=\"BelsoGomb\">Devam\u0131n\u0131 oku<\/a><\/p>\n<\/div>\n<hr>\n<div style=\"overflow:hidden; margin-bottom:30px;\">\n<h2><a href=\"https:\/\/guessousmajdamaria.hu\/album\/oromes-2013\/\">\u00d6r\u00f6Mes (2013)<\/a><\/h2>\n<p>Macar, T\u00fcrk ve Fas halk m\u00fczi\u011finin s\u0131cak ve renkli kaleidoskop anlar\u0131yla ne\u015fe ve oyunculuk&#8230;<\/p>\n<p><a href=\"https:\/\/guessousmajdamaria.hu\/album\/oromes-2013\/\" class=\"BelsoGomb\">Devam\u0131n\u0131 oku<\/a><\/p>\n<\/div>\n<hr>\n<div style=\"overflow:hidden; margin-bottom:30px;\">\n<h2><a href=\"https:\/\/guessousmajdamaria.hu\/album\/szivarvanyhid\/\">G\u00f6kku\u015fa\u011f\u0131 K\u00f6pr\u00fcs\u00fc \u2013 Sziv\u00e1rv\u00e1nyh\u00edd (2011)<\/a><\/h2>\n<p>Mesi&#8217;nin ilk alb\u00fcm\u00fc, Macar, T\u00fcrk ve Fas halk m\u00fczi\u011fini harmanlayarak ruhani bir yolculuk&#8230;<\/p>\n<p><a href=\"https:\/\/guessousmajdamaria.hu\/album\/szivarvanyhid\/\" class=\"BelsoGomb\">Devam\u0131n\u0131 oku<\/a><\/p>\n<\/div>\n<p><\/p>","protected":false},"excerpt":{"rendered":"T\u0151lem-Neked (2022) T\u0150LEM-NEKED \u2013 10 ortak T\u00fcrk\u00e7e ve Macarca t\u00fcrk\u00fc. Mesi&#8217;nin ilk solo alb\u00fcm\u00fc \u00f6ncelikle Macar ve T\u00fcrk anadili konu\u015fanlar\u0131na seslenir&#8230; Devam\u0131n\u0131 oku D\u00f6n\u00fc\u015f\u00fcm \u2013 \u00c1tv\u00e1ltoz\u00e1s (2020) Mesi&#8217;nin d\u00f6rd\u00fcnc\u00fc alb\u00fcm\u00fc, dezavantajl\u0131 insanlar\u0131n kaderlerini olumlu de\u011fi\u015fim perspektifinden ele alan yenilik\u00e7i bir sanatsal-toplumsal giri\u015fimin \u00fcr\u00fcn\u00fcd\u00fcr&#8230; Devam\u0131n\u0131 oku Meshinda \u2013 Co\u015fkun Bo\u011faz (2016) Macar, T\u00fcrk, Hint ve Fas&hellip;","protected":false},"author":2,"featured_media":0,"parent":0,"menu_order":16,"comment_status":"closed","ping_status":"closed","template":"page-albumok.php","meta":{"_acf_changed":false,"footnotes":""},"class_list":["post-149","page","type-page","status-publish","hentry"],"acf":[],"yoast_head":"<!-- This site is optimized with the Yoast SEO Premium plugin v27.4 (Yoast SEO v27.4) - https:\/\/yoast.com\/product\/yoast-seo-premium-wordpress\/ -->\n<title>CD - Guessous Majda M\u00e1ria<\/title>\n<meta name=\"robots\" content=\"index, follow, max-snippet:-1, max-image-preview:large, max-video-preview:-1\" \/>\n<link rel=\"canonical\" href=\"https:\/\/guessousmajdamaria.hu\/cd\/\" \/>\n<meta property=\"og:locale\" content=\"tr_TR\" \/>\n<meta property=\"og:type\" content=\"article\" \/>\n<meta property=\"og:title\" content=\"CD - Guessous Majda M\u00e1ria\" \/>\n<meta property=\"og:description\" content=\"T\u0151lem-Neked (2022) T\u0150LEM-NEKED \u2013 10 ortak T\u00fcrk\u00e7e ve Macarca t\u00fcrk\u00fc. Mesi&#8217;nin ilk solo alb\u00fcm\u00fc \u00f6ncelikle Macar ve T\u00fcrk anadili konu\u015fanlar\u0131na seslenir&#8230; Devam\u0131n\u0131 oku D\u00f6n\u00fc\u015f\u00fcm \u2013 \u00c1tv\u00e1ltoz\u00e1s (2020) Mesi&#8217;nin d\u00f6rd\u00fcnc\u00fc alb\u00fcm\u00fc, dezavantajl\u0131 insanlar\u0131n kaderlerini olumlu de\u011fi\u015fim perspektifinden ele alan yenilik\u00e7i bir sanatsal-toplumsal giri\u015fimin \u00fcr\u00fcn\u00fcd\u00fcr&#8230; Devam\u0131n\u0131 oku Meshinda \u2013 Co\u015fkun Bo\u011faz (2016) Macar, T\u00fcrk, Hint ve Fas&hellip;\" \/>\n<meta property=\"og:url\" content=\"https:\/\/guessousmajdamaria.hu\/cd\/\" \/>\n<meta property=\"og:site_name\" content=\"(Magyar) Guessous Majda M\u00e1ria - n\u00e9pi \u00e9nek el\u0151ad\u00f3m\u0171v\u00e9sz\" \/>\n<meta property=\"article:modified_time\" content=\"2026-03-09T10:05:10+00:00\" \/>\n<meta name=\"twitter:card\" content=\"summary_large_image\" \/>\n<meta name=\"twitter:label1\" content=\"Tahmini okuma s\u00fcresi\" \/>\n\t<meta name=\"twitter:data1\" content=\"2 dakika\" \/>\n<script type=\"application\/ld+json\" class=\"yoast-schema-graph\">{\"@context\":\"https:\\\/\\\/schema.org\",\"@graph\":[{\"@type\":\"WebPage\",\"@id\":\"https:\\\/\\\/guessousmajdamaria.hu\\\/cd\\\/\",\"url\":\"https:\\\/\\\/guessousmajdamaria.hu\\\/cd\\\/\",\"name\":\"CD - Guessous Majda M\u00e1ria\",\"isPartOf\":{\"@id\":\"https:\\\/\\\/guessousmajdamaria.hu\\\/#website\"},\"datePublished\":\"2014-02-17T17:18:16+00:00\",\"dateModified\":\"2026-03-09T10:05:10+00:00\",\"inLanguage\":\"tr\",\"potentialAction\":[{\"@type\":\"ReadAction\",\"target\":[\"https:\\\/\\\/guessousmajdamaria.hu\\\/cd\\\/\"]}]},{\"@type\":\"WebSite\",\"@id\":\"https:\\\/\\\/guessousmajdamaria.hu\\\/#website\",\"url\":\"https:\\\/\\\/guessousmajdamaria.hu\\\/\",\"name\":\"(Magyar) Guessous Majda M\u00e1ria - n\u00e9pi \u00e9nek el\u0151ad\u00f3m\u0171v\u00e9sz\",\"description\":\"(Magyar) n\u00e9pi \u00e9nek el\u0151ad\u00f3m\u0171v\u00e9sz\",\"potentialAction\":[{\"@type\":\"SearchAction\",\"target\":{\"@type\":\"EntryPoint\",\"urlTemplate\":\"https:\\\/\\\/guessousmajdamaria.hu\\\/?s={search_term_string}\"},\"query-input\":{\"@type\":\"PropertyValueSpecification\",\"valueRequired\":true,\"valueName\":\"search_term_string\"}}],\"inLanguage\":\"tr\"}]}<\/script>\n<!-- \/ Yoast SEO Premium plugin. -->","yoast_head_json":{"title":"CD - Guessous Majda M\u00e1ria","robots":{"index":"index","follow":"follow","max-snippet":"max-snippet:-1","max-image-preview":"max-image-preview:large","max-video-preview":"max-video-preview:-1"},"canonical":"https:\/\/guessousmajdamaria.hu\/cd\/","og_locale":"tr_TR","og_type":"article","og_title":"CD - Guessous Majda M\u00e1ria","og_description":"T\u0151lem-Neked (2022) T\u0150LEM-NEKED \u2013 10 ortak T\u00fcrk\u00e7e ve Macarca t\u00fcrk\u00fc. Mesi&#8217;nin ilk solo alb\u00fcm\u00fc \u00f6ncelikle Macar ve T\u00fcrk anadili konu\u015fanlar\u0131na seslenir&#8230; Devam\u0131n\u0131 oku D\u00f6n\u00fc\u015f\u00fcm \u2013 \u00c1tv\u00e1ltoz\u00e1s (2020) Mesi&#8217;nin d\u00f6rd\u00fcnc\u00fc alb\u00fcm\u00fc, dezavantajl\u0131 insanlar\u0131n kaderlerini olumlu de\u011fi\u015fim perspektifinden ele alan yenilik\u00e7i bir sanatsal-toplumsal giri\u015fimin \u00fcr\u00fcn\u00fcd\u00fcr&#8230; Devam\u0131n\u0131 oku Meshinda \u2013 Co\u015fkun Bo\u011faz (2016) Macar, T\u00fcrk, Hint ve Fas&hellip;","og_url":"https:\/\/guessousmajdamaria.hu\/cd\/","og_site_name":"(Magyar) Guessous Majda M\u00e1ria - n\u00e9pi \u00e9nek el\u0151ad\u00f3m\u0171v\u00e9sz","article_modified_time":"2026-03-09T10:05:10+00:00","twitter_card":"summary_large_image","twitter_misc":{"Tahmini okuma s\u00fcresi":"2 dakika"},"schema":{"@context":"https:\/\/schema.org","@graph":[{"@type":"WebPage","@id":"https:\/\/guessousmajdamaria.hu\/cd\/","url":"https:\/\/guessousmajdamaria.hu\/cd\/","name":"CD - Guessous Majda M\u00e1ria","isPartOf":{"@id":"https:\/\/guessousmajdamaria.hu\/#website"},"datePublished":"2014-02-17T17:18:16+00:00","dateModified":"2026-03-09T10:05:10+00:00","inLanguage":"tr","potentialAction":[{"@type":"ReadAction","target":["https:\/\/guessousmajdamaria.hu\/cd\/"]}]},{"@type":"WebSite","@id":"https:\/\/guessousmajdamaria.hu\/#website","url":"https:\/\/guessousmajdamaria.hu\/","name":"(Magyar) Guessous Majda M\u00e1ria - n\u00e9pi \u00e9nek el\u0151ad\u00f3m\u0171v\u00e9sz","description":"(Magyar) n\u00e9pi \u00e9nek el\u0151ad\u00f3m\u0171v\u00e9sz","potentialAction":[{"@type":"SearchAction","target":{"@type":"EntryPoint","urlTemplate":"https:\/\/guessousmajdamaria.hu\/?s={search_term_string}"},"query-input":{"@type":"PropertyValueSpecification","valueRequired":true,"valueName":"search_term_string"}}],"inLanguage":"tr"}]}},"_links":{"self":[{"href":"https:\/\/guessousmajdamaria.hu\/tr\/wp-json\/wp\/v2\/pages\/149","targetHints":{"allow":["GET"]}}],"collection":[{"href":"https:\/\/guessousmajdamaria.hu\/tr\/wp-json\/wp\/v2\/pages"}],"about":[{"href":"https:\/\/guessousmajdamaria.hu\/tr\/wp-json\/wp\/v2\/types\/page"}],"author":[{"embeddable":true,"href":"https:\/\/guessousmajdamaria.hu\/tr\/wp-json\/wp\/v2\/users\/2"}],"replies":[{"embeddable":true,"href":"https:\/\/guessousmajdamaria.hu\/tr\/wp-json\/wp\/v2\/comments?post=149"}],"version-history":[{"count":8,"href":"https:\/\/guessousmajdamaria.hu\/tr\/wp-json\/wp\/v2\/pages\/149\/revisions"}],"predecessor-version":[{"id":5143,"href":"https:\/\/guessousmajdamaria.hu\/tr\/wp-json\/wp\/v2\/pages\/149\/revisions\/5143"}],"wp:attachment":[{"href":"https:\/\/guessousmajdamaria.hu\/tr\/wp-json\/wp\/v2\/media?parent=149"}],"curies":[{"name":"wp","href":"https:\/\/api.w.org\/{rel}","templated":true}]}}