{"id":116,"date":"2014-02-16T20:05:27","date_gmt":"2014-02-16T19:05:27","guid":{"rendered":"https:\/\/guessousmajdamaria.hu\/?page_id=116"},"modified":"2026-03-09T11:34:36","modified_gmt":"2026-03-09T10:34:36","slug":"formaciok","status":"publish","type":"page","link":"https:\/\/guessousmajdamaria.hu\/tr\/","title":{"rendered":"Prod\u00fcksiyonlar"},"content":{"rendered":"<p><\/p>\n<p><span style=\"font-weight: 400;\">\u0130nsanlar. Kaderler. K\u00fclt\u00fcrler. \u0130ster t\u00fcrk\u00fcler olsun, ister kendi bestelerim; \u015fark\u0131lar\u0131m uzak gibi g\u00f6r\u00fcnen d\u00fcnyalar ve farkl\u0131 insan kaderleri aras\u0131nda k\u00f6pr\u00fc kurmay\u0131 ama\u00e7l\u0131yor.<\/span><\/p>\n<p><span style=\"font-weight: 400;\">&#8220;\u00c7al\u0131\u015fmalar\u0131n\u0131z\u0131n meyvesinden her zaman g\u00fc\u00e7 al\u0131yorum. M\u00fczi\u011finizi g\u00fcnl\u00fck olarak dinliyor ve g\u00fcnl\u00fck hayat\u0131mda onunla \u015farj oluyorum.&#8221; (H.M.) <\/span><\/p>\n<p><a class=\"BelsoGomb szelesebbGomb balra\" title=\"\" href=\"https:\/\/www.youtube.com\/channel\/UClw0l3L19rNZHFeFSTaf8gQ\" target=\"_blank\" rel=\"noopener\">YouTube Kanal\u0131<\/a><\/p>\n<p>&nbsp;<\/p>\n<h2>PROD\u00dcKS\u0130YONLARIM HAKKINDA GENEL B\u0130LG\u0130<\/h2>\n<p><span style=\"font-weight: 400;\">Prod\u00fcksiyonlar, alb\u00fcm tan\u0131t\u0131mlar\u0131 \u015feklinde veya belirli bir etkinlik i\u00e7in se\u00e7ilmi\u015f \u015fark\u0131 repertuar\u0131 olarak sahnelenir. Ekibin \u00fcyeleri, say\u0131s\u0131 ve performans s\u00fcresi her zaman talebe ba\u011fl\u0131d\u0131r. M\u00fczisyen arkada\u015flar\u0131mla birlikte sosyal kurumlara gitmekten de b\u00fcy\u00fck mutluluk duyuyoruz: Macaristan Malta Yard\u0131m \u00d6rg\u00fct\u00fc, Cseppk\u0151 \u00c7ocuk Yurdu, &#8220;Pet\u0151 Enstit\u00fcs\u00fc&#8221;, G\u00e1lfi B\u00e9la Hastanesi organizasyonlar\u0131nda konser verdik.<\/span><\/p>\n<p>&nbsp;<\/p>\n<h2>DA\u0130M\u0130 M\u00dcZ\u0130SYEN ARKADA\u015eLARIM<\/h2>\n<ul>\n<li><span style=\"font-weight: 400;\">Arif Erdem Ocak<\/span><\/li>\n<li><span style=\"font-weight: 400;\">Barvich Iv\u00e1n<\/span><\/li>\n<li><span style=\"font-weight: 400;\">Boros Gerzson D\u00e1vid<\/span><\/li>\n<li><span style=\"font-weight: 400;\">Kert\u00e9sz \u00c1kos<\/span><\/li>\n<li><span style=\"font-weight: 400;\">Marouan Benabdallah<\/span><\/li>\n<li><span style=\"font-weight: 400;\">M\u00e1th\u00e9 L\u00e1szl\u00f3<\/span><\/li>\n<li><span style=\"font-weight: 400;\">\u00d6lvedi G\u00e1bor<\/span><\/li>\n<li><span style=\"font-weight: 400;\">Said Tichiti<\/span><\/li>\n<li><span style=\"font-weight: 400;\">Smuk Tam\u00e1s<\/span><\/li>\n<li><span style=\"font-weight: 400;\">Szlama L\u00e1szl\u00f3<\/span><\/li>\n<li><span style=\"font-weight: 400;\">T\u00f3th Szabi<\/span><\/li>\n<\/ul>\n<h2>ALB\u00dcMLER\u0130M<\/h2>\n<div class=\"product-galeria\">\n    <a href=\"https:\/\/guessousmajdamaria.hu\/album\/tolem-neked-2022\/\"><br \/>\n        <img loading=\"lazy\" decoding=\"async\" width=\"700\" height=\"618\" class=\"wp-image-3437\" src=\"https:\/\/guessousmajdamaria.hu\/wp-content\/uploads\/2022\/10\/311116844_542898207844314_1949232518207564903_n-700x618.jpg\" alt=\"\" srcset=\"https:\/\/guessousmajdamaria.hu\/wp-content\/uploads\/2022\/10\/311116844_542898207844314_1949232518207564903_n-700x618.jpg 700w, https:\/\/guessousmajdamaria.hu\/wp-content\/uploads\/2022\/10\/311116844_542898207844314_1949232518207564903_n-250x221.jpg 250w, https:\/\/guessousmajdamaria.hu\/wp-content\/uploads\/2022\/10\/311116844_542898207844314_1949232518207564903_n-768x678.jpg 768w, https:\/\/guessousmajdamaria.hu\/wp-content\/uploads\/2022\/10\/311116844_542898207844314_1949232518207564903_n.jpg 829w\" sizes=\"auto, (max-width: 700px) 100vw, 700px\" \/><br \/>\n    <\/a><br \/>\n    <a href=\"https:\/\/guessousmajdamaria.hu\/album\/atvaltozas-2020\/\"><br \/>\n        <img loading=\"lazy\" decoding=\"async\" width=\"400\" height=\"400\" class=\"wp-image-3384\" src=\"https:\/\/guessousmajdamaria.hu\/wp-content\/uploads\/2014\/02\/atvaltozas.jpg\" alt=\"\u00c1tv\u00e1ltoz\u00e1s\" srcset=\"https:\/\/guessousmajdamaria.hu\/wp-content\/uploads\/2014\/02\/atvaltozas.jpg 400w, https:\/\/guessousmajdamaria.hu\/wp-content\/uploads\/2014\/02\/atvaltozas-250x250.jpg 250w, https:\/\/guessousmajdamaria.hu\/wp-content\/uploads\/2014\/02\/atvaltozas-150x150.jpg 150w, https:\/\/guessousmajdamaria.hu\/wp-content\/uploads\/2014\/02\/atvaltozas-120x120.jpg 120w, https:\/\/guessousmajdamaria.hu\/wp-content\/uploads\/2014\/02\/atvaltozas-100x100.jpg 100w, https:\/\/guessousmajdamaria.hu\/wp-content\/uploads\/2014\/02\/atvaltozas-300x300.jpg 300w\" sizes=\"auto, (max-width: 400px) 100vw, 400px\" \/><br \/>\n    <\/a><br \/>\n    <a href=\"https:\/\/guessousmajdamaria.hu\/album\/oromes-2013\/\"><br \/>\n        <img loading=\"lazy\" decoding=\"async\" width=\"500\" height=\"500\" class=\"wp-image-3325\" src=\"https:\/\/guessousmajdamaria.hu\/wp-content\/uploads\/2022\/10\/3630.jpg\" alt=\"\u00d6r\u00f6Mes (2013)\" srcset=\"https:\/\/guessousmajdamaria.hu\/wp-content\/uploads\/2022\/10\/3630.jpg 500w, https:\/\/guessousmajdamaria.hu\/wp-content\/uploads\/2022\/10\/3630-250x250.jpg 250w, https:\/\/guessousmajdamaria.hu\/wp-content\/uploads\/2022\/10\/3630-150x150.jpg 150w, https:\/\/guessousmajdamaria.hu\/wp-content\/uploads\/2022\/10\/3630-120x120.jpg 120w, https:\/\/guessousmajdamaria.hu\/wp-content\/uploads\/2022\/10\/3630-100x100.jpg 100w, https:\/\/guessousmajdamaria.hu\/wp-content\/uploads\/2022\/10\/3630-300x300.jpg 300w\" sizes=\"auto, (max-width: 500px) 100vw, 500px\" \/><br \/>\n    <\/a><br \/>\n    <a href=\"https:\/\/guessousmajdamaria.hu\/album\/szivarvanyhid-2011\/\"><br \/>\n        <img loading=\"lazy\" decoding=\"async\" width=\"470\" height=\"477\" class=\"wp-image-3327\" src=\"https:\/\/guessousmajdamaria.hu\/wp-content\/uploads\/2022\/10\/deb45d333d0414ba3de42155789fdb4a_L.jpg\" alt=\"\" srcset=\"https:\/\/guessousmajdamaria.hu\/wp-content\/uploads\/2022\/10\/deb45d333d0414ba3de42155789fdb4a_L.jpg 470w, https:\/\/guessousmajdamaria.hu\/wp-content\/uploads\/2022\/10\/deb45d333d0414ba3de42155789fdb4a_L-250x254.jpg 250w, https:\/\/guessousmajdamaria.hu\/wp-content\/uploads\/2022\/10\/deb45d333d0414ba3de42155789fdb4a_L-100x100.jpg 100w\" sizes=\"auto, (max-width: 470px) 100vw, 470px\" \/><br \/>\n    <\/a>\n<\/div>\n<div class=\"wp-block-spacer\" style=\"height: 20px;\" aria-hidden=\"true\"> <\/div>\n<p>Birden fazla alb\u00fcmden se\u00e7ilen materyallerle olu\u015fturdu\u011fumuz bir konser \u00f6rne\u011fi. Dubai D\u00fcnya Fuar\u0131&#8217;n\u0131n ana sahnelerinden birinde ger\u00e7ekle\u015ftirilen &#8220;K\u00f6pr\u00fc&#8221; (H\u00edd) adl\u0131 prod\u00fcksiyonumdan bir kesit:<\/p>\n<div class=\"video-container\"><iframe title=\"YouTube video player\" src=\"https:\/\/www.youtube.com\/embed\/hXcZ0DFesDw\" frameborder=\"0\" allowfullscreen=\"allowfullscreen\"><\/iframe><\/div>\n<p><\/p>","protected":false},"excerpt":{"rendered":"\u0130nsanlar. Kaderler. K\u00fclt\u00fcrler. \u0130ster t\u00fcrk\u00fcler olsun, ister kendi bestelerim; \u015fark\u0131lar\u0131m uzak gibi g\u00f6r\u00fcnen d\u00fcnyalar ve farkl\u0131 insan kaderleri aras\u0131nda k\u00f6pr\u00fc kurmay\u0131 ama\u00e7l\u0131yor. &#8220;\u00c7al\u0131\u015fmalar\u0131n\u0131z\u0131n meyvesinden her zaman g\u00fc\u00e7 al\u0131yorum. M\u00fczi\u011finizi g\u00fcnl\u00fck olarak dinliyor ve g\u00fcnl\u00fck hayat\u0131mda onunla \u015farj oluyorum.&#8221; (H.M.) YouTube Kanal\u0131 &nbsp; PROD\u00dcKS\u0130YONLARIM HAKKINDA GENEL B\u0130LG\u0130 Prod\u00fcksiyonlar, alb\u00fcm tan\u0131t\u0131mlar\u0131 \u015feklinde veya belirli bir etkinlik i\u00e7in&hellip;","protected":false},"author":2,"featured_media":0,"parent":0,"menu_order":17,"comment_status":"closed","ping_status":"closed","template":"","meta":{"_acf_changed":false,"footnotes":""},"class_list":["post-116","page","type-page","status-publish","hentry"],"acf":[],"yoast_head":"<!-- This site is optimized with the Yoast SEO Premium plugin v27.4 (Yoast SEO v27.4) - https:\/\/yoast.com\/product\/yoast-seo-premium-wordpress\/ -->\n<title>Produkci\u00f3k - Guessous Majda M\u00e1ria<\/title>\n<meta name=\"robots\" content=\"index, follow, max-snippet:-1, max-image-preview:large, max-video-preview:-1\" \/>\n<link rel=\"canonical\" href=\"https:\/\/guessousmajdamaria.hu\/\" \/>\n<meta property=\"og:locale\" content=\"tr_TR\" \/>\n<meta property=\"og:type\" content=\"article\" \/>\n<meta property=\"og:title\" content=\"Produkci\u00f3k - Guessous Majda M\u00e1ria\" \/>\n<meta property=\"og:description\" content=\"\u0130nsanlar. Kaderler. K\u00fclt\u00fcrler. \u0130ster t\u00fcrk\u00fcler olsun, ister kendi bestelerim; \u015fark\u0131lar\u0131m uzak gibi g\u00f6r\u00fcnen d\u00fcnyalar ve farkl\u0131 insan kaderleri aras\u0131nda k\u00f6pr\u00fc kurmay\u0131 ama\u00e7l\u0131yor. &#8220;\u00c7al\u0131\u015fmalar\u0131n\u0131z\u0131n meyvesinden her zaman g\u00fc\u00e7 al\u0131yorum. M\u00fczi\u011finizi g\u00fcnl\u00fck olarak dinliyor ve g\u00fcnl\u00fck hayat\u0131mda onunla \u015farj oluyorum.&#8221; (H.M.) YouTube Kanal\u0131 &nbsp; PROD\u00dcKS\u0130YONLARIM HAKKINDA GENEL B\u0130LG\u0130 Prod\u00fcksiyonlar, alb\u00fcm tan\u0131t\u0131mlar\u0131 \u015feklinde veya belirli bir etkinlik i\u00e7in&hellip;\" \/>\n<meta property=\"og:url\" content=\"https:\/\/guessousmajdamaria.hu\/\" \/>\n<meta property=\"og:site_name\" content=\"(Magyar) Guessous Majda M\u00e1ria - n\u00e9pi \u00e9nek el\u0151ad\u00f3m\u0171v\u00e9sz\" \/>\n<meta property=\"article:modified_time\" content=\"2026-03-09T10:34:36+00:00\" \/>\n<meta property=\"og:image\" content=\"https:\/\/guessousmajdamaria.hu\/wp-content\/uploads\/2022\/10\/311116844_542898207844314_1949232518207564903_n.jpg\" \/>\n\t<meta property=\"og:image:width\" content=\"829\" \/>\n\t<meta property=\"og:image:height\" content=\"732\" \/>\n\t<meta property=\"og:image:type\" content=\"image\/jpeg\" \/>\n<meta name=\"twitter:card\" content=\"summary_large_image\" \/>\n<meta name=\"twitter:label1\" content=\"Tahmini okuma s\u00fcresi\" \/>\n\t<meta name=\"twitter:data1\" content=\"2 dakika\" \/>\n<script type=\"application\/ld+json\" class=\"yoast-schema-graph\">{\"@context\":\"https:\\\/\\\/schema.org\",\"@graph\":[{\"@type\":\"WebPage\",\"@id\":\"https:\\\/\\\/guessousmajdamaria.hu\\\/\",\"url\":\"https:\\\/\\\/guessousmajdamaria.hu\\\/\",\"name\":\"Produkci\u00f3k - Guessous Majda M\u00e1ria\",\"isPartOf\":{\"@id\":\"https:\\\/\\\/guessousmajdamaria.hu\\\/#website\"},\"primaryImageOfPage\":{\"@id\":\"https:\\\/\\\/guessousmajdamaria.hu\\\/#primaryimage\"},\"image\":{\"@id\":\"https:\\\/\\\/guessousmajdamaria.hu\\\/#primaryimage\"},\"thumbnailUrl\":\"https:\\\/\\\/guessousmajdamaria.hu\\\/wp-content\\\/uploads\\\/2022\\\/10\\\/311116844_542898207844314_1949232518207564903_n-700x618.jpg\",\"datePublished\":\"2014-02-16T19:05:27+00:00\",\"dateModified\":\"2026-03-09T10:34:36+00:00\",\"inLanguage\":\"tr\",\"potentialAction\":[{\"@type\":\"ReadAction\",\"target\":[\"https:\\\/\\\/guessousmajdamaria.hu\\\/\"]}]},{\"@type\":\"ImageObject\",\"inLanguage\":\"tr\",\"@id\":\"https:\\\/\\\/guessousmajdamaria.hu\\\/#primaryimage\",\"url\":\"https:\\\/\\\/guessousmajdamaria.hu\\\/wp-content\\\/uploads\\\/2022\\\/10\\\/311116844_542898207844314_1949232518207564903_n-700x618.jpg\",\"contentUrl\":\"https:\\\/\\\/guessousmajdamaria.hu\\\/wp-content\\\/uploads\\\/2022\\\/10\\\/311116844_542898207844314_1949232518207564903_n-700x618.jpg\"},{\"@type\":\"WebSite\",\"@id\":\"https:\\\/\\\/guessousmajdamaria.hu\\\/#website\",\"url\":\"https:\\\/\\\/guessousmajdamaria.hu\\\/\",\"name\":\"(Magyar) Guessous Majda M\u00e1ria - n\u00e9pi \u00e9nek el\u0151ad\u00f3m\u0171v\u00e9sz\",\"description\":\"(Magyar) n\u00e9pi \u00e9nek el\u0151ad\u00f3m\u0171v\u00e9sz\",\"potentialAction\":[{\"@type\":\"SearchAction\",\"target\":{\"@type\":\"EntryPoint\",\"urlTemplate\":\"https:\\\/\\\/guessousmajdamaria.hu\\\/?s={search_term_string}\"},\"query-input\":{\"@type\":\"PropertyValueSpecification\",\"valueRequired\":true,\"valueName\":\"search_term_string\"}}],\"inLanguage\":\"tr\"}]}<\/script>\n<!-- \/ Yoast SEO Premium plugin. -->","yoast_head_json":{"title":"Produkci\u00f3k - Guessous Majda M\u00e1ria","robots":{"index":"index","follow":"follow","max-snippet":"max-snippet:-1","max-image-preview":"max-image-preview:large","max-video-preview":"max-video-preview:-1"},"canonical":"https:\/\/guessousmajdamaria.hu\/","og_locale":"tr_TR","og_type":"article","og_title":"Produkci\u00f3k - Guessous Majda M\u00e1ria","og_description":"\u0130nsanlar. Kaderler. K\u00fclt\u00fcrler. \u0130ster t\u00fcrk\u00fcler olsun, ister kendi bestelerim; \u015fark\u0131lar\u0131m uzak gibi g\u00f6r\u00fcnen d\u00fcnyalar ve farkl\u0131 insan kaderleri aras\u0131nda k\u00f6pr\u00fc kurmay\u0131 ama\u00e7l\u0131yor. &#8220;\u00c7al\u0131\u015fmalar\u0131n\u0131z\u0131n meyvesinden her zaman g\u00fc\u00e7 al\u0131yorum. M\u00fczi\u011finizi g\u00fcnl\u00fck olarak dinliyor ve g\u00fcnl\u00fck hayat\u0131mda onunla \u015farj oluyorum.&#8221; (H.M.) YouTube Kanal\u0131 &nbsp; PROD\u00dcKS\u0130YONLARIM HAKKINDA GENEL B\u0130LG\u0130 Prod\u00fcksiyonlar, alb\u00fcm tan\u0131t\u0131mlar\u0131 \u015feklinde veya belirli bir etkinlik i\u00e7in&hellip;","og_url":"https:\/\/guessousmajdamaria.hu\/","og_site_name":"(Magyar) Guessous Majda M\u00e1ria - n\u00e9pi \u00e9nek el\u0151ad\u00f3m\u0171v\u00e9sz","article_modified_time":"2026-03-09T10:34:36+00:00","og_image":[{"width":829,"height":732,"url":"https:\/\/guessousmajdamaria.hu\/wp-content\/uploads\/2022\/10\/311116844_542898207844314_1949232518207564903_n.jpg","type":"image\/jpeg"}],"twitter_card":"summary_large_image","twitter_misc":{"Tahmini okuma s\u00fcresi":"2 dakika"},"schema":{"@context":"https:\/\/schema.org","@graph":[{"@type":"WebPage","@id":"https:\/\/guessousmajdamaria.hu\/","url":"https:\/\/guessousmajdamaria.hu\/","name":"Produkci\u00f3k - Guessous Majda M\u00e1ria","isPartOf":{"@id":"https:\/\/guessousmajdamaria.hu\/#website"},"primaryImageOfPage":{"@id":"https:\/\/guessousmajdamaria.hu\/#primaryimage"},"image":{"@id":"https:\/\/guessousmajdamaria.hu\/#primaryimage"},"thumbnailUrl":"https:\/\/guessousmajdamaria.hu\/wp-content\/uploads\/2022\/10\/311116844_542898207844314_1949232518207564903_n-700x618.jpg","datePublished":"2014-02-16T19:05:27+00:00","dateModified":"2026-03-09T10:34:36+00:00","inLanguage":"tr","potentialAction":[{"@type":"ReadAction","target":["https:\/\/guessousmajdamaria.hu\/"]}]},{"@type":"ImageObject","inLanguage":"tr","@id":"https:\/\/guessousmajdamaria.hu\/#primaryimage","url":"https:\/\/guessousmajdamaria.hu\/wp-content\/uploads\/2022\/10\/311116844_542898207844314_1949232518207564903_n-700x618.jpg","contentUrl":"https:\/\/guessousmajdamaria.hu\/wp-content\/uploads\/2022\/10\/311116844_542898207844314_1949232518207564903_n-700x618.jpg"},{"@type":"WebSite","@id":"https:\/\/guessousmajdamaria.hu\/#website","url":"https:\/\/guessousmajdamaria.hu\/","name":"(Magyar) Guessous Majda M\u00e1ria - n\u00e9pi \u00e9nek el\u0151ad\u00f3m\u0171v\u00e9sz","description":"(Magyar) n\u00e9pi \u00e9nek el\u0151ad\u00f3m\u0171v\u00e9sz","potentialAction":[{"@type":"SearchAction","target":{"@type":"EntryPoint","urlTemplate":"https:\/\/guessousmajdamaria.hu\/?s={search_term_string}"},"query-input":{"@type":"PropertyValueSpecification","valueRequired":true,"valueName":"search_term_string"}}],"inLanguage":"tr"}]}},"_links":{"self":[{"href":"https:\/\/guessousmajdamaria.hu\/tr\/wp-json\/wp\/v2\/pages\/116","targetHints":{"allow":["GET"]}}],"collection":[{"href":"https:\/\/guessousmajdamaria.hu\/tr\/wp-json\/wp\/v2\/pages"}],"about":[{"href":"https:\/\/guessousmajdamaria.hu\/tr\/wp-json\/wp\/v2\/types\/page"}],"author":[{"embeddable":true,"href":"https:\/\/guessousmajdamaria.hu\/tr\/wp-json\/wp\/v2\/users\/2"}],"replies":[{"embeddable":true,"href":"https:\/\/guessousmajdamaria.hu\/tr\/wp-json\/wp\/v2\/comments?post=116"}],"version-history":[{"count":11,"href":"https:\/\/guessousmajdamaria.hu\/tr\/wp-json\/wp\/v2\/pages\/116\/revisions"}],"predecessor-version":[{"id":5155,"href":"https:\/\/guessousmajdamaria.hu\/tr\/wp-json\/wp\/v2\/pages\/116\/revisions\/5155"}],"wp:attachment":[{"href":"https:\/\/guessousmajdamaria.hu\/tr\/wp-json\/wp\/v2\/media?parent=116"}],"curies":[{"name":"wp","href":"https:\/\/api.w.org\/{rel}","templated":true}]}}