{"id":4897,"date":"2026-02-24T20:57:39","date_gmt":"2026-02-24T19:57:39","guid":{"rendered":"https:\/\/guessousmajdamaria.hu\/cd-turkce\/"},"modified":"2026-02-24T20:57:39","modified_gmt":"2026-02-24T19:57:39","slug":"cd-turkce","status":"publish","type":"page","link":"https:\/\/guessousmajdamaria.hu\/en\/cd-turkce\/","title":{"rendered":"CD"},"content":{"rendered":"<div style=\"overflow:hidden; margin-bottom:40px; padding-bottom:20px; border-bottom:2px solid #7b2d8e;\">\n<h2><a href=\"https:\/\/guessousmajdamaria.hu\/tr-tolem-neked-2022\/\" style=\"color:#7b2d8e; text-decoration:none;\">T\u0151lem-Neked (2022)<\/a><\/h2>\n<div style=\"float:left; margin-right:20px; margin-bottom:15px;\"><a href=\"https:\/\/guessousmajdamaria.hu\/tr-tolem-neked-2022\/\"><img decoding=\"async\" src=\"https:\/\/guessousmajdamaria.hu\/wp-content\/uploads\/2022\/10\/311116844_542898207844314_1949232518207564903_n-700x618.jpg\" alt=\"T\u0151lem-Neked (2022)\" style=\"max-width:280px;\" \/><\/a><\/div>\n<p>T\u0150LEM-NEKED \u2013 10 ORTAK T\u00dcRK\u00c7E VE MACARCA T\u00dcRK\u00dc. Alb\u00fcm\u00fc sat\u0131n almak i\u00e7in buraya t\u0131klay\u0131n! \u201e\u0130nsan bir t\u00fcrk\u00fcy\u00fc ancak s\u00f6zlerin dilini anlarsa ger\u00e7ekten kavrayabilir.\u201d (Bart\u00f3k B\u00e9la) Mesi&#8217;nin ilk solo alb\u00fcm\u00fc \u00f6ncelikle Macar ve T\u00fcrk anadili konu\u015fanlar\u0131na seslenir; 10 tan\u0131nm\u0131\u015f t\u00fcrk\u00fcn\u00fcn \u00e7ift versiyonu arac\u0131l\u0131\u011f\u0131yla iki halk birbirine kendini tan\u0131t\u0131r&#8230;<\/p>\n<p><a href=\"https:\/\/guessousmajdamaria.hu\/tr-tolem-neked-2022\/\" style=\"display:inline-block; background:#7b2d8e; color:white; padding:8px 20px; text-decoration:none; border-radius:3px;\">Devamini oku<\/a><\/p>\n<div style=\"clear:both;\"><\/div>\n<\/div>\n<div style=\"overflow:hidden; margin-bottom:40px; padding-bottom:20px; border-bottom:2px solid #7b2d8e;\">\n<h2><a href=\"https:\/\/guessousmajdamaria.hu\/tr-atvaltozas-2020\/\" style=\"color:#7b2d8e; text-decoration:none;\">D\u00f6n\u00fc\u015f\u00fcm \u2013 \u00c1tv\u00e1ltoz\u00e1s (2020)<\/a><\/h2>\n<div style=\"float:left; margin-right:20px; margin-bottom:15px;\"><a href=\"https:\/\/guessousmajdamaria.hu\/tr-atvaltozas-2020\/\"><img decoding=\"async\" src=\"https:\/\/guessousmajdamaria.hu\/wp-content\/uploads\/2014\/02\/atvaltozas.jpg\" alt=\"D\u00f6n\u00fc\u015f\u00fcm \u2013 \u00c1tv\u00e1ltoz\u00e1s (2020)\" style=\"max-width:280px;\" \/><\/a><\/div>\n<p>Mesi&#8217;nin d\u00f6rd\u00fcnc\u00fc alb\u00fcm\u00fc, Tom-Tom Records etiketiyle 2020 k\u0131\u015f\u0131nda yay\u0131mland\u0131. Alb\u00fcm, dezavantajl\u0131 insanlar\u0131n kaderlerini olumlu de\u011fi\u015fim perspektifinden ele alan yenilik\u00e7i bir sanatsal-toplumsal giri\u015fimin \u00fcr\u00fcn\u00fcd\u00fcr&#8230;<\/p>\n<p><a href=\"https:\/\/guessousmajdamaria.hu\/tr-atvaltozas-2020\/\" style=\"display:inline-block; background:#7b2d8e; color:white; padding:8px 20px; text-decoration:none; border-radius:3px;\">Devamini oku<\/a><\/p>\n<div style=\"clear:both;\"><\/div>\n<\/div>\n<div style=\"overflow:hidden; margin-bottom:40px; padding-bottom:20px; border-bottom:2px solid #7b2d8e;\">\n<h2><a href=\"https:\/\/guessousmajdamaria.hu\/tr-meshinda-2016\/\" style=\"color:#7b2d8e; text-decoration:none;\">Meshinda \u2013 Co\u015fkun Bo\u011faz (2016)<\/a><\/h2>\n<p>Topluluk 2013 y\u0131l\u0131nda kuruldu; iki kurucu \u00fcye olan Guessous Majda M\u00e1ria (vokal) ve T\u00f3th Szabolcs (sitar), ilk kez M\u00fczik Akademisi b\u00fcnyesinde bir araya geldi. Topluluun m\u00fczik d\u00fcnyas\u0131n\u0131, g\u00fczel otantik halk \u00e7alg\u0131lar\u0131yla iki m\u00fczisyen daha renklendiriyor&#8230;<\/p>\n<p><a href=\"https:\/\/guessousmajdamaria.hu\/tr-meshinda-2016\/\" style=\"display:inline-block; background:#7b2d8e; color:white; padding:8px 20px; text-decoration:none; border-radius:3px;\">Devamini oku<\/a><\/p>\n<div style=\"clear:both;\"><\/div>\n<\/div>\n<div style=\"overflow:hidden; margin-bottom:40px; padding-bottom:20px; border-bottom:2px solid #7b2d8e;\">\n<h2><a href=\"https:\/\/guessousmajdamaria.hu\/tr-oromes-2013\/\" style=\"color:#7b2d8e; text-decoration:none;\">\u00d6r\u00f6Mes (2013)<\/a><\/h2>\n<div style=\"float:left; margin-right:20px; margin-bottom:15px;\"><a href=\"https:\/\/guessousmajdamaria.hu\/tr-oromes-2013\/\"><img decoding=\"async\" src=\"https:\/\/guessousmajdamaria.hu\/wp-content\/uploads\/2022\/10\/3630.jpg\" alt=\"\u00d6r\u00f6Mes (2013)\" style=\"max-width:280px;\" \/><\/a><\/div>\n<p>\u00c7ocuk, do\u011fas\u0131 gere\u011fi ne\u015feli ve oyun doludur. Ne\u015fe, b\u00fcy\u00fc, oyun, bilgelik\u2026 Do\u011fa ve Yarat\u0131c\u0131\u2019n\u0131n yak\u0131nl\u0131\u011f\u0131ndan duyulan sevin\u00e7, sevgilinin a\u015fk sevinci, konser sonras\u0131 sevin\u00e7, arkada\u015flarla birlikte olman\u0131n mutlulu\u011fu&#8230;<\/p>\n<p><a href=\"https:\/\/guessousmajdamaria.hu\/tr-oromes-2013\/\" style=\"display:inline-block; background:#7b2d8e; color:white; padding:8px 20px; text-decoration:none; border-radius:3px;\">Devamini oku<\/a><\/p>\n<div style=\"clear:both;\"><\/div>\n<\/div>\n<div style=\"overflow:hidden; margin-bottom:40px; padding-bottom:20px; border-bottom:2px solid #7b2d8e;\">\n<h2><a href=\"https:\/\/guessousmajdamaria.hu\/tr-szivarvanyhid-2011\/\" style=\"color:#7b2d8e; text-decoration:none;\">G\u00f6kku\u015fa\u011f\u0131 K\u00f6pr\u00fcs\u00fc \u2013 Sziv\u00e1rv\u00e1nyh\u00edd (2011)<\/a><\/h2>\n<div style=\"float:left; margin-right:20px; margin-bottom:15px;\"><a href=\"https:\/\/guessousmajdamaria.hu\/tr-szivarvanyhid-2011\/\"><img decoding=\"async\" src=\"https:\/\/guessousmajdamaria.hu\/wp-content\/uploads\/2022\/10\/deb45d333d0414ba3de42155789fdb4a_L.jpg\" alt=\"G\u00f6kku\u015fa\u011f\u0131 K\u00f6pr\u00fcs\u00fc \u2013 Sziv\u00e1rv\u00e1nyh\u00edd (2011)\" style=\"max-width:280px;\" \/><\/a><\/div>\n<p>2011 y\u0131l\u0131n\u0131n Kas\u0131m ay\u0131nda ilk alb\u00fcm\u00fcm yay\u0131mland\u0131; bu alb\u00fcmle sevgili dinleyicimi i\u00e7sel bir yolculu\u011fa davet ediyorum. Bir \u015fark\u0131 \u00e7ocu\u011fu uyutur, ard\u0131ndan bu \u00e7ocuk b\u00fcy\u00fcr, e\u015fini arar, a\u015f\u0131k olur, evlenir, ruhen olgunla\u015f\u0131r ve Yarat\u0131c\u0131s\u0131na kavu\u015fur&#8230;<\/p>\n<p><a href=\"https:\/\/guessousmajdamaria.hu\/tr-szivarvanyhid-2011\/\" style=\"display:inline-block; background:#7b2d8e; color:white; padding:8px 20px; text-decoration:none; border-radius:3px;\">Devamini oku<\/a><\/p>\n<div style=\"clear:both;\"><\/div>\n<\/div>\n","protected":false},"excerpt":{"rendered":"T\u0151lem-Neked (2022) T\u0150LEM-NEKED \u2013 10 ORTAK T\u00dcRK\u00c7E VE MACARCA T\u00dcRK\u00dc. Alb\u00fcm\u00fc sat\u0131n almak i\u00e7in buraya t\u0131klay\u0131n! \u201e\u0130nsan bir t\u00fcrk\u00fcy\u00fc ancak s\u00f6zlerin dilini anlarsa ger\u00e7ekten kavrayabilir.\u201d (Bart\u00f3k B\u00e9la) Mesi&#8217;nin ilk solo alb\u00fcm\u00fc \u00f6ncelikle Macar ve T\u00fcrk anadili konu\u015fanlar\u0131na seslenir; 10 tan\u0131nm\u0131\u015f t\u00fcrk\u00fcn\u00fcn \u00e7ift versiyonu arac\u0131l\u0131\u011f\u0131yla iki halk birbirine kendini tan\u0131t\u0131r&#8230; Devamini oku D\u00f6n\u00fc\u015f\u00fcm \u2013 \u00c1tv\u00e1ltoz\u00e1s (2020)&#8230; <a class=\"view-article\" href=\"https:\/\/guessousmajdamaria.hu\/en\/cd-turkce\/\">View Article<\/a>","protected":false},"author":2,"featured_media":0,"parent":0,"menu_order":0,"comment_status":"closed","ping_status":"closed","template":"","meta":{"_acf_changed":false,"footnotes":""},"class_list":["post-4897","page","type-page","status-publish","hentry"],"acf":[],"yoast_head":"<!-- This site is optimized with the Yoast SEO Premium plugin v27.4 (Yoast SEO v27.4) - https:\/\/yoast.com\/product\/yoast-seo-premium-wordpress\/ -->\n<title>CD - Guessous Majda M\u00e1ria<\/title>\n<meta name=\"robots\" content=\"index, follow, max-snippet:-1, max-image-preview:large, max-video-preview:-1\" \/>\n<link rel=\"canonical\" href=\"https:\/\/guessousmajdamaria.hu\/cd-turkce\/\" \/>\n<meta property=\"og:locale\" content=\"en_US\" \/>\n<meta property=\"og:type\" content=\"article\" \/>\n<meta property=\"og:title\" content=\"CD - Guessous Majda M\u00e1ria\" \/>\n<meta property=\"og:description\" content=\"T\u0151lem-Neked (2022) T\u0150LEM-NEKED \u2013 10 ORTAK T\u00dcRK\u00c7E VE MACARCA T\u00dcRK\u00dc. Alb\u00fcm\u00fc sat\u0131n almak i\u00e7in buraya t\u0131klay\u0131n! \u201e\u0130nsan bir t\u00fcrk\u00fcy\u00fc ancak s\u00f6zlerin dilini anlarsa ger\u00e7ekten kavrayabilir.\u201d (Bart\u00f3k B\u00e9la) Mesi&#8217;nin ilk solo alb\u00fcm\u00fc \u00f6ncelikle Macar ve T\u00fcrk anadili konu\u015fanlar\u0131na seslenir; 10 tan\u0131nm\u0131\u015f t\u00fcrk\u00fcn\u00fcn \u00e7ift versiyonu arac\u0131l\u0131\u011f\u0131yla iki halk birbirine kendini tan\u0131t\u0131r&#8230; Devamini oku D\u00f6n\u00fc\u015f\u00fcm \u2013 \u00c1tv\u00e1ltoz\u00e1s (2020)... View Article\" \/>\n<meta property=\"og:url\" content=\"https:\/\/guessousmajdamaria.hu\/cd-turkce\/\" \/>\n<meta property=\"og:site_name\" content=\"Guessous Majda M\u00e1ria\" \/>\n<meta property=\"og:image\" content=\"https:\/\/guessousmajdamaria.hu\/wp-content\/uploads\/2022\/10\/311116844_542898207844314_1949232518207564903_n-700x618.jpg\" \/>\n<meta name=\"twitter:card\" content=\"summary_large_image\" \/>\n<meta name=\"twitter:label1\" content=\"Est. reading time\" \/>\n\t<meta name=\"twitter:data1\" content=\"1 minute\" \/>\n<script type=\"application\/ld+json\" class=\"yoast-schema-graph\">{\"@context\":\"https:\\\/\\\/schema.org\",\"@graph\":[{\"@type\":\"WebPage\",\"@id\":\"https:\\\/\\\/guessousmajdamaria.hu\\\/cd-turkce\\\/\",\"url\":\"https:\\\/\\\/guessousmajdamaria.hu\\\/cd-turkce\\\/\",\"name\":\"CD - Guessous Majda M\u00e1ria\",\"isPartOf\":{\"@id\":\"https:\\\/\\\/guessousmajdamaria.hu\\\/#website\"},\"primaryImageOfPage\":{\"@id\":\"https:\\\/\\\/guessousmajdamaria.hu\\\/cd-turkce\\\/#primaryimage\"},\"image\":{\"@id\":\"https:\\\/\\\/guessousmajdamaria.hu\\\/cd-turkce\\\/#primaryimage\"},\"thumbnailUrl\":\"https:\\\/\\\/guessousmajdamaria.hu\\\/wp-content\\\/uploads\\\/2022\\\/10\\\/311116844_542898207844314_1949232518207564903_n-700x618.jpg\",\"datePublished\":\"2026-02-24T19:57:39+00:00\",\"inLanguage\":\"en-US\",\"potentialAction\":[{\"@type\":\"ReadAction\",\"target\":[\"https:\\\/\\\/guessousmajdamaria.hu\\\/cd-turkce\\\/\"]}]},{\"@type\":\"ImageObject\",\"inLanguage\":\"en-US\",\"@id\":\"https:\\\/\\\/guessousmajdamaria.hu\\\/cd-turkce\\\/#primaryimage\",\"url\":\"https:\\\/\\\/guessousmajdamaria.hu\\\/wp-content\\\/uploads\\\/2022\\\/10\\\/311116844_542898207844314_1949232518207564903_n-700x618.jpg\",\"contentUrl\":\"https:\\\/\\\/guessousmajdamaria.hu\\\/wp-content\\\/uploads\\\/2022\\\/10\\\/311116844_542898207844314_1949232518207564903_n-700x618.jpg\"},{\"@type\":\"WebSite\",\"@id\":\"https:\\\/\\\/guessousmajdamaria.hu\\\/#website\",\"url\":\"https:\\\/\\\/guessousmajdamaria.hu\\\/\",\"name\":\"Guessous Majda M\u00e1ria\",\"description\":\"Egy \u00fajabb WordPress honlap\",\"potentialAction\":[{\"@type\":\"SearchAction\",\"target\":{\"@type\":\"EntryPoint\",\"urlTemplate\":\"https:\\\/\\\/guessousmajdamaria.hu\\\/?s={search_term_string}\"},\"query-input\":{\"@type\":\"PropertyValueSpecification\",\"valueRequired\":true,\"valueName\":\"search_term_string\"}}],\"inLanguage\":\"en-US\"}]}<\/script>\n<!-- \/ Yoast SEO Premium plugin. -->","yoast_head_json":{"title":"CD - Guessous Majda M\u00e1ria","robots":{"index":"index","follow":"follow","max-snippet":"max-snippet:-1","max-image-preview":"max-image-preview:large","max-video-preview":"max-video-preview:-1"},"canonical":"https:\/\/guessousmajdamaria.hu\/cd-turkce\/","og_locale":"en_US","og_type":"article","og_title":"CD - Guessous Majda M\u00e1ria","og_description":"T\u0151lem-Neked (2022) T\u0150LEM-NEKED \u2013 10 ORTAK T\u00dcRK\u00c7E VE MACARCA T\u00dcRK\u00dc. Alb\u00fcm\u00fc sat\u0131n almak i\u00e7in buraya t\u0131klay\u0131n! \u201e\u0130nsan bir t\u00fcrk\u00fcy\u00fc ancak s\u00f6zlerin dilini anlarsa ger\u00e7ekten kavrayabilir.\u201d (Bart\u00f3k B\u00e9la) Mesi&#8217;nin ilk solo alb\u00fcm\u00fc \u00f6ncelikle Macar ve T\u00fcrk anadili konu\u015fanlar\u0131na seslenir; 10 tan\u0131nm\u0131\u015f t\u00fcrk\u00fcn\u00fcn \u00e7ift versiyonu arac\u0131l\u0131\u011f\u0131yla iki halk birbirine kendini tan\u0131t\u0131r&#8230; Devamini oku D\u00f6n\u00fc\u015f\u00fcm \u2013 \u00c1tv\u00e1ltoz\u00e1s (2020)... View Article","og_url":"https:\/\/guessousmajdamaria.hu\/cd-turkce\/","og_site_name":"Guessous Majda M\u00e1ria","og_image":[{"url":"https:\/\/guessousmajdamaria.hu\/wp-content\/uploads\/2022\/10\/311116844_542898207844314_1949232518207564903_n-700x618.jpg","type":"","width":"","height":""}],"twitter_card":"summary_large_image","twitter_misc":{"Est. reading time":"1 minute"},"schema":{"@context":"https:\/\/schema.org","@graph":[{"@type":"WebPage","@id":"https:\/\/guessousmajdamaria.hu\/cd-turkce\/","url":"https:\/\/guessousmajdamaria.hu\/cd-turkce\/","name":"CD - Guessous Majda M\u00e1ria","isPartOf":{"@id":"https:\/\/guessousmajdamaria.hu\/#website"},"primaryImageOfPage":{"@id":"https:\/\/guessousmajdamaria.hu\/cd-turkce\/#primaryimage"},"image":{"@id":"https:\/\/guessousmajdamaria.hu\/cd-turkce\/#primaryimage"},"thumbnailUrl":"https:\/\/guessousmajdamaria.hu\/wp-content\/uploads\/2022\/10\/311116844_542898207844314_1949232518207564903_n-700x618.jpg","datePublished":"2026-02-24T19:57:39+00:00","inLanguage":"en-US","potentialAction":[{"@type":"ReadAction","target":["https:\/\/guessousmajdamaria.hu\/cd-turkce\/"]}]},{"@type":"ImageObject","inLanguage":"en-US","@id":"https:\/\/guessousmajdamaria.hu\/cd-turkce\/#primaryimage","url":"https:\/\/guessousmajdamaria.hu\/wp-content\/uploads\/2022\/10\/311116844_542898207844314_1949232518207564903_n-700x618.jpg","contentUrl":"https:\/\/guessousmajdamaria.hu\/wp-content\/uploads\/2022\/10\/311116844_542898207844314_1949232518207564903_n-700x618.jpg"},{"@type":"WebSite","@id":"https:\/\/guessousmajdamaria.hu\/#website","url":"https:\/\/guessousmajdamaria.hu\/","name":"Guessous Majda M\u00e1ria","description":"Egy \u00fajabb WordPress honlap","potentialAction":[{"@type":"SearchAction","target":{"@type":"EntryPoint","urlTemplate":"https:\/\/guessousmajdamaria.hu\/?s={search_term_string}"},"query-input":{"@type":"PropertyValueSpecification","valueRequired":true,"valueName":"search_term_string"}}],"inLanguage":"en-US"}]}},"_links":{"self":[{"href":"https:\/\/guessousmajdamaria.hu\/en\/wp-json\/wp\/v2\/pages\/4897","targetHints":{"allow":["GET"]}}],"collection":[{"href":"https:\/\/guessousmajdamaria.hu\/en\/wp-json\/wp\/v2\/pages"}],"about":[{"href":"https:\/\/guessousmajdamaria.hu\/en\/wp-json\/wp\/v2\/types\/page"}],"author":[{"embeddable":true,"href":"https:\/\/guessousmajdamaria.hu\/en\/wp-json\/wp\/v2\/users\/2"}],"replies":[{"embeddable":true,"href":"https:\/\/guessousmajdamaria.hu\/en\/wp-json\/wp\/v2\/comments?post=4897"}],"version-history":[{"count":0,"href":"https:\/\/guessousmajdamaria.hu\/en\/wp-json\/wp\/v2\/pages\/4897\/revisions"}],"wp:attachment":[{"href":"https:\/\/guessousmajdamaria.hu\/en\/wp-json\/wp\/v2\/media?parent=4897"}],"curies":[{"name":"wp","href":"https:\/\/api.w.org\/{rel}","templated":true}]}}