{"id":4893,"date":"2026-02-24T20:25:49","date_gmt":"2026-02-24T19:25:49","guid":{"rendered":"https:\/\/guessousmajdamaria.hu\/tr-meshinda-2016\/"},"modified":"2026-02-24T20:25:49","modified_gmt":"2026-02-24T19:25:49","slug":"tr-meshinda-2016","status":"publish","type":"page","link":"https:\/\/guessousmajdamaria.hu\/en\/tr-meshinda-2016\/","title":{"rendered":"Meshinda \u2013 Co\u015fkun Bo\u011faz (2016)"},"content":{"rendered":"<p>Topluluk 2013 y\u0131l\u0131nda kuruldu; iki kurucu \u00fcye olan Guessous Majda M\u00e1ria (vokal) ve T\u00f3th Szabolcs (sitar), ilk kez M\u00fczik Akademisi b\u00fcnyesinde bir araya geldi. Toplulu\u011fun m\u00fczik d\u00fcnyas\u0131n\u0131, g\u00fczel otantik halk \u00e7alg\u0131lar\u0131yla iki m\u00fczisyen daha renklendiriyor: Barvich Iv\u00e1n ve Boros Gerzson D\u00e1vid.<\/p>\n<p>Topluluk \u00fcyeleri, Mesi gibi hepsi Macaristan d\u0131\u015f\u0131ndaki k\u00fclt\u00fcrel sahneyle \u00f6zel bir ba\u011fa sahip. Sitar sanat\u00e7\u0131s\u0131 T\u00f3th Szabi, \u00e7ok \u00f6d\u00fcll\u00fc bir besteci olarak da toplulu\u011fa katk\u0131 sa\u011fl\u0131yor.<\/p>\n<p>Meshinda, Macar, T\u00fcrk, Hint ve Fas halk m\u00fczi\u011fi geleneklerini harmanlayan benzersiz bir m\u00fczikal deneyim sunuyor. Alb\u00fcm, \u0130stanbul Bo\u011faz\u0131&#8217;n\u0131n co\u015fkun ak\u0131nt\u0131lar\u0131ndan ilham alarak farkl\u0131 k\u00fclt\u00fcrlerin m\u00fczikal bulu\u015fmas\u0131n\u0131 simgeliyor.<\/p>\n<p><strong>M\u00fczisyenler:<\/strong> Guessous Majda M\u00e1ria (vokal, saz, kobuz), T\u00f3th Szabolcs (sitar), Barvich Iv\u00e1n (kaval, tambura), Boros Gerzson D\u00e1vid (tabla, darbuka, bendir)<\/p>\n","protected":false},"excerpt":{"rendered":"Topluluk 2013 y\u0131l\u0131nda kuruldu; iki kurucu \u00fcye olan Guessous Majda M\u00e1ria (vokal) ve T\u00f3th Szabolcs (sitar), ilk kez M\u00fczik Akademisi b\u00fcnyesinde bir araya geldi. Toplulu\u011fun m\u00fczik d\u00fcnyas\u0131n\u0131, g\u00fczel otantik halk \u00e7alg\u0131lar\u0131yla iki m\u00fczisyen daha renklendiriyor: Barvich Iv\u00e1n ve Boros Gerzson D\u00e1vid. Topluluk \u00fcyeleri, Mesi gibi hepsi Macaristan d\u0131\u015f\u0131ndaki k\u00fclt\u00fcrel sahneyle \u00f6zel bir ba\u011fa sahip. Sitar&#8230; <a class=\"view-article\" href=\"https:\/\/guessousmajdamaria.hu\/en\/tr-meshinda-2016\/\">View Article<\/a>","protected":false},"author":2,"featured_media":0,"parent":0,"menu_order":0,"comment_status":"closed","ping_status":"closed","template":"","meta":{"_acf_changed":false,"footnotes":""},"class_list":["post-4893","page","type-page","status-publish","hentry"],"acf":[],"yoast_head":"<!-- This site is optimized with the Yoast SEO Premium plugin v27.4 (Yoast SEO v27.4) - https:\/\/yoast.com\/product\/yoast-seo-premium-wordpress\/ -->\n<title>Meshinda \u2013 Co\u015fkun Bo\u011faz (2016) - Guessous Majda M\u00e1ria<\/title>\n<meta name=\"robots\" content=\"index, follow, max-snippet:-1, max-image-preview:large, max-video-preview:-1\" \/>\n<link rel=\"canonical\" href=\"https:\/\/guessousmajdamaria.hu\/tr-meshinda-2016\/\" \/>\n<meta property=\"og:locale\" content=\"en_US\" \/>\n<meta property=\"og:type\" content=\"article\" \/>\n<meta property=\"og:title\" content=\"Meshinda \u2013 Co\u015fkun Bo\u011faz (2016) - Guessous Majda M\u00e1ria\" \/>\n<meta property=\"og:description\" content=\"Topluluk 2013 y\u0131l\u0131nda kuruldu; iki kurucu \u00fcye olan Guessous Majda M\u00e1ria (vokal) ve T\u00f3th Szabolcs (sitar), ilk kez M\u00fczik Akademisi b\u00fcnyesinde bir araya geldi. Toplulu\u011fun m\u00fczik d\u00fcnyas\u0131n\u0131, g\u00fczel otantik halk \u00e7alg\u0131lar\u0131yla iki m\u00fczisyen daha renklendiriyor: Barvich Iv\u00e1n ve Boros Gerzson D\u00e1vid. Topluluk \u00fcyeleri, Mesi gibi hepsi Macaristan d\u0131\u015f\u0131ndaki k\u00fclt\u00fcrel sahneyle \u00f6zel bir ba\u011fa sahip. Sitar... View Article\" \/>\n<meta property=\"og:url\" content=\"https:\/\/guessousmajdamaria.hu\/tr-meshinda-2016\/\" \/>\n<meta property=\"og:site_name\" content=\"Guessous Majda M\u00e1ria\" \/>\n<meta name=\"twitter:card\" content=\"summary_large_image\" \/>\n<meta name=\"twitter:label1\" content=\"Est. reading time\" \/>\n\t<meta name=\"twitter:data1\" content=\"1 minute\" \/>\n<script type=\"application\/ld+json\" class=\"yoast-schema-graph\">{\"@context\":\"https:\\\/\\\/schema.org\",\"@graph\":[{\"@type\":\"WebPage\",\"@id\":\"https:\\\/\\\/guessousmajdamaria.hu\\\/tr-meshinda-2016\\\/\",\"url\":\"https:\\\/\\\/guessousmajdamaria.hu\\\/tr-meshinda-2016\\\/\",\"name\":\"Meshinda \u2013 Co\u015fkun Bo\u011faz (2016) - Guessous Majda M\u00e1ria\",\"isPartOf\":{\"@id\":\"https:\\\/\\\/guessousmajdamaria.hu\\\/#website\"},\"datePublished\":\"2026-02-24T19:25:49+00:00\",\"inLanguage\":\"en-US\",\"potentialAction\":[{\"@type\":\"ReadAction\",\"target\":[\"https:\\\/\\\/guessousmajdamaria.hu\\\/tr-meshinda-2016\\\/\"]}]},{\"@type\":\"WebSite\",\"@id\":\"https:\\\/\\\/guessousmajdamaria.hu\\\/#website\",\"url\":\"https:\\\/\\\/guessousmajdamaria.hu\\\/\",\"name\":\"Guessous Majda M\u00e1ria\",\"description\":\"Egy \u00fajabb WordPress honlap\",\"potentialAction\":[{\"@type\":\"SearchAction\",\"target\":{\"@type\":\"EntryPoint\",\"urlTemplate\":\"https:\\\/\\\/guessousmajdamaria.hu\\\/?s={search_term_string}\"},\"query-input\":{\"@type\":\"PropertyValueSpecification\",\"valueRequired\":true,\"valueName\":\"search_term_string\"}}],\"inLanguage\":\"en-US\"}]}<\/script>\n<!-- \/ Yoast SEO Premium plugin. -->","yoast_head_json":{"title":"Meshinda \u2013 Co\u015fkun Bo\u011faz (2016) - Guessous Majda M\u00e1ria","robots":{"index":"index","follow":"follow","max-snippet":"max-snippet:-1","max-image-preview":"max-image-preview:large","max-video-preview":"max-video-preview:-1"},"canonical":"https:\/\/guessousmajdamaria.hu\/tr-meshinda-2016\/","og_locale":"en_US","og_type":"article","og_title":"Meshinda \u2013 Co\u015fkun Bo\u011faz (2016) - Guessous Majda M\u00e1ria","og_description":"Topluluk 2013 y\u0131l\u0131nda kuruldu; iki kurucu \u00fcye olan Guessous Majda M\u00e1ria (vokal) ve T\u00f3th Szabolcs (sitar), ilk kez M\u00fczik Akademisi b\u00fcnyesinde bir araya geldi. Toplulu\u011fun m\u00fczik d\u00fcnyas\u0131n\u0131, g\u00fczel otantik halk \u00e7alg\u0131lar\u0131yla iki m\u00fczisyen daha renklendiriyor: Barvich Iv\u00e1n ve Boros Gerzson D\u00e1vid. Topluluk \u00fcyeleri, Mesi gibi hepsi Macaristan d\u0131\u015f\u0131ndaki k\u00fclt\u00fcrel sahneyle \u00f6zel bir ba\u011fa sahip. Sitar... View Article","og_url":"https:\/\/guessousmajdamaria.hu\/tr-meshinda-2016\/","og_site_name":"Guessous Majda M\u00e1ria","twitter_card":"summary_large_image","twitter_misc":{"Est. reading time":"1 minute"},"schema":{"@context":"https:\/\/schema.org","@graph":[{"@type":"WebPage","@id":"https:\/\/guessousmajdamaria.hu\/tr-meshinda-2016\/","url":"https:\/\/guessousmajdamaria.hu\/tr-meshinda-2016\/","name":"Meshinda \u2013 Co\u015fkun Bo\u011faz (2016) - Guessous Majda M\u00e1ria","isPartOf":{"@id":"https:\/\/guessousmajdamaria.hu\/#website"},"datePublished":"2026-02-24T19:25:49+00:00","inLanguage":"en-US","potentialAction":[{"@type":"ReadAction","target":["https:\/\/guessousmajdamaria.hu\/tr-meshinda-2016\/"]}]},{"@type":"WebSite","@id":"https:\/\/guessousmajdamaria.hu\/#website","url":"https:\/\/guessousmajdamaria.hu\/","name":"Guessous Majda M\u00e1ria","description":"Egy \u00fajabb WordPress honlap","potentialAction":[{"@type":"SearchAction","target":{"@type":"EntryPoint","urlTemplate":"https:\/\/guessousmajdamaria.hu\/?s={search_term_string}"},"query-input":{"@type":"PropertyValueSpecification","valueRequired":true,"valueName":"search_term_string"}}],"inLanguage":"en-US"}]}},"_links":{"self":[{"href":"https:\/\/guessousmajdamaria.hu\/en\/wp-json\/wp\/v2\/pages\/4893","targetHints":{"allow":["GET"]}}],"collection":[{"href":"https:\/\/guessousmajdamaria.hu\/en\/wp-json\/wp\/v2\/pages"}],"about":[{"href":"https:\/\/guessousmajdamaria.hu\/en\/wp-json\/wp\/v2\/types\/page"}],"author":[{"embeddable":true,"href":"https:\/\/guessousmajdamaria.hu\/en\/wp-json\/wp\/v2\/users\/2"}],"replies":[{"embeddable":true,"href":"https:\/\/guessousmajdamaria.hu\/en\/wp-json\/wp\/v2\/comments?post=4893"}],"version-history":[{"count":0,"href":"https:\/\/guessousmajdamaria.hu\/en\/wp-json\/wp\/v2\/pages\/4893\/revisions"}],"wp:attachment":[{"href":"https:\/\/guessousmajdamaria.hu\/en\/wp-json\/wp\/v2\/media?parent=4893"}],"curies":[{"name":"wp","href":"https:\/\/api.w.org\/{rel}","templated":true}]}}