{"id":3391,"date":"2022-10-11T15:12:10","date_gmt":"2022-10-11T13:12:10","guid":{"rendered":"https:\/\/guessousmajdamaria.hu\/?page_id=3391"},"modified":"2026-02-22T10:50:03","modified_gmt":"2026-02-22T09:50:03","slug":"tolem-neked-2022-dalszovegek","status":"publish","type":"page","link":"https:\/\/guessousmajdamaria.hu\/en\/tolem-neked-2022-lyrics\/","title":{"rendered":"(Magyar) T\u0151lem-neked (2022) dalsz\u00f6vegek"},"content":{"rendered":"<p class=\"qtranxs-available-languages-message qtranxs-available-languages-message-en\">Sorry, this entry is only available in <a href=\"https:\/\/guessousmajdamaria.hu\/hu\/wp-json\/wp\/v2\/pages\/3391\" class=\"qtranxs-available-language-link qtranxs-available-language-link-hu\" title=\"Magyar\">Magyar<\/a> and <a href=\"https:\/\/guessousmajdamaria.hu\/tr\/wp-json\/wp\/v2\/pages\/3391\" class=\"qtranxs-available-language-link qtranxs-available-language-link-tr\" title=\"Turkish\">Turkish<\/a>.<\/p>","protected":false},"excerpt":{"rendered":"Sorry, this entry is only available in Magyar and Turkish.","protected":false},"author":2,"featured_media":3386,"parent":0,"menu_order":0,"comment_status":"closed","ping_status":"closed","template":"","meta":{"_acf_changed":false,"footnotes":""},"class_list":["post-3391","page","type-page","status-publish","has-post-thumbnail","hentry"],"acf":[],"yoast_head":"<!-- This site is optimized with the Yoast SEO Premium plugin v27.4 (Yoast SEO v27.4) - https:\/\/yoast.com\/product\/yoast-seo-premium-wordpress\/ -->\n<title>(Magyar) T\u0151lem-neked (2022) dalsz\u00f6vegek - Guessous Majda M\u00e1ria<\/title>\n<meta name=\"robots\" content=\"index, follow, max-snippet:-1, max-image-preview:large, max-video-preview:-1\" \/>\n<link rel=\"canonical\" href=\"https:\/\/guessousmajdamaria.hu\/tolem-neked-2022-dalszovegek\/\" \/>\n<meta property=\"og:locale\" content=\"en_US\" \/>\n<meta property=\"og:type\" content=\"article\" \/>\n<meta property=\"og:title\" content=\"[:hu]T\u0151lem-neked (2022) dalsz\u00f6vegek[:tr]T\u0151lem-neked (2022) \u015fark\u0131 s\u00f6zleri[:] - Guessous Majda M\u00e1ria\" \/>\n<meta property=\"og:description\" content=\"Sorry, this entry is only available in Magyar and Turkish.\" \/>\n<meta property=\"og:url\" content=\"https:\/\/guessousmajdamaria.hu\/tolem-neked-2022-dalszovegek\/\" \/>\n<meta property=\"og:site_name\" content=\"Guessous Majda M\u00e1ria\" \/>\n<meta property=\"article:modified_time\" content=\"2026-02-22T09:50:03+00:00\" \/>\n<meta property=\"og:image\" content=\"https:\/\/guessousmajdamaria.hu\/wp-content\/uploads\/2016\/05\/GuessousMesiTolemNeked_borito_front-2.jpg\" \/>\n\t<meta property=\"og:image:width\" content=\"829\" \/>\n\t<meta property=\"og:image:height\" content=\"732\" \/>\n\t<meta property=\"og:image:type\" content=\"image\/jpeg\" \/>\n<meta name=\"twitter:card\" content=\"summary_large_image\" \/>\n<meta name=\"twitter:label1\" content=\"Est. reading time\" \/>\n\t<meta name=\"twitter:data1\" content=\"13 minutes\" \/>\n<script type=\"application\/ld+json\" class=\"yoast-schema-graph\">{\"@context\":\"https:\\\/\\\/schema.org\",\"@graph\":[{\"@type\":\"WebPage\",\"@id\":\"https:\\\/\\\/guessousmajdamaria.hu\\\/tolem-neked-2022-dalszovegek\\\/\",\"url\":\"https:\\\/\\\/guessousmajdamaria.hu\\\/tolem-neked-2022-dalszovegek\\\/\",\"name\":\"[:hu]T\u0151lem-neked (2022) dalsz\u00f6vegek[:tr]T\u0151lem-neked (2022) \u015fark\u0131 s\u00f6zleri[:] - Guessous Majda M\u00e1ria\",\"isPartOf\":{\"@id\":\"https:\\\/\\\/guessousmajdamaria.hu\\\/#website\"},\"primaryImageOfPage\":{\"@id\":\"https:\\\/\\\/guessousmajdamaria.hu\\\/tolem-neked-2022-dalszovegek\\\/#primaryimage\"},\"image\":{\"@id\":\"https:\\\/\\\/guessousmajdamaria.hu\\\/tolem-neked-2022-dalszovegek\\\/#primaryimage\"},\"thumbnailUrl\":\"https:\\\/\\\/guessousmajdamaria.hu\\\/wp-content\\\/uploads\\\/2016\\\/05\\\/GuessousMesiTolemNeked_borito_front-2.jpg\",\"datePublished\":\"2022-10-11T13:12:10+00:00\",\"dateModified\":\"2026-02-22T09:50:03+00:00\",\"inLanguage\":\"en-US\",\"potentialAction\":[{\"@type\":\"ReadAction\",\"target\":[\"https:\\\/\\\/guessousmajdamaria.hu\\\/tolem-neked-2022-dalszovegek\\\/\"]}]},{\"@type\":\"ImageObject\",\"inLanguage\":\"en-US\",\"@id\":\"https:\\\/\\\/guessousmajdamaria.hu\\\/tolem-neked-2022-dalszovegek\\\/#primaryimage\",\"url\":\"https:\\\/\\\/guessousmajdamaria.hu\\\/wp-content\\\/uploads\\\/2016\\\/05\\\/GuessousMesiTolemNeked_borito_front-2.jpg\",\"contentUrl\":\"https:\\\/\\\/guessousmajdamaria.hu\\\/wp-content\\\/uploads\\\/2016\\\/05\\\/GuessousMesiTolemNeked_borito_front-2.jpg\",\"width\":829,\"height\":732,\"caption\":\"T\u0151lem Neked\"},{\"@type\":\"WebSite\",\"@id\":\"https:\\\/\\\/guessousmajdamaria.hu\\\/#website\",\"url\":\"https:\\\/\\\/guessousmajdamaria.hu\\\/\",\"name\":\"Guessous Majda M\u00e1ria\",\"description\":\"Egy \u00fajabb WordPress honlap\",\"potentialAction\":[{\"@type\":\"SearchAction\",\"target\":{\"@type\":\"EntryPoint\",\"urlTemplate\":\"https:\\\/\\\/guessousmajdamaria.hu\\\/?s={search_term_string}\"},\"query-input\":{\"@type\":\"PropertyValueSpecification\",\"valueRequired\":true,\"valueName\":\"search_term_string\"}}],\"inLanguage\":\"en-US\"}]}<\/script>\n<!-- \/ Yoast SEO Premium plugin. -->","yoast_head_json":{"title":"(Magyar) T\u0151lem-neked (2022) dalsz\u00f6vegek - Guessous Majda M\u00e1ria","robots":{"index":"index","follow":"follow","max-snippet":"max-snippet:-1","max-image-preview":"max-image-preview:large","max-video-preview":"max-video-preview:-1"},"canonical":"https:\/\/guessousmajdamaria.hu\/tolem-neked-2022-dalszovegek\/","og_locale":"en_US","og_type":"article","og_title":"[:hu]T\u0151lem-neked (2022) dalsz\u00f6vegek[:tr]T\u0151lem-neked (2022) \u015fark\u0131 s\u00f6zleri[:] - Guessous Majda M\u00e1ria","og_description":"Sorry, this entry is only available in Magyar and Turkish.","og_url":"https:\/\/guessousmajdamaria.hu\/tolem-neked-2022-dalszovegek\/","og_site_name":"Guessous Majda M\u00e1ria","article_modified_time":"2026-02-22T09:50:03+00:00","og_image":[{"width":829,"height":732,"url":"https:\/\/guessousmajdamaria.hu\/wp-content\/uploads\/2016\/05\/GuessousMesiTolemNeked_borito_front-2.jpg","type":"image\/jpeg"}],"twitter_card":"summary_large_image","twitter_misc":{"Est. reading time":"13 minutes"},"schema":{"@context":"https:\/\/schema.org","@graph":[{"@type":"WebPage","@id":"https:\/\/guessousmajdamaria.hu\/tolem-neked-2022-dalszovegek\/","url":"https:\/\/guessousmajdamaria.hu\/tolem-neked-2022-dalszovegek\/","name":"[:hu]T\u0151lem-neked (2022) dalsz\u00f6vegek[:tr]T\u0151lem-neked (2022) \u015fark\u0131 s\u00f6zleri[:] - Guessous Majda M\u00e1ria","isPartOf":{"@id":"https:\/\/guessousmajdamaria.hu\/#website"},"primaryImageOfPage":{"@id":"https:\/\/guessousmajdamaria.hu\/tolem-neked-2022-dalszovegek\/#primaryimage"},"image":{"@id":"https:\/\/guessousmajdamaria.hu\/tolem-neked-2022-dalszovegek\/#primaryimage"},"thumbnailUrl":"https:\/\/guessousmajdamaria.hu\/wp-content\/uploads\/2016\/05\/GuessousMesiTolemNeked_borito_front-2.jpg","datePublished":"2022-10-11T13:12:10+00:00","dateModified":"2026-02-22T09:50:03+00:00","inLanguage":"en-US","potentialAction":[{"@type":"ReadAction","target":["https:\/\/guessousmajdamaria.hu\/tolem-neked-2022-dalszovegek\/"]}]},{"@type":"ImageObject","inLanguage":"en-US","@id":"https:\/\/guessousmajdamaria.hu\/tolem-neked-2022-dalszovegek\/#primaryimage","url":"https:\/\/guessousmajdamaria.hu\/wp-content\/uploads\/2016\/05\/GuessousMesiTolemNeked_borito_front-2.jpg","contentUrl":"https:\/\/guessousmajdamaria.hu\/wp-content\/uploads\/2016\/05\/GuessousMesiTolemNeked_borito_front-2.jpg","width":829,"height":732,"caption":"T\u0151lem Neked"},{"@type":"WebSite","@id":"https:\/\/guessousmajdamaria.hu\/#website","url":"https:\/\/guessousmajdamaria.hu\/","name":"Guessous Majda M\u00e1ria","description":"Egy \u00fajabb WordPress honlap","potentialAction":[{"@type":"SearchAction","target":{"@type":"EntryPoint","urlTemplate":"https:\/\/guessousmajdamaria.hu\/?s={search_term_string}"},"query-input":{"@type":"PropertyValueSpecification","valueRequired":true,"valueName":"search_term_string"}}],"inLanguage":"en-US"}]}},"_links":{"self":[{"href":"https:\/\/guessousmajdamaria.hu\/en\/wp-json\/wp\/v2\/pages\/3391","targetHints":{"allow":["GET"]}}],"collection":[{"href":"https:\/\/guessousmajdamaria.hu\/en\/wp-json\/wp\/v2\/pages"}],"about":[{"href":"https:\/\/guessousmajdamaria.hu\/en\/wp-json\/wp\/v2\/types\/page"}],"author":[{"embeddable":true,"href":"https:\/\/guessousmajdamaria.hu\/en\/wp-json\/wp\/v2\/users\/2"}],"replies":[{"embeddable":true,"href":"https:\/\/guessousmajdamaria.hu\/en\/wp-json\/wp\/v2\/comments?post=3391"}],"version-history":[{"count":4,"href":"https:\/\/guessousmajdamaria.hu\/en\/wp-json\/wp\/v2\/pages\/3391\/revisions"}],"predecessor-version":[{"id":3896,"href":"https:\/\/guessousmajdamaria.hu\/en\/wp-json\/wp\/v2\/pages\/3391\/revisions\/3896"}],"wp:featuredmedia":[{"embeddable":true,"href":"https:\/\/guessousmajdamaria.hu\/en\/wp-json\/wp\/v2\/media\/3386"}],"wp:attachment":[{"href":"https:\/\/guessousmajdamaria.hu\/en\/wp-json\/wp\/v2\/media?parent=3391"}],"curies":[{"name":"wp","href":"https:\/\/api.w.org\/{rel}","templated":true}]}}