{"id":2361,"date":"2018-06-12T21:15:15","date_gmt":"2018-06-12T19:15:15","guid":{"rendered":"https:\/\/guessousmajdamaria.hu\/?page_id=2361"},"modified":"2026-02-20T15:12:53","modified_gmt":"2026-02-20T14:12:53","slug":"hirlevel","status":"publish","type":"page","link":"https:\/\/guessousmajdamaria.hu\/en\/contact\/hirlevel\/","title":{"rendered":"(Magyar) H\u00edrlev\u00e9l"},"content":{"rendered":"<p class=\"qtranxs-available-languages-message qtranxs-available-languages-message-en\">Sorry, this entry is only available in <a href=\"https:\/\/guessousmajdamaria.hu\/hu\/wp-json\/wp\/v2\/pages\/2361\" class=\"qtranxs-available-language-link qtranxs-available-language-link-hu\" title=\"Magyar\">Magyar<\/a> and <a href=\"https:\/\/guessousmajdamaria.hu\/tr\/wp-json\/wp\/v2\/pages\/2361\" class=\"qtranxs-available-language-link qtranxs-available-language-link-tr\" title=\"Turkish\">Turkish<\/a>.<\/p>","protected":false},"excerpt":{"rendered":"Sorry, this entry is only available in Magyar and Turkish.","protected":false},"author":2,"featured_media":0,"parent":199,"menu_order":8,"comment_status":"closed","ping_status":"closed","template":"","meta":{"_acf_changed":false,"footnotes":""},"class_list":["post-2361","page","type-page","status-publish","hentry"],"acf":[],"yoast_head":"<!-- This site is optimized with the Yoast SEO Premium plugin v27.3 (Yoast SEO v27.3) - https:\/\/yoast.com\/product\/yoast-seo-premium-wordpress\/ -->\n<title>(Magyar) H\u00edrlev\u00e9l - Guessous Majda M\u00e1ria<\/title>\n<meta name=\"robots\" content=\"index, follow, max-snippet:-1, max-image-preview:large, max-video-preview:-1\" \/>\n<link rel=\"canonical\" href=\"https:\/\/guessousmajdamaria.hu\/kapcsolat\/hirlevel\/\" \/>\n<meta property=\"og:locale\" content=\"en_US\" \/>\n<meta property=\"og:type\" content=\"article\" \/>\n<meta property=\"og:title\" content=\"[:hu]H\u00edrlev\u00e9l[:tr]B\u00fclten[:] - Guessous Majda M\u00e1ria\" \/>\n<meta property=\"og:description\" content=\"Sorry, this entry is only available in Magyar and Turkish.\" \/>\n<meta property=\"og:url\" content=\"https:\/\/guessousmajdamaria.hu\/kapcsolat\/hirlevel\/\" \/>\n<meta property=\"og:site_name\" content=\"Guessous Majda M\u00e1ria\" \/>\n<meta property=\"article:modified_time\" content=\"2026-02-20T14:12:53+00:00\" \/>\n<meta name=\"twitter:card\" content=\"summary_large_image\" \/>\n<script type=\"application\/ld+json\" class=\"yoast-schema-graph\">{\"@context\":\"https:\\\/\\\/schema.org\",\"@graph\":[{\"@type\":\"WebPage\",\"@id\":\"https:\\\/\\\/guessousmajdamaria.hu\\\/kapcsolat\\\/hirlevel\\\/\",\"url\":\"https:\\\/\\\/guessousmajdamaria.hu\\\/kapcsolat\\\/hirlevel\\\/\",\"name\":\"[:hu]H\u00edrlev\u00e9l[:tr]B\u00fclten[:] - Guessous Majda M\u00e1ria\",\"isPartOf\":{\"@id\":\"https:\\\/\\\/guessousmajdamaria.hu\\\/#website\"},\"datePublished\":\"2018-06-12T19:15:15+00:00\",\"dateModified\":\"2026-02-20T14:12:53+00:00\",\"breadcrumb\":{\"@id\":\"https:\\\/\\\/guessousmajdamaria.hu\\\/kapcsolat\\\/hirlevel\\\/#breadcrumb\"},\"inLanguage\":\"en-US\",\"potentialAction\":[{\"@type\":\"ReadAction\",\"target\":[\"https:\\\/\\\/guessousmajdamaria.hu\\\/kapcsolat\\\/hirlevel\\\/\"]}]},{\"@type\":\"BreadcrumbList\",\"@id\":\"https:\\\/\\\/guessousmajdamaria.hu\\\/kapcsolat\\\/hirlevel\\\/#breadcrumb\",\"itemListElement\":[{\"@type\":\"ListItem\",\"position\":1,\"name\":\"Kapcsolat\",\"item\":\"https:\\\/\\\/guessousmajdamaria.hu\\\/kapcsolat\\\/\"},{\"@type\":\"ListItem\",\"position\":2,\"name\":\"H\u00edrlev\u00e9l\"}]},{\"@type\":\"WebSite\",\"@id\":\"https:\\\/\\\/guessousmajdamaria.hu\\\/#website\",\"url\":\"https:\\\/\\\/guessousmajdamaria.hu\\\/\",\"name\":\"Guessous Majda M\u00e1ria\",\"description\":\"Egy \u00fajabb WordPress honlap\",\"potentialAction\":[{\"@type\":\"SearchAction\",\"target\":{\"@type\":\"EntryPoint\",\"urlTemplate\":\"https:\\\/\\\/guessousmajdamaria.hu\\\/?s={search_term_string}\"},\"query-input\":{\"@type\":\"PropertyValueSpecification\",\"valueRequired\":true,\"valueName\":\"search_term_string\"}}],\"inLanguage\":\"en-US\"}]}<\/script>\n<!-- \/ Yoast SEO Premium plugin. -->","yoast_head_json":{"title":"(Magyar) H\u00edrlev\u00e9l - Guessous Majda M\u00e1ria","robots":{"index":"index","follow":"follow","max-snippet":"max-snippet:-1","max-image-preview":"max-image-preview:large","max-video-preview":"max-video-preview:-1"},"canonical":"https:\/\/guessousmajdamaria.hu\/kapcsolat\/hirlevel\/","og_locale":"en_US","og_type":"article","og_title":"[:hu]H\u00edrlev\u00e9l[:tr]B\u00fclten[:] - Guessous Majda M\u00e1ria","og_description":"Sorry, this entry is only available in Magyar and Turkish.","og_url":"https:\/\/guessousmajdamaria.hu\/kapcsolat\/hirlevel\/","og_site_name":"Guessous Majda M\u00e1ria","article_modified_time":"2026-02-20T14:12:53+00:00","twitter_card":"summary_large_image","schema":{"@context":"https:\/\/schema.org","@graph":[{"@type":"WebPage","@id":"https:\/\/guessousmajdamaria.hu\/kapcsolat\/hirlevel\/","url":"https:\/\/guessousmajdamaria.hu\/kapcsolat\/hirlevel\/","name":"[:hu]H\u00edrlev\u00e9l[:tr]B\u00fclten[:] - Guessous Majda M\u00e1ria","isPartOf":{"@id":"https:\/\/guessousmajdamaria.hu\/#website"},"datePublished":"2018-06-12T19:15:15+00:00","dateModified":"2026-02-20T14:12:53+00:00","breadcrumb":{"@id":"https:\/\/guessousmajdamaria.hu\/kapcsolat\/hirlevel\/#breadcrumb"},"inLanguage":"en-US","potentialAction":[{"@type":"ReadAction","target":["https:\/\/guessousmajdamaria.hu\/kapcsolat\/hirlevel\/"]}]},{"@type":"BreadcrumbList","@id":"https:\/\/guessousmajdamaria.hu\/kapcsolat\/hirlevel\/#breadcrumb","itemListElement":[{"@type":"ListItem","position":1,"name":"Kapcsolat","item":"https:\/\/guessousmajdamaria.hu\/kapcsolat\/"},{"@type":"ListItem","position":2,"name":"H\u00edrlev\u00e9l"}]},{"@type":"WebSite","@id":"https:\/\/guessousmajdamaria.hu\/#website","url":"https:\/\/guessousmajdamaria.hu\/","name":"Guessous Majda M\u00e1ria","description":"Egy \u00fajabb WordPress honlap","potentialAction":[{"@type":"SearchAction","target":{"@type":"EntryPoint","urlTemplate":"https:\/\/guessousmajdamaria.hu\/?s={search_term_string}"},"query-input":{"@type":"PropertyValueSpecification","valueRequired":true,"valueName":"search_term_string"}}],"inLanguage":"en-US"}]}},"_links":{"self":[{"href":"https:\/\/guessousmajdamaria.hu\/en\/wp-json\/wp\/v2\/pages\/2361","targetHints":{"allow":["GET"]}}],"collection":[{"href":"https:\/\/guessousmajdamaria.hu\/en\/wp-json\/wp\/v2\/pages"}],"about":[{"href":"https:\/\/guessousmajdamaria.hu\/en\/wp-json\/wp\/v2\/types\/page"}],"author":[{"embeddable":true,"href":"https:\/\/guessousmajdamaria.hu\/en\/wp-json\/wp\/v2\/users\/2"}],"replies":[{"embeddable":true,"href":"https:\/\/guessousmajdamaria.hu\/en\/wp-json\/wp\/v2\/comments?post=2361"}],"version-history":[{"count":1,"href":"https:\/\/guessousmajdamaria.hu\/en\/wp-json\/wp\/v2\/pages\/2361\/revisions"}],"predecessor-version":[{"id":3891,"href":"https:\/\/guessousmajdamaria.hu\/en\/wp-json\/wp\/v2\/pages\/2361\/revisions\/3891"}],"up":[{"embeddable":true,"href":"https:\/\/guessousmajdamaria.hu\/en\/wp-json\/wp\/v2\/pages\/199"}],"wp:attachment":[{"href":"https:\/\/guessousmajdamaria.hu\/en\/wp-json\/wp\/v2\/media?parent=2361"}],"curies":[{"name":"wp","href":"https:\/\/api.w.org\/{rel}","templated":true}]}}