{"id":199,"date":"2014-02-18T16:49:29","date_gmt":"2014-02-18T16:49:29","guid":{"rendered":"https:\/\/guessousmajdamaria.hu\/?page_id=199"},"modified":"2026-02-26T08:40:15","modified_gmt":"2026-02-26T07:40:15","slug":"kapcsolat","status":"publish","type":"page","link":"https:\/\/guessousmajdamaria.hu\/en\/contact\/","title":{"rendered":"Contact"},"content":{"rendered":"<p><\/p>\n<h2>Contact<\/h2>\n<p>Management and concert booking:<br \/>\ne-mail: guessousmesi@gmail.com<\/p>\n<p>Website management:<br \/>\n\u00c9va Matk\u00f3<br \/>\ne-mail: mevi88@citromail.hu<\/p>\n<p><\/p>","protected":false},"excerpt":{"rendered":"Contact Management and concert booking: e-mail: guessousmesi@gmail.com Website management: \u00c9va Matk\u00f3 e-mail: mevi88@citromail.hu","protected":false},"author":1,"featured_media":0,"parent":0,"menu_order":13,"comment_status":"closed","ping_status":"closed","template":"","meta":{"_acf_changed":false,"footnotes":""},"class_list":["post-199","page","type-page","status-publish","hentry"],"acf":[],"yoast_head":"<!-- This site is optimized with the Yoast SEO Premium plugin v27.3 (Yoast SEO v27.3) - https:\/\/yoast.com\/product\/yoast-seo-premium-wordpress\/ -->\n<title>Kapcsolat - Guessous Majda M\u00e1ria<\/title>\n<meta name=\"robots\" content=\"index, follow, max-snippet:-1, max-image-preview:large, max-video-preview:-1\" \/>\n<link rel=\"canonical\" href=\"https:\/\/guessousmajdamaria.hu\/kapcsolat\/\" \/>\n<meta property=\"og:locale\" content=\"en_US\" \/>\n<meta property=\"og:type\" content=\"article\" \/>\n<meta property=\"og:title\" content=\"Kapcsolat - Guessous Majda M\u00e1ria\" \/>\n<meta property=\"og:description\" content=\"Contact Management and concert booking: e-mail: guessousmesi@gmail.com Website management: \u00c9va Matk\u00f3 e-mail: mevi88@citromail.hu\" \/>\n<meta property=\"og:url\" content=\"https:\/\/guessousmajdamaria.hu\/kapcsolat\/\" \/>\n<meta property=\"og:site_name\" content=\"Guessous Majda M\u00e1ria\" \/>\n<meta property=\"article:modified_time\" content=\"2026-02-26T07:40:15+00:00\" \/>\n<meta name=\"twitter:card\" content=\"summary_large_image\" \/>\n<meta name=\"twitter:label1\" content=\"Est. reading time\" \/>\n\t<meta name=\"twitter:data1\" content=\"1 minute\" \/>\n<script type=\"application\/ld+json\" class=\"yoast-schema-graph\">{\"@context\":\"https:\\\/\\\/schema.org\",\"@graph\":[{\"@type\":\"WebPage\",\"@id\":\"https:\\\/\\\/guessousmajdamaria.hu\\\/kapcsolat\\\/\",\"url\":\"https:\\\/\\\/guessousmajdamaria.hu\\\/kapcsolat\\\/\",\"name\":\"Kapcsolat - Guessous Majda M\u00e1ria\",\"isPartOf\":{\"@id\":\"https:\\\/\\\/guessousmajdamaria.hu\\\/#website\"},\"datePublished\":\"2014-02-18T16:49:29+00:00\",\"dateModified\":\"2026-02-26T07:40:15+00:00\",\"inLanguage\":\"en-US\",\"potentialAction\":[{\"@type\":\"ReadAction\",\"target\":[\"https:\\\/\\\/guessousmajdamaria.hu\\\/kapcsolat\\\/\"]}]},{\"@type\":\"WebSite\",\"@id\":\"https:\\\/\\\/guessousmajdamaria.hu\\\/#website\",\"url\":\"https:\\\/\\\/guessousmajdamaria.hu\\\/\",\"name\":\"Guessous Majda M\u00e1ria\",\"description\":\"Egy \u00fajabb WordPress honlap\",\"potentialAction\":[{\"@type\":\"SearchAction\",\"target\":{\"@type\":\"EntryPoint\",\"urlTemplate\":\"https:\\\/\\\/guessousmajdamaria.hu\\\/?s={search_term_string}\"},\"query-input\":{\"@type\":\"PropertyValueSpecification\",\"valueRequired\":true,\"valueName\":\"search_term_string\"}}],\"inLanguage\":\"en-US\"}]}<\/script>\n<!-- \/ Yoast SEO Premium plugin. -->","yoast_head_json":{"title":"Kapcsolat - Guessous Majda M\u00e1ria","robots":{"index":"index","follow":"follow","max-snippet":"max-snippet:-1","max-image-preview":"max-image-preview:large","max-video-preview":"max-video-preview:-1"},"canonical":"https:\/\/guessousmajdamaria.hu\/kapcsolat\/","og_locale":"en_US","og_type":"article","og_title":"Kapcsolat - Guessous Majda M\u00e1ria","og_description":"Contact Management and concert booking: e-mail: guessousmesi@gmail.com Website management: \u00c9va Matk\u00f3 e-mail: mevi88@citromail.hu","og_url":"https:\/\/guessousmajdamaria.hu\/kapcsolat\/","og_site_name":"Guessous Majda M\u00e1ria","article_modified_time":"2026-02-26T07:40:15+00:00","twitter_card":"summary_large_image","twitter_misc":{"Est. reading time":"1 minute"},"schema":{"@context":"https:\/\/schema.org","@graph":[{"@type":"WebPage","@id":"https:\/\/guessousmajdamaria.hu\/kapcsolat\/","url":"https:\/\/guessousmajdamaria.hu\/kapcsolat\/","name":"Kapcsolat - Guessous Majda M\u00e1ria","isPartOf":{"@id":"https:\/\/guessousmajdamaria.hu\/#website"},"datePublished":"2014-02-18T16:49:29+00:00","dateModified":"2026-02-26T07:40:15+00:00","inLanguage":"en-US","potentialAction":[{"@type":"ReadAction","target":["https:\/\/guessousmajdamaria.hu\/kapcsolat\/"]}]},{"@type":"WebSite","@id":"https:\/\/guessousmajdamaria.hu\/#website","url":"https:\/\/guessousmajdamaria.hu\/","name":"Guessous Majda M\u00e1ria","description":"Egy \u00fajabb WordPress honlap","potentialAction":[{"@type":"SearchAction","target":{"@type":"EntryPoint","urlTemplate":"https:\/\/guessousmajdamaria.hu\/?s={search_term_string}"},"query-input":{"@type":"PropertyValueSpecification","valueRequired":true,"valueName":"search_term_string"}}],"inLanguage":"en-US"}]}},"_links":{"self":[{"href":"https:\/\/guessousmajdamaria.hu\/en\/wp-json\/wp\/v2\/pages\/199","targetHints":{"allow":["GET"]}}],"collection":[{"href":"https:\/\/guessousmajdamaria.hu\/en\/wp-json\/wp\/v2\/pages"}],"about":[{"href":"https:\/\/guessousmajdamaria.hu\/en\/wp-json\/wp\/v2\/types\/page"}],"author":[{"embeddable":true,"href":"https:\/\/guessousmajdamaria.hu\/en\/wp-json\/wp\/v2\/users\/1"}],"replies":[{"embeddable":true,"href":"https:\/\/guessousmajdamaria.hu\/en\/wp-json\/wp\/v2\/comments?post=199"}],"version-history":[{"count":16,"href":"https:\/\/guessousmajdamaria.hu\/en\/wp-json\/wp\/v2\/pages\/199\/revisions"}],"predecessor-version":[{"id":5059,"href":"https:\/\/guessousmajdamaria.hu\/en\/wp-json\/wp\/v2\/pages\/199\/revisions\/5059"}],"wp:attachment":[{"href":"https:\/\/guessousmajdamaria.hu\/en\/wp-json\/wp\/v2\/media?parent=199"}],"curies":[{"name":"wp","href":"https:\/\/api.w.org\/{rel}","templated":true}]}}