{"id":174,"date":"2014-02-18T14:58:33","date_gmt":"2014-02-18T13:58:33","guid":{"rendered":"https:\/\/guessousmajdamaria.hu\/?page_id=174"},"modified":"2026-02-22T10:50:31","modified_gmt":"2026-02-22T09:50:31","slug":"kepek","status":"publish","type":"page","link":"https:\/\/guessousmajdamaria.hu\/en\/kepek\/","title":{"rendered":"(Magyar) K\u00e9pek"},"content":{"rendered":"<p class=\"qtranxs-available-languages-message qtranxs-available-languages-message-en\">Sorry, this entry is only available in <a href=\"https:\/\/guessousmajdamaria.hu\/hu\/wp-json\/wp\/v2\/pages\/174\" class=\"qtranxs-available-language-link qtranxs-available-language-link-hu\" title=\"Magyar\">Magyar<\/a> and <a href=\"https:\/\/guessousmajdamaria.hu\/tr\/wp-json\/wp\/v2\/pages\/174\" class=\"qtranxs-available-language-link qtranxs-available-language-link-tr\" title=\"Turkish\">Turkish<\/a>.<\/p>","protected":false},"excerpt":{"rendered":"Sorry, this entry is only available in Magyar and Turkish.","protected":false},"author":2,"featured_media":0,"parent":0,"menu_order":15,"comment_status":"closed","ping_status":"closed","template":"page-galeriak.php","meta":{"_acf_changed":false,"footnotes":""},"class_list":["post-174","page","type-page","status-publish","hentry"],"acf":[],"yoast_head":"<!-- This site is optimized with the Yoast SEO Premium plugin v27.4 (Yoast SEO v27.4) - https:\/\/yoast.com\/product\/yoast-seo-premium-wordpress\/ -->\n<title>Pictures - Guessous Majda M\u00e1ria<\/title>\n<meta name=\"robots\" content=\"index, follow, max-snippet:-1, max-image-preview:large, max-video-preview:-1\" \/>\n<link rel=\"canonical\" href=\"https:\/\/guessousmajdamaria.hu\/kepek\/\" \/>\n<meta property=\"og:locale\" content=\"en_US\" \/>\n<meta property=\"og:type\" content=\"article\" \/>\n<meta property=\"og:title\" content=\"[:hu]K\u00e9pek - Guessous Majda M\u00e1ria[:en]Pictures - Guessous Majda M\u00e1ria[:]\" \/>\n<meta property=\"og:description\" content=\"Sorry, this entry is only available in Magyar and Turkish.\" \/>\n<meta property=\"og:url\" content=\"https:\/\/guessousmajdamaria.hu\/kepek\/\" \/>\n<meta property=\"og:site_name\" content=\"Guessous Majda M\u00e1ria\" \/>\n<meta property=\"article:modified_time\" content=\"2026-02-22T09:50:31+00:00\" \/>\n<meta name=\"twitter:card\" content=\"summary_large_image\" \/>\n<script type=\"application\/ld+json\" class=\"yoast-schema-graph\">{\"@context\":\"https:\\\/\\\/schema.org\",\"@graph\":[{\"@type\":\"WebPage\",\"@id\":\"https:\\\/\\\/guessousmajdamaria.hu\\\/kepek\\\/\",\"url\":\"https:\\\/\\\/guessousmajdamaria.hu\\\/kepek\\\/\",\"name\":\"[:hu]K\u00e9pek - Guessous Majda M\u00e1ria[:en]Pictures - Guessous Majda M\u00e1ria[:]\",\"isPartOf\":{\"@id\":\"https:\\\/\\\/guessousmajdamaria.hu\\\/#website\"},\"datePublished\":\"2014-02-18T13:58:33+00:00\",\"dateModified\":\"2026-02-22T09:50:31+00:00\",\"inLanguage\":\"en-US\",\"potentialAction\":[{\"@type\":\"ReadAction\",\"target\":[\"https:\\\/\\\/guessousmajdamaria.hu\\\/kepek\\\/\"]}]},{\"@type\":\"WebSite\",\"@id\":\"https:\\\/\\\/guessousmajdamaria.hu\\\/#website\",\"url\":\"https:\\\/\\\/guessousmajdamaria.hu\\\/\",\"name\":\"Guessous Majda M\u00e1ria\",\"description\":\"Egy \u00fajabb WordPress honlap\",\"potentialAction\":[{\"@type\":\"SearchAction\",\"target\":{\"@type\":\"EntryPoint\",\"urlTemplate\":\"https:\\\/\\\/guessousmajdamaria.hu\\\/?s={search_term_string}\"},\"query-input\":{\"@type\":\"PropertyValueSpecification\",\"valueRequired\":true,\"valueName\":\"search_term_string\"}}],\"inLanguage\":\"en-US\"}]}<\/script>\n<!-- \/ Yoast SEO Premium plugin. -->","yoast_head_json":{"title":"Pictures - Guessous Majda M\u00e1ria","robots":{"index":"index","follow":"follow","max-snippet":"max-snippet:-1","max-image-preview":"max-image-preview:large","max-video-preview":"max-video-preview:-1"},"canonical":"https:\/\/guessousmajdamaria.hu\/kepek\/","og_locale":"en_US","og_type":"article","og_title":"[:hu]K\u00e9pek - Guessous Majda M\u00e1ria[:en]Pictures - Guessous Majda M\u00e1ria[:]","og_description":"Sorry, this entry is only available in Magyar and Turkish.","og_url":"https:\/\/guessousmajdamaria.hu\/kepek\/","og_site_name":"Guessous Majda M\u00e1ria","article_modified_time":"2026-02-22T09:50:31+00:00","twitter_card":"summary_large_image","schema":{"@context":"https:\/\/schema.org","@graph":[{"@type":"WebPage","@id":"https:\/\/guessousmajdamaria.hu\/kepek\/","url":"https:\/\/guessousmajdamaria.hu\/kepek\/","name":"[:hu]K\u00e9pek - Guessous Majda M\u00e1ria[:en]Pictures - Guessous Majda M\u00e1ria[:]","isPartOf":{"@id":"https:\/\/guessousmajdamaria.hu\/#website"},"datePublished":"2014-02-18T13:58:33+00:00","dateModified":"2026-02-22T09:50:31+00:00","inLanguage":"en-US","potentialAction":[{"@type":"ReadAction","target":["https:\/\/guessousmajdamaria.hu\/kepek\/"]}]},{"@type":"WebSite","@id":"https:\/\/guessousmajdamaria.hu\/#website","url":"https:\/\/guessousmajdamaria.hu\/","name":"Guessous Majda M\u00e1ria","description":"Egy \u00fajabb WordPress honlap","potentialAction":[{"@type":"SearchAction","target":{"@type":"EntryPoint","urlTemplate":"https:\/\/guessousmajdamaria.hu\/?s={search_term_string}"},"query-input":{"@type":"PropertyValueSpecification","valueRequired":true,"valueName":"search_term_string"}}],"inLanguage":"en-US"}]}},"_links":{"self":[{"href":"https:\/\/guessousmajdamaria.hu\/en\/wp-json\/wp\/v2\/pages\/174","targetHints":{"allow":["GET"]}}],"collection":[{"href":"https:\/\/guessousmajdamaria.hu\/en\/wp-json\/wp\/v2\/pages"}],"about":[{"href":"https:\/\/guessousmajdamaria.hu\/en\/wp-json\/wp\/v2\/types\/page"}],"author":[{"embeddable":true,"href":"https:\/\/guessousmajdamaria.hu\/en\/wp-json\/wp\/v2\/users\/2"}],"replies":[{"embeddable":true,"href":"https:\/\/guessousmajdamaria.hu\/en\/wp-json\/wp\/v2\/comments?post=174"}],"version-history":[{"count":2,"href":"https:\/\/guessousmajdamaria.hu\/en\/wp-json\/wp\/v2\/pages\/174\/revisions"}],"predecessor-version":[{"id":3903,"href":"https:\/\/guessousmajdamaria.hu\/en\/wp-json\/wp\/v2\/pages\/174\/revisions\/3903"}],"wp:attachment":[{"href":"https:\/\/guessousmajdamaria.hu\/en\/wp-json\/wp\/v2\/media?parent=174"}],"curies":[{"name":"wp","href":"https:\/\/api.w.org\/{rel}","templated":true}]}}