{"id":116,"date":"2014-02-16T20:05:27","date_gmt":"2014-02-16T19:05:27","guid":{"rendered":"https:\/\/guessousmajdamaria.hu\/?page_id=116"},"modified":"2026-03-09T11:34:36","modified_gmt":"2026-03-09T10:34:36","slug":"formaciok","status":"publish","type":"page","link":"https:\/\/guessousmajdamaria.hu\/en\/","title":{"rendered":"Bands"},"content":{"rendered":"<p><\/p>\n<p><span style=\"font-weight: 400;\">People. Destinies. Cultures. Whether it&#8217;s folk songs or my own compositions, my songs are meant to build bridges between seemingly distant worlds and different human destinies.<\/span><\/p>\n<p><span style=\"font-weight: 400;\">&#8220;I always draw strength from the fruit of your work. I listen to your music every day and it recharges me in my everyday life.&#8221; (H.M.) <\/span><\/p>\n<p><a class=\"BelsoGomb szelesebbGomb balra\" title=\"\" href=\"https:\/\/www.youtube.com\/channel\/UClw0l3L19rNZHFeFSTaf8gQ\" target=\"_blank\" rel=\"noopener\">YouTube Channel<\/a><\/p>\n<p>&nbsp;<\/p>\n<h2>ABOUT MY PRODUCTIONS<\/h2>\n<p><span style=\"font-weight: 400;\">The productions are performed either as album launch concerts or as sets curated for specific events. The members and size of the ensemble, as well as the duration of the performance, always depend on the particular engagement. My fellow musicians and I also enjoy visiting social institutions: we have performed at events organized by the Hungarian Maltese Charity Service, Cseppk\u0151 Children&#8217;s Home, the &#8220;Pet\u0151 Institute&#8221;, and G\u00e1lfi B\u00e9la Hospital.<\/span><\/p>\n<p>&nbsp;<\/p>\n<h2>MY REGULAR FELLOW MUSICIANS<\/h2>\n<ul>\n<li><span style=\"font-weight: 400;\">Arif Erdem Ocak<\/span><\/li>\n<li><span style=\"font-weight: 400;\">Barvich Iv\u00e1n<\/span><\/li>\n<li><span style=\"font-weight: 400;\">Boros Gerzson D\u00e1vid<\/span><\/li>\n<li><span style=\"font-weight: 400;\">Kert\u00e9sz \u00c1kos<\/span><\/li>\n<li><span style=\"font-weight: 400;\">Marouan Benabdallah<\/span><\/li>\n<li><span style=\"font-weight: 400;\">M\u00e1th\u00e9 L\u00e1szl\u00f3<\/span><\/li>\n<li><span style=\"font-weight: 400;\">\u00d6lvedi G\u00e1bor<\/span><\/li>\n<li><span style=\"font-weight: 400;\">Said Tichiti<\/span><\/li>\n<li><span style=\"font-weight: 400;\">Smuk Tam\u00e1s<\/span><\/li>\n<li><span style=\"font-weight: 400;\">Szlama L\u00e1szl\u00f3<\/span><\/li>\n<li><span style=\"font-weight: 400;\">T\u00f3th Szabi<\/span><\/li>\n<\/ul>\n<h2>MY ALBUMS<\/h2>\n<div class=\"product-galeria\">\n    <a href=\"https:\/\/guessousmajdamaria.hu\/album\/tolem-neked-2022\/\"><br \/>\n        <img loading=\"lazy\" decoding=\"async\" width=\"700\" height=\"618\" class=\"wp-image-3437\" src=\"https:\/\/guessousmajdamaria.hu\/wp-content\/uploads\/2022\/10\/311116844_542898207844314_1949232518207564903_n-700x618.jpg\" alt=\"\" srcset=\"https:\/\/guessousmajdamaria.hu\/wp-content\/uploads\/2022\/10\/311116844_542898207844314_1949232518207564903_n-700x618.jpg 700w, https:\/\/guessousmajdamaria.hu\/wp-content\/uploads\/2022\/10\/311116844_542898207844314_1949232518207564903_n-250x221.jpg 250w, https:\/\/guessousmajdamaria.hu\/wp-content\/uploads\/2022\/10\/311116844_542898207844314_1949232518207564903_n-768x678.jpg 768w, https:\/\/guessousmajdamaria.hu\/wp-content\/uploads\/2022\/10\/311116844_542898207844314_1949232518207564903_n.jpg 829w\" sizes=\"auto, (max-width: 700px) 100vw, 700px\" \/><br \/>\n    <\/a><br \/>\n    <a href=\"https:\/\/guessousmajdamaria.hu\/album\/atvaltozas-2020\/\"><br \/>\n        <img loading=\"lazy\" decoding=\"async\" width=\"400\" height=\"400\" class=\"wp-image-3384\" src=\"https:\/\/guessousmajdamaria.hu\/wp-content\/uploads\/2014\/02\/atvaltozas.jpg\" alt=\"Metamorphosis\" srcset=\"https:\/\/guessousmajdamaria.hu\/wp-content\/uploads\/2014\/02\/atvaltozas.jpg 400w, https:\/\/guessousmajdamaria.hu\/wp-content\/uploads\/2014\/02\/atvaltozas-250x250.jpg 250w, https:\/\/guessousmajdamaria.hu\/wp-content\/uploads\/2014\/02\/atvaltozas-150x150.jpg 150w, https:\/\/guessousmajdamaria.hu\/wp-content\/uploads\/2014\/02\/atvaltozas-120x120.jpg 120w, https:\/\/guessousmajdamaria.hu\/wp-content\/uploads\/2014\/02\/atvaltozas-100x100.jpg 100w, https:\/\/guessousmajdamaria.hu\/wp-content\/uploads\/2014\/02\/atvaltozas-300x300.jpg 300w\" sizes=\"auto, (max-width: 400px) 100vw, 400px\" \/><br \/>\n    <\/a><br \/>\n    <a href=\"https:\/\/guessousmajdamaria.hu\/album\/oromes-2013\/\"><br \/>\n        <img loading=\"lazy\" decoding=\"async\" width=\"500\" height=\"500\" class=\"wp-image-3325\" src=\"https:\/\/guessousmajdamaria.hu\/wp-content\/uploads\/2022\/10\/3630.jpg\" alt=\"JoyMes (2013)\" srcset=\"https:\/\/guessousmajdamaria.hu\/wp-content\/uploads\/2022\/10\/3630.jpg 500w, https:\/\/guessousmajdamaria.hu\/wp-content\/uploads\/2022\/10\/3630-250x250.jpg 250w, https:\/\/guessousmajdamaria.hu\/wp-content\/uploads\/2022\/10\/3630-150x150.jpg 150w, https:\/\/guessousmajdamaria.hu\/wp-content\/uploads\/2022\/10\/3630-120x120.jpg 120w, https:\/\/guessousmajdamaria.hu\/wp-content\/uploads\/2022\/10\/3630-100x100.jpg 100w, https:\/\/guessousmajdamaria.hu\/wp-content\/uploads\/2022\/10\/3630-300x300.jpg 300w\" sizes=\"auto, (max-width: 500px) 100vw, 500px\" \/><br \/>\n    <\/a><br \/>\n    <a href=\"https:\/\/guessousmajdamaria.hu\/album\/szivarvanyhid-2011\/\"><br \/>\n        <img loading=\"lazy\" decoding=\"async\" width=\"470\" height=\"477\" class=\"wp-image-3327\" src=\"https:\/\/guessousmajdamaria.hu\/wp-content\/uploads\/2022\/10\/deb45d333d0414ba3de42155789fdb4a_L.jpg\" alt=\"\" srcset=\"https:\/\/guessousmajdamaria.hu\/wp-content\/uploads\/2022\/10\/deb45d333d0414ba3de42155789fdb4a_L.jpg 470w, https:\/\/guessousmajdamaria.hu\/wp-content\/uploads\/2022\/10\/deb45d333d0414ba3de42155789fdb4a_L-250x254.jpg 250w, https:\/\/guessousmajdamaria.hu\/wp-content\/uploads\/2022\/10\/deb45d333d0414ba3de42155789fdb4a_L-100x100.jpg 100w\" sizes=\"auto, (max-width: 470px) 100vw, 470px\" \/><br \/>\n    <\/a>\n<\/div>\n<div class=\"wp-block-spacer\" style=\"height: 20px;\" aria-hidden=\"true\"> <\/div>\n<p>An example of a concert where we curated the programme from material from several albums. An excerpt from my production called &#8220;Bridge&#8221; (H\u00edd) on one of the main stages of the Dubai World Expo:<\/p>\n<div class=\"video-container\"><iframe title=\"YouTube video player\" src=\"https:\/\/www.youtube.com\/embed\/hXcZ0DFesDw\" frameborder=\"0\" allowfullscreen=\"allowfullscreen\"><\/iframe><\/div>\n<p><\/p>","protected":false},"excerpt":{"rendered":"People. Destinies. Cultures. Whether it&#8217;s folk songs or my own compositions, my songs are meant to build bridges between seemingly distant worlds and different human destinies. &#8220;I always draw strength from the fruit of your work. I listen to your music every day and it recharges me in my everyday life.&#8221; (H.M.) YouTube Channel &nbsp;&#8230; <a class=\"view-article\" href=\"https:\/\/guessousmajdamaria.hu\/en\/\">View Article<\/a>","protected":false},"author":2,"featured_media":0,"parent":0,"menu_order":17,"comment_status":"closed","ping_status":"closed","template":"","meta":{"_acf_changed":false,"footnotes":""},"class_list":["post-116","page","type-page","status-publish","hentry"],"acf":[],"yoast_head":"<!-- This site is optimized with the Yoast SEO Premium plugin v27.3 (Yoast SEO v27.3) - https:\/\/yoast.com\/product\/yoast-seo-premium-wordpress\/ -->\n<title>Produkci\u00f3k - Guessous Majda M\u00e1ria<\/title>\n<meta name=\"robots\" content=\"index, follow, max-snippet:-1, max-image-preview:large, max-video-preview:-1\" \/>\n<link rel=\"canonical\" href=\"https:\/\/guessousmajdamaria.hu\/\" \/>\n<meta property=\"og:locale\" content=\"en_US\" \/>\n<meta property=\"og:type\" content=\"article\" \/>\n<meta property=\"og:title\" content=\"Produkci\u00f3k - Guessous Majda M\u00e1ria\" \/>\n<meta property=\"og:description\" content=\"People. Destinies. Cultures. Whether it&#8217;s folk songs or my own compositions, my songs are meant to build bridges between seemingly distant worlds and different human destinies. &#8220;I always draw strength from the fruit of your work. I listen to your music every day and it recharges me in my everyday life.&#8221; (H.M.) YouTube Channel &nbsp;... View Article\" \/>\n<meta property=\"og:url\" content=\"https:\/\/guessousmajdamaria.hu\/\" \/>\n<meta property=\"og:site_name\" content=\"Guessous Majda M\u00e1ria\" \/>\n<meta property=\"article:modified_time\" content=\"2026-03-09T10:34:36+00:00\" \/>\n<meta property=\"og:image\" content=\"https:\/\/guessousmajdamaria.hu\/wp-content\/uploads\/2022\/10\/311116844_542898207844314_1949232518207564903_n.jpg\" \/>\n\t<meta property=\"og:image:width\" content=\"829\" \/>\n\t<meta property=\"og:image:height\" content=\"732\" \/>\n\t<meta property=\"og:image:type\" content=\"image\/jpeg\" \/>\n<meta name=\"twitter:card\" content=\"summary_large_image\" \/>\n<meta name=\"twitter:label1\" content=\"Est. reading time\" \/>\n\t<meta name=\"twitter:data1\" content=\"2 minutes\" \/>\n<script type=\"application\/ld+json\" class=\"yoast-schema-graph\">{\"@context\":\"https:\\\/\\\/schema.org\",\"@graph\":[{\"@type\":\"WebPage\",\"@id\":\"https:\\\/\\\/guessousmajdamaria.hu\\\/\",\"url\":\"https:\\\/\\\/guessousmajdamaria.hu\\\/\",\"name\":\"Produkci\u00f3k - Guessous Majda M\u00e1ria\",\"isPartOf\":{\"@id\":\"https:\\\/\\\/guessousmajdamaria.hu\\\/#website\"},\"primaryImageOfPage\":{\"@id\":\"https:\\\/\\\/guessousmajdamaria.hu\\\/#primaryimage\"},\"image\":{\"@id\":\"https:\\\/\\\/guessousmajdamaria.hu\\\/#primaryimage\"},\"thumbnailUrl\":\"https:\\\/\\\/guessousmajdamaria.hu\\\/wp-content\\\/uploads\\\/2022\\\/10\\\/311116844_542898207844314_1949232518207564903_n-700x618.jpg\",\"datePublished\":\"2014-02-16T19:05:27+00:00\",\"dateModified\":\"2026-03-09T10:34:36+00:00\",\"inLanguage\":\"en-US\",\"potentialAction\":[{\"@type\":\"ReadAction\",\"target\":[\"https:\\\/\\\/guessousmajdamaria.hu\\\/\"]}]},{\"@type\":\"ImageObject\",\"inLanguage\":\"en-US\",\"@id\":\"https:\\\/\\\/guessousmajdamaria.hu\\\/#primaryimage\",\"url\":\"https:\\\/\\\/guessousmajdamaria.hu\\\/wp-content\\\/uploads\\\/2022\\\/10\\\/311116844_542898207844314_1949232518207564903_n-700x618.jpg\",\"contentUrl\":\"https:\\\/\\\/guessousmajdamaria.hu\\\/wp-content\\\/uploads\\\/2022\\\/10\\\/311116844_542898207844314_1949232518207564903_n-700x618.jpg\"},{\"@type\":\"WebSite\",\"@id\":\"https:\\\/\\\/guessousmajdamaria.hu\\\/#website\",\"url\":\"https:\\\/\\\/guessousmajdamaria.hu\\\/\",\"name\":\"Guessous Majda M\u00e1ria\",\"description\":\"Egy \u00fajabb WordPress honlap\",\"potentialAction\":[{\"@type\":\"SearchAction\",\"target\":{\"@type\":\"EntryPoint\",\"urlTemplate\":\"https:\\\/\\\/guessousmajdamaria.hu\\\/?s={search_term_string}\"},\"query-input\":{\"@type\":\"PropertyValueSpecification\",\"valueRequired\":true,\"valueName\":\"search_term_string\"}}],\"inLanguage\":\"en-US\"}]}<\/script>\n<!-- \/ Yoast SEO Premium plugin. -->","yoast_head_json":{"title":"Produkci\u00f3k - Guessous Majda M\u00e1ria","robots":{"index":"index","follow":"follow","max-snippet":"max-snippet:-1","max-image-preview":"max-image-preview:large","max-video-preview":"max-video-preview:-1"},"canonical":"https:\/\/guessousmajdamaria.hu\/","og_locale":"en_US","og_type":"article","og_title":"Produkci\u00f3k - Guessous Majda M\u00e1ria","og_description":"People. Destinies. Cultures. Whether it&#8217;s folk songs or my own compositions, my songs are meant to build bridges between seemingly distant worlds and different human destinies. &#8220;I always draw strength from the fruit of your work. I listen to your music every day and it recharges me in my everyday life.&#8221; (H.M.) YouTube Channel &nbsp;... View Article","og_url":"https:\/\/guessousmajdamaria.hu\/","og_site_name":"Guessous Majda M\u00e1ria","article_modified_time":"2026-03-09T10:34:36+00:00","og_image":[{"width":829,"height":732,"url":"https:\/\/guessousmajdamaria.hu\/wp-content\/uploads\/2022\/10\/311116844_542898207844314_1949232518207564903_n.jpg","type":"image\/jpeg"}],"twitter_card":"summary_large_image","twitter_misc":{"Est. reading time":"2 minutes"},"schema":{"@context":"https:\/\/schema.org","@graph":[{"@type":"WebPage","@id":"https:\/\/guessousmajdamaria.hu\/","url":"https:\/\/guessousmajdamaria.hu\/","name":"Produkci\u00f3k - Guessous Majda M\u00e1ria","isPartOf":{"@id":"https:\/\/guessousmajdamaria.hu\/#website"},"primaryImageOfPage":{"@id":"https:\/\/guessousmajdamaria.hu\/#primaryimage"},"image":{"@id":"https:\/\/guessousmajdamaria.hu\/#primaryimage"},"thumbnailUrl":"https:\/\/guessousmajdamaria.hu\/wp-content\/uploads\/2022\/10\/311116844_542898207844314_1949232518207564903_n-700x618.jpg","datePublished":"2014-02-16T19:05:27+00:00","dateModified":"2026-03-09T10:34:36+00:00","inLanguage":"en-US","potentialAction":[{"@type":"ReadAction","target":["https:\/\/guessousmajdamaria.hu\/"]}]},{"@type":"ImageObject","inLanguage":"en-US","@id":"https:\/\/guessousmajdamaria.hu\/#primaryimage","url":"https:\/\/guessousmajdamaria.hu\/wp-content\/uploads\/2022\/10\/311116844_542898207844314_1949232518207564903_n-700x618.jpg","contentUrl":"https:\/\/guessousmajdamaria.hu\/wp-content\/uploads\/2022\/10\/311116844_542898207844314_1949232518207564903_n-700x618.jpg"},{"@type":"WebSite","@id":"https:\/\/guessousmajdamaria.hu\/#website","url":"https:\/\/guessousmajdamaria.hu\/","name":"Guessous Majda M\u00e1ria","description":"Egy \u00fajabb WordPress honlap","potentialAction":[{"@type":"SearchAction","target":{"@type":"EntryPoint","urlTemplate":"https:\/\/guessousmajdamaria.hu\/?s={search_term_string}"},"query-input":{"@type":"PropertyValueSpecification","valueRequired":true,"valueName":"search_term_string"}}],"inLanguage":"en-US"}]}},"_links":{"self":[{"href":"https:\/\/guessousmajdamaria.hu\/en\/wp-json\/wp\/v2\/pages\/116","targetHints":{"allow":["GET"]}}],"collection":[{"href":"https:\/\/guessousmajdamaria.hu\/en\/wp-json\/wp\/v2\/pages"}],"about":[{"href":"https:\/\/guessousmajdamaria.hu\/en\/wp-json\/wp\/v2\/types\/page"}],"author":[{"embeddable":true,"href":"https:\/\/guessousmajdamaria.hu\/en\/wp-json\/wp\/v2\/users\/2"}],"replies":[{"embeddable":true,"href":"https:\/\/guessousmajdamaria.hu\/en\/wp-json\/wp\/v2\/comments?post=116"}],"version-history":[{"count":11,"href":"https:\/\/guessousmajdamaria.hu\/en\/wp-json\/wp\/v2\/pages\/116\/revisions"}],"predecessor-version":[{"id":5155,"href":"https:\/\/guessousmajdamaria.hu\/en\/wp-json\/wp\/v2\/pages\/116\/revisions\/5155"}],"wp:attachment":[{"href":"https:\/\/guessousmajdamaria.hu\/en\/wp-json\/wp\/v2\/media?parent=116"}],"curies":[{"name":"wp","href":"https:\/\/api.w.org\/{rel}","templated":true}]}}